{"id":11714,"date":"2025-09-12T16:28:34","date_gmt":"2025-09-12T14:28:34","guid":{"rendered":"https:\/\/ces.gob.gt\/?page_id=11714"},"modified":"2025-09-12T16:30:14","modified_gmt":"2025-09-12T14:30:14","slug":"opiniones","status":"publish","type":"page","link":"https:\/\/ces.gob.gt\/index.php\/opiniones\/","title":{"rendered":"Opiniones"},"content":{"rendered":"\t\t<div data-elementor-type=\"wp-page\" data-elementor-id=\"11714\" class=\"elementor elementor-11714\" data-elementor-post-type=\"page\">\n\t\t\t\t\t\t<section class=\"elementor-section elementor-top-section elementor-element elementor-element-0f17280 elementor-section-stretched elementor-section-content-middle elementor-section-boxed elementor-section-height-default elementor-section-height-default\" data-id=\"0f17280\" data-element_type=\"section\" data-settings=\"{&quot;stretch_section&quot;:&quot;section-stretched&quot;}\">\n\t\t\t\t\t\t<div class=\"elementor-container elementor-column-gap-default\">\n\t\t\t\t\t<div class=\"elementor-column elementor-col-100 elementor-top-column elementor-element elementor-element-332ba42\" data-id=\"332ba42\" data-element_type=\"column\">\n\t\t\t<div class=\"elementor-widget-wrap elementor-element-populated\">\n\t\t\t\t\t\t<section class=\"elementor-section elementor-inner-section elementor-element elementor-element-92a7f53 elementor-section-boxed elementor-section-height-default elementor-section-height-default\" data-id=\"92a7f53\" data-element_type=\"section\">\n\t\t\t\t\t\t<div class=\"elementor-container elementor-column-gap-default\">\n\t\t\t\t\t<div class=\"elementor-column elementor-col-100 elementor-inner-column elementor-element elementor-element-cba7dad\" data-id=\"cba7dad\" data-element_type=\"column\">\n\t\t\t<div class=\"elementor-widget-wrap elementor-element-populated\">\n\t\t\t\t\t\t<div class=\"elementor-element elementor-element-6e75866 elementor-widget elementor-widget-back-core-heading\" data-id=\"6e75866\" data-element_type=\"widget\" data-widget_type=\"back-core-heading.default\">\n\t\t\t\t<div class=\"elementor-widget-container\">\n\t\t\t\t\t        <div class=\"back-heading default center \">\r\n            <div class=\"title-inner\">        \t\t      \t\t\r\n\t            <span class=\"sub-text \">Consejo Econ\u00f3mico Social de Guatemala<\/span><h2 class=\"title\"><span class=\"watermark\"><\/span>Opiniones<\/h2>\t        <\/div>\r\n\t                <\/div>\r\n\r\n        \t\t\t\t<\/div>\n\t\t\t\t<\/div>\n\t\t\t\t<div class=\"elementor-element elementor-element-a24e9c8 elementor-widget elementor-widget-shortcode\" data-id=\"a24e9c8\" data-element_type=\"widget\" data-widget_type=\"shortcode.default\">\n\t\t\t\t<div class=\"elementor-widget-container\">\n\t\t\t\t\t\t\t<div class=\"elementor-shortcode\">\n<table id=\"tablepress-1\" class=\"tablepress tablepress-id-1\">\n<thead>\n<tr class=\"row-1\">\n\t<th class=\"column-1\">Tema y descripci\u00f3n<\/th><th class=\"column-2\">Fecha publicaci\u00f3n<\/th><th class=\"column-3\">DESCARGAS<\/th>\n<\/tr>\n<\/thead>\n<tbody class=\"row-striping row-hover\">\n<tr class=\"row-2\">\n\t<td class=\"column-1\">Pronunciamiento del CES respecto a los impactos econ\u00f3micos y sociales nacionales <\/td><td class=\"column-2\">28 de marzo de 2022<\/td><td class=\"column-3\"><a href=\"http:\/\/ces.gob.gt\/wp-content\/uploads\/2022\/03\/Comunicado-CES_marzo-2022_page-0001.jpg\" rel=\"noopener\" target=\"_blank\">DESCARGAR<\/a><\/td>\n<\/tr>\n<tr class=\"row-3\">\n\t<td class=\"column-1\">Pronunciamiento del CES ante el inicio del ciclo escolar 2022, en el cual recomienda que el retorno gradual a clases presenciales sea propicio para impulsar una campa\u00f1a de vacunaci\u00f3n conjunta entre el Ministerio de Educaci\u00f3n y el Ministerio de Salud P\u00fablica y Asistencia Social, dirigida especialmente a la comunidad educativa con \u00e9nfasis en el segmento poblacional de menores de 12 a\u00f1os.<\/td><td class=\"column-2\">17 de enero de 2022<\/td><td class=\"column-3\"><a href=\"http:\/\/ces.gob.gt\/wp-content\/uploads\/2022\/01\/8b020b47-591f-4b5e-9548-b98a46ca4c05.jpg\">DESCARGAR<\/a><\/td>\n<\/tr>\n<tr class=\"row-4\">\n\t<td class=\"column-1\">Pronunciamiento del CES ante la impostergable necesidad de un di\u00e1logo social ampliado, que gire en torno a la definici\u00f3n, dise\u00f1o y puesta en pr\u00e1ctica de pol\u00edticas p\u00fablicas que promuevan la Reforma Funcional del Estado sugerida en el Plan de Reactivaci\u00f3n Econ\u00f3mica y Social (PRES) que nos permita a alcanzar la Guatemala que todos queremos.<\/td><td class=\"column-2\">25 de octubre de 2021<\/td><td class=\"column-3\"><a href=\"http:\/\/ces.gob.gt\/wp-content\/uploads\/2021\/10\/Comunicado-Dia\u0301logo-social-ampliado-octubre-1.jpeg\">DESCARGAR<\/a><\/td>\n<\/tr>\n<tr class=\"row-5\">\n\t<td class=\"column-1\">Pronunciamiento del CES ante la coyuntura de salud, pol\u00edtica, econ\u00f3mica y social por la que atraviesa el pa\u00eds, asimismo exhorta a superar la crisis mediante la Reforma Funcional del Estado establecida en el Plan de Reactivaci\u00f3n Econ\u00f3mica y Social (PRES).<\/td><td class=\"column-2\">20 de agosto de 2021<\/td><td class=\"column-3\"><a href=\"http:\/\/ces.gob.gt\/wp-content\/uploads\/2021\/10\/Comunicado-dia\u0301logo-agosto-scaled.jpg\">DESCARGAR<\/a><\/td>\n<\/tr>\n<tr class=\"row-6\">\n\t<td class=\"column-1\">Recomendaciones del CES al Organismo Ejecutivo ante la proximidad del nombramiento del miembro titular y suplente que lo representar\u00e1 ante la Junta Directiva del Instituto Guatemalteco de Seguridad Social -IGSS-. <\/td><td class=\"column-2\">21 de mayo de 2021<\/td><td class=\"column-3\"><a href=\"http:\/\/ces.gob.gt\/wp-content\/uploads\/2021\/10\/comunicado-representante-igss-mayo.jpeg\">DESCARGAR<\/a><\/td>\n<\/tr>\n<tr class=\"row-7\">\n\t<td class=\"column-1\">Recomendaciones del Consejo Econ\u00f3mico y Social de Guatemala (CES) como \u00f3rgano consultivo del Estado, ante la ejecuci\u00f3n de Presupuesto General de Ingresos y Egresos de la Naci\u00f3n para el Ejercicio Fiscal 2021 y sus modificaciones.<\/td><td class=\"column-2\">10 de mayo de 2021<\/td><td class=\"column-3\"><a href=\"https:\/\/ces.gob.gt\/wp-content\/uploads\/2021\/05\/Mayo2021.jpg\">DESCARGAR<\/a><\/td>\n<\/tr>\n<tr class=\"row-8\">\n\t<td class=\"column-1\">Recomendaciones del Consejo Econ\u00f3mico y Social -CES- en su calidad de \u00f3rgano consultivo de los organismos del Estado, basado en la pr\u00e1ctica del di\u00e1logo social permanente entre los sectores productivos del pa\u00eds. <\/td><td class=\"column-2\">30 de noviembre de 2020<\/td><td class=\"column-3\"><a href=\"https:\/\/ces.gob.gt\/wp-content\/uploads\/2020\/11\/CEScomunicado.jpg\">DESCARGA<\/a><\/td>\n<\/tr>\n<tr class=\"row-9\">\n\t<td class=\"column-1\">El Consejo Econ\u00f3mico y Social de Guatemala ante el evento electoral del 11 de agosto de 2019 expresa su reconocimiento a las Juntas Electorales, recomienda al TSE cumplir con sus atribuciones de acuerdo con su marco legal e insta a la ciudadan\u00eda al ejercicio responsable del voto.<\/td><td class=\"column-2\">18 de julio de 2019<\/td><td class=\"column-3\"><a href=\"https:\/\/ces.gob.gt\/wp-content\/uploads\/2019\/07\/ARTE-COMUNICADO-CIVICO-062019.FINAL_.jpg\">DESCARGA<\/a><br \/>\n<\/td>\n<\/tr>\n<tr class=\"row-10\">\n\t<td class=\"column-1\">El Consejo Econ\u00f3mico y Social de Guatemala en su calidad de \u00f3rgano consultivo de los organismos del Estado, ante el evento electoral del 16 de junio, exhorta a la ciudadan\u00eda y a los miembros de los sectores productivos del pa\u00eds al ejercicio responsable del voto.<\/td><td class=\"column-2\">10 de junio 2019<\/td><td class=\"column-3\"><a href=\"https:\/\/ces.gob.gt\/wp-content\/uploads\/2019\/06\/10-6-2019.jpg\">DESCARGA<\/a><\/td>\n<\/tr>\n<tr class=\"row-11\">\n\t<td class=\"column-1\">El Consejo Econ\u00f3mico y Social de Guatemala (CES) como \u00f3rgano consultivo del Estado, aconseja al Organismo Ejecutivo y al Congreso de la Rep\u00fablica de Guatemala den prioridad a la Agenda Social con sentido de urgencia.<\/td><td class=\"column-2\">3 de junio del 2019<\/td><td class=\"column-3\"><a href=\"https:\/\/ces.gob.gt\/wp-content\/uploads\/2019\/06\/1-6.jpg\">DESCARGA<\/a><\/td>\n<\/tr>\n<tr class=\"row-12\">\n\t<td class=\"column-1\">El Consejo Econ\u00f3mico y Social de Guatemala recomienda al Congreso de la Rep\u00fablica priorizar con sentido de urgencia la Agenda Econ\u00f3mica.<\/td><td class=\"column-2\">27 de mayo del 2019<\/td><td class=\"column-3\"><a href=\"https:\/\/ces.gob.gt\/wp-content\/uploads\/2019\/06\/1-5.jpg\">DESCARGA<\/a><\/td>\n<\/tr>\n<tr class=\"row-13\">\n\t<td class=\"column-1\">El Consejo Econ\u00f3mico y Social de Guatemala (CES), recomienda mantener la unidad ante la situaci\u00f3n actual de pa\u00eds.<\/td><td class=\"column-2\">4 de febrero de 2019<\/td><td class=\"column-3\"><a href=\"http:\/\/ces.gob.gt\/wp-content\/uploads\/2019\/02\/CES-02.jpg\">DESCARGA<\/a><\/td>\n<\/tr>\n<tr class=\"row-14\">\n\t<td class=\"column-1\">Cambios en la administraci\u00f3n p\u00fablica para recuperar la confianza y credibilidad en las instituciones del Estado: El CES recomienda al Organismo Legislativo priorizar la reforma al sistema electoral y cambiar los procesos de compras y contrataciones, as\u00ed como del servicio civil. <\/td><td class=\"column-2\">10 de abril de 2018<\/td><td class=\"column-3\"><a href=\"http:\/\/ces.gob.gt\/wp-content\/uploads\/2019\/01\/01.jpg\">DESCARGA<\/a><\/td>\n<\/tr>\n<tr class=\"row-15\">\n\t<td class=\"column-1\">Derivado de las acciones en contra de la corrupci\u00f3n y la impunidad el CES hace un llamado a recuperar la confianza y credibilidad en las instituciones del Estado: propuesta para un proceso de di\u00e1logo para lograr una reforma del Estado. <\/td><td class=\"column-2\">5 de octubre de 2017<\/td><td class=\"column-3\"><a href=\"http:\/\/ces.gob.gt\/wp-content\/uploads\/2019\/01\/02.jpg\">DESCARGA<\/a><\/td>\n<\/tr>\n<tr class=\"row-16\">\n\t<td class=\"column-1\">Consideraciones acerca de la reforma constitucional iniciativa 5179<\/td><td class=\"column-2\">19 de noviembre de 2016<\/td><td class=\"column-3\"><a href=\"http:\/\/ces.gob.gt\/wp-content\/uploads\/2019\/01\/03.jpg\">DESCARGA<\/a><\/td>\n<\/tr>\n<tr class=\"row-17\">\n\t<td class=\"column-1\">Presupuesto General de Ingresos y Egresos del Estado: recomendaciones. <\/td><td class=\"column-2\">14 de noviembre de 2016<\/td><td class=\"column-3\"><a href=\"http:\/\/ces.gob.gt\/wp-content\/uploads\/2019\/01\/04.jpg\">DESCARGA<\/a><\/td>\n<\/tr>\n<tr class=\"row-18\">\n\t<td class=\"column-1\">Crisis paralizaci\u00f3n transporte pesado: El CES exhorta a todas las partes involucradas a establecer una mesa de di\u00e1logo y privilegiar el bienestar de la poblaci\u00f3n<\/td><td class=\"column-2\">2 de noviembre de 2016<\/td><td class=\"column-3\"><a href=\"http:\/\/ces.gob.gt\/wp-content\/uploads\/2019\/01\/05.jpg\">DESCARGA<\/a><\/td>\n<\/tr>\n<tr class=\"row-19\">\n\t<td class=\"column-1\">CES recomienda retomar di\u00e1logo para consensuar un pacto fiscal integral.<\/td><td class=\"column-2\">30 de agosto de 2016<\/td><td class=\"column-3\"><a href=\"http:\/\/ces.gob.gt\/wp-content\/uploads\/2019\/01\/06.jpg\">DESCARGA<\/a><\/td>\n<\/tr>\n<tr class=\"row-20\">\n\t<td class=\"column-1\">Modernizaci\u00f3n del Estado para que el Gobierno de Guatemala sea m\u00e1s \u00e1gil en la implementaci\u00f3n de las pol\u00edticas p\u00fablicas.<\/td><td class=\"column-2\">14 de marzo de 2016<\/td><td class=\"column-3\"><a href=\"http:\/\/ces.gob.gt\/wp-content\/uploads\/2019\/01\/07.jpg\">DESCARGA<\/a><\/td>\n<\/tr>\n<tr class=\"row-21\">\n\t<td class=\"column-1\">XII Censo Nacional de Poblaci\u00f3n y VII de Habitaci\u00f3n (2017): recomienda realizar censos para tener un sistema estad\u00edstico confiable.<\/td><td class=\"column-2\">29 de febrero de 2016<\/td><td class=\"column-3\"><a href=\"http:\/\/ces.gob.gt\/wp-content\/uploads\/2019\/01\/08.jpg\">DESCARGA<\/a><\/td>\n<\/tr>\n<tr class=\"row-22\">\n\t<td class=\"column-1\">Pacto fiscal: retomar di\u00e1logo para consensuar un pacto fiscal integral.<\/td><td class=\"column-2\">25 de febrero de 2016<\/td><td class=\"column-3\"><a href=\"http:\/\/ces.gob.gt\/wp-content\/uploads\/2019\/01\/09.jpg\">DESCARGA<\/a><\/td>\n<\/tr>\n<tr class=\"row-23\">\n\t<td class=\"column-1\">Crisis pol\u00edtica que evidencia la necesidad de emprender una profunda reforma del Estado: propuesta para el fortalecimiento institucional.<\/td><td class=\"column-2\">25 de mayo de 2015<\/td><td class=\"column-3\"><a href=\"http:\/\/ces.gob.gt\/wp-content\/uploads\/2019\/01\/10.jpg\">DESCARGA<\/a><\/td>\n<\/tr>\n<tr class=\"row-24\">\n\t<td class=\"column-1\">Pol\u00edtica Integrada de Comercio Exterior, compromisos ante OMC: adecuaci\u00f3n legislaci\u00f3n sobre Zonas Francas y Maquilas y acordar una estrategia integral para generaci\u00f3n de empleo decente en el pa\u00eds.<\/td><td class=\"column-2\">13 de abril de 2015<\/td><td class=\"column-3\"><a href=\"http:\/\/ces.gob.gt\/wp-content\/uploads\/2019\/01\/11.jpg\">DESCARGA<\/a><\/td>\n<\/tr>\n<tr class=\"row-25\">\n\t<td class=\"column-1\">Apoyo a la aprobaci\u00f3n del Presupuesto General de Ingresos y Egresos del Estado para el a\u00f1o 2015.<\/td><td class=\"column-2\">27 de noviembre de 2014<\/td><td class=\"column-3\"><a href=\"http:\/\/ces.gob.gt\/wp-content\/uploads\/2019\/01\/12.jpg\">DESCARGA<\/a><\/td>\n<\/tr>\n<tr class=\"row-26\">\n\t<td class=\"column-1\">Presupuesto General de Ingresos y Egresos del Estado para el a\u00f1o 2014: recomendaciones.<\/td><td class=\"column-2\">24 de octubre de 2013<\/td><td class=\"column-3\"><a href=\"http:\/\/ces.gob.gt\/wp-content\/uploads\/2019\/01\/13.jpg\">DESCARGA<\/a><\/td>\n<\/tr>\n<tr class=\"row-27\">\n\t<td class=\"column-1\">Estrategia para una educaci\u00f3n de calidad para la ni\u00f1ez y juventud guatemalteca: El CES reitera su apoyo a dicha estrategia y exhorta a los sectores nacionales a valorar las estrategias y pol\u00edticas que responden al bien com\u00fan. <\/td><td class=\"column-2\">29 de agosto de 2013<\/td><td class=\"column-3\"><a href=\"http:\/\/ces.gob.gt\/wp-content\/uploads\/2019\/01\/14.png\">DESCARGA<\/a><\/td>\n<\/tr>\n<tr class=\"row-28\">\n\t<td class=\"column-1\">Crisis ocasionada por la roya del caf\u00e9: solicitud de apoyo t\u00e9cnico y financiero para combatir la plaga.<\/td><td class=\"column-2\">7 de febrero de 2013<\/td><td class=\"column-3\"><a href=\"http:\/\/ces.gob.gt\/wp-content\/uploads\/2019\/01\/15.jpg\">DESCARGA<\/a><\/td>\n<\/tr>\n<\/tbody>\n<\/table>\n<!-- #tablepress-1 from cache --><\/div>\n\t\t\t\t\t\t<\/div>\n\t\t\t\t<\/div>\n\t\t\t\t\t<\/div>\n\t\t<\/div>\n\t\t\t\t\t<\/div>\n\t\t<\/section>\n\t\t\t\t\t<\/div>\n\t\t<\/div>\n\t\t\t\t\t<\/div>\n\t\t<\/section>\n\t\t\t\t<\/div>\n\t\t","protected":false},"excerpt":{"rendered":"<p>Consejo Econ\u00f3mico Social de Guatemala Opiniones<\/p>\n","protected":false},"author":1,"featured_media":0,"parent":0,"menu_order":0,"comment_status":"closed","ping_status":"closed","template":"elementor_header_footer","meta":{"footnotes":""},"class_list":["post-11714","page","type-page","status-publish","hentry"],"_links":{"self":[{"href":"https:\/\/ces.gob.gt\/index.php\/wp-json\/wp\/v2\/pages\/11714","targetHints":{"allow":["GET"]}}],"collection":[{"href":"https:\/\/ces.gob.gt\/index.php\/wp-json\/wp\/v2\/pages"}],"about":[{"href":"https:\/\/ces.gob.gt\/index.php\/wp-json\/wp\/v2\/types\/page"}],"author":[{"embeddable":true,"href":"https:\/\/ces.gob.gt\/index.php\/wp-json\/wp\/v2\/users\/1"}],"replies":[{"embeddable":true,"href":"https:\/\/ces.gob.gt\/index.php\/wp-json\/wp\/v2\/comments?post=11714"}],"version-history":[{"count":4,"href":"https:\/\/ces.gob.gt\/index.php\/wp-json\/wp\/v2\/pages\/11714\/revisions"}],"predecessor-version":[{"id":11718,"href":"https:\/\/ces.gob.gt\/index.php\/wp-json\/wp\/v2\/pages\/11714\/revisions\/11718"}],"wp:attachment":[{"href":"https:\/\/ces.gob.gt\/index.php\/wp-json\/wp\/v2\/media?parent=11714"}],"curies":[{"name":"wp","href":"https:\/\/api.w.org\/{rel}","templated":true}]}}