{"id":11732,"date":"2025-09-12T17:11:14","date_gmt":"2025-09-12T15:11:14","guid":{"rendered":"https:\/\/ces.gob.gt\/?page_id=11732"},"modified":"2025-09-12T17:20:20","modified_gmt":"2025-09-12T15:20:20","slug":"informes-del-consejo-economico-y-social-de-guatemala","status":"publish","type":"page","link":"https:\/\/ces.gob.gt\/index.php\/informes-del-consejo-economico-y-social-de-guatemala\/","title":{"rendered":"Informes del Consejo Econ\u00f3mico y Social de Guatemala"},"content":{"rendered":"\t\t<div data-elementor-type=\"wp-page\" data-elementor-id=\"11732\" class=\"elementor elementor-11732\" data-elementor-post-type=\"page\">\n\t\t\t\t\t\t<section class=\"elementor-section elementor-top-section elementor-element elementor-element-0f17280 elementor-section-stretched elementor-section-content-middle elementor-section-boxed elementor-section-height-default elementor-section-height-default\" data-id=\"0f17280\" data-element_type=\"section\" data-settings=\"{&quot;stretch_section&quot;:&quot;section-stretched&quot;}\">\n\t\t\t\t\t\t<div class=\"elementor-container elementor-column-gap-default\">\n\t\t\t\t\t<div class=\"elementor-column elementor-col-100 elementor-top-column elementor-element elementor-element-332ba42\" data-id=\"332ba42\" data-element_type=\"column\">\n\t\t\t<div class=\"elementor-widget-wrap elementor-element-populated\">\n\t\t\t\t\t\t<section class=\"elementor-section elementor-inner-section elementor-element elementor-element-92a7f53 elementor-section-boxed elementor-section-height-default elementor-section-height-default\" data-id=\"92a7f53\" data-element_type=\"section\">\n\t\t\t\t\t\t<div class=\"elementor-container elementor-column-gap-default\">\n\t\t\t\t\t<div class=\"elementor-column elementor-col-100 elementor-inner-column elementor-element elementor-element-cba7dad\" data-id=\"cba7dad\" data-element_type=\"column\">\n\t\t\t<div class=\"elementor-widget-wrap elementor-element-populated\">\n\t\t\t\t\t\t<div class=\"elementor-element elementor-element-6e75866 elementor-widget elementor-widget-back-core-heading\" data-id=\"6e75866\" data-element_type=\"widget\" data-widget_type=\"back-core-heading.default\">\n\t\t\t\t<div class=\"elementor-widget-container\">\n\t\t\t\t\t        <div class=\"back-heading default center \">\r\n            <div class=\"title-inner\">        \t\t      \t\t\r\n\t            <span class=\"sub-text \">Consejo Econ\u00f3mico Social de Guatemala<\/span><h2 class=\"title\"><span class=\"watermark\"><\/span>Informes del Consejo Econ\u00f3mico y\nSocial de Guatemala<\/h2>\t        <\/div>\r\n\t                <\/div>\r\n\r\n        \t\t\t\t<\/div>\n\t\t\t\t<\/div>\n\t\t\t\t<div class=\"elementor-element elementor-element-a24e9c8 elementor-widget elementor-widget-shortcode\" data-id=\"a24e9c8\" data-element_type=\"widget\" data-widget_type=\"shortcode.default\">\n\t\t\t\t<div class=\"elementor-widget-container\">\n\t\t\t\t\t\t\t<div class=\"elementor-shortcode\"><div id=\"footable_parent_11736\"\n         class=\" footable_parent ninja_table_wrapper loading_ninja_table wp_table_data_press_parent semantic_ui \">\n                <table data-ninja_table_instance=\"ninja_table_instance_0\" data-footable_id=\"11736\" data-filter-delay=\"1000\"            id=\"footable_11736\"\n           data-unique_identifier=\"ninja_table_unique_id_231926139_11736\"\n           class=\" foo-table ninja_footable foo_table_11736 ninja_table_unique_id_231926139_11736 ui table  ninja_search_right nt_type_legacy_table selectable striped vertical_centered  footable-paging-right ninja_table_pro\">\n                    <caption>Informes del Consejo Econ\u00f3mico y Social de Guatemala<\/caption>\n                <colgroup>\n                            <col class=\"ninja_column_0 \">\n                            <col class=\"ninja_column_1 \">\n                            <col class=\"ninja_column_2 \">\n                            <col class=\"ninja_column_3 \">\n                    <\/colgroup>\n        <thead>\n<tr class=\"footable-header\">\n                                                                        <th scope=\"col\"  class=\"ninja_column_0 ninja_clmn_nm_nombre \">No.<\/th><th scope=\"col\"  class=\"ninja_column_1 ninja_clmn_nm_informacion \">T\u00edtulo<\/th><th scope=\"col\"  class=\"ninja_column_2 ninja_clmn_nm_pais \">Fecha publicaci\u00f3n<\/th><th scope=\"col\"  class=\"ninja_column_3 ninja_clmn_nm_vinculo_descarga \">Descarga<\/th><\/tr>\n<\/thead>\n<tbody>\n\n        <tr data-row_id=\"11\" class=\"ninja_table_row_0 nt_row_id_11\">\n            <td>1<\/td><td>Memoria de Labores 2023<\/td><td>Mayo 2024<\/td><td><a href=\"http:\/\/ces.gob.gt\/wp-content\/uploads\/2025\/03\/MEMORIA-DE-LABORES-2023.pdf\">DESCARGA<\/a><\/td>        <\/tr>\n            <tr data-row_id=\"12\" class=\"ninja_table_row_1 nt_row_id_12\">\n            <td>2<\/td><td>Memoria de Labores 2022<\/td><td>septiembre 2023<\/td><td><a href=\"http:\/\/ces.gob.gt\/wp-content\/uploads\/2025\/03\/Memoria-de-labores-2022.pdf\">DESCARGA<\/a><\/td>        <\/tr>\n            <tr data-row_id=\"14\" class=\"ninja_table_row_2 nt_row_id_14\">\n            <td>3<\/td><td>Informe Guatemala \u00bfQu\u00e9 pa\u00eds queremos?<\/td><td>Noviembre 2021<\/td><td><a href=\"http:\/\/ces.gob.gt\/wp-content\/uploads\/2021\/11\/Guatemala-que-pais-queremos-web-1_compressed.pdf\">DESCARGAR<\/a><\/td>        <\/tr>\n            <tr data-row_id=\"13\" class=\"ninja_table_row_3 nt_row_id_13\">\n            <td>4<\/td><td>Memoria de Labores 2021<\/td><td>Noviembre 2022<\/td><td><a href=\"http:\/\/ces.gob.gt\/wp-content\/uploads\/2025\/03\/MEMORIA-DE-LABORES-2023.pdf\">DESCARGA<\/a><\/td>        <\/tr>\n            <tr data-row_id=\"9\" class=\"ninja_table_row_4 nt_row_id_9\">\n            <td>5<\/td><td>Informe Guatemala \u00bfQu\u00e9 pa\u00eds queremos?<\/td><td>Noviembre 2021<\/td><td><a href=\"http:\/\/ces.gob.gt\/wp-content\/uploads\/2021\/11\/Guatemala-que-pais-queremos-web-1_compressed.pdf\">DESCARGAR<\/a><\/td>        <\/tr>\n            <tr data-row_id=\"8\" class=\"ninja_table_row_5 nt_row_id_8\">\n            <td>6<\/td><td>Memoria de Labores 2020<\/td><td>Septiembre 2020<\/td><td><a href=\"http:\/\/ces.gob.gt\/wp-content\/uploads\/2021\/09\/MEMORIA-DE-LABORES-DEL-CES-2020-VK_compressed.pdf\">DESCARGAR<\/a><\/td>        <\/tr>\n            <tr data-row_id=\"10\" class=\"ninja_table_row_6 nt_row_id_10\">\n            <td>7<\/td><td>Memoria de Labores 2019<\/td><td>Septiembre 2019<\/td><td><a href=\"http:\/\/ces.gob.gt\/wp-content\/uploads\/2019\/11\/MEMORIA-DE-LABORES-FINAL-1.pdf\">DESCARGAR<\/a><\/td>        <\/tr>\n            <tr data-row_id=\"7\" class=\"ninja_table_row_7 nt_row_id_7\">\n            <td>8<\/td><td>Plan de Reactivaci\u00f3n Econ\u00f3mica y Social -PRES-<\/td><td>Febrero 2021<\/td><td><a href=\"http:\/\/ces.gob.gt\/wp-content\/uploads\/2023\/08\/CES-PRES-1.pdf\">DESCARGAR<\/a><\/td>        <\/tr>\n            <tr data-row_id=\"4\" class=\"ninja_table_row_8 nt_row_id_4\">\n            <td>9<\/td><td>Memoria de Labores CES 2018<\/td><td>Noviembre 2019<\/td><td><a href=\"https:\/\/ces.gob.gt\/wp-content\/uploads\/2019\/11\/MEMORIA-DE-LABORES-FINAL-1.pdf\">DESCARGAR<\/a><\/td>        <\/tr>\n            <tr data-row_id=\"1\" class=\"ninja_table_row_9 nt_row_id_1\">\n            <td>10<\/td><td>Memoria de labores CES 2017<\/td><td>2018<\/td><td><a href=\"https:\/\/ces.gob.gt\/wp-content\/uploads\/2019\/01\/MEMORIA-DE-LABORES.pdf\">DESCARGAR<\/a><\/td>        <\/tr>\n            <tr data-row_id=\"2\" class=\"ninja_table_row_10 nt_row_id_2\">\n            <td>11<\/td><td>Plan de Reactivaci\u00f3n Econ\u00f3mica<\/td><td>Octubre de 2017<\/td><td><a href=\"http:\/\/ces.gob.gt\/wp-content\/uploads\/2019\/02\/Documento-Reactivacio\u0301n-Econo\u0301mica-CES-2017.pdf\">DESCARGA<\/a><\/td>        <\/tr>\n            <tr data-row_id=\"3\" class=\"ninja_table_row_11 nt_row_id_3\">\n            <td>12<\/td><td>Informe de auditor\u00eda financiera: 01 de enero al 31 de diciembre 2017<\/td><td>Enero-Diciembre 2017<\/td><td><a href=\"https:\/\/ces.gob.gt\/wp-content\/uploads\/2019\/11\/informe-CGC-CES-2017.pdf\">DESCARGA<\/a><\/td>        <\/tr>\n            <tr data-row_id=\"5\" class=\"ninja_table_row_12 nt_row_id_5\">\n            <td>13<\/td><td>Memoria de labores CES 2016<\/td><td>2016<\/td><td>DESCARGA<\/td>        <\/tr>\n            <tr data-row_id=\"6\" class=\"ninja_table_row_13 nt_row_id_6\">\n            <td>14<\/td><td>Informe 2013-2014: El di\u00e1logo social y las pol\u00edticas p\u00fablicas en Guatemala<\/td><td>2013-2014<\/td><td><a href=\"http:\/\/ces.gob.gt\/wp-content\/uploads\/2019\/01\/final.pdf\">DESCARGA<\/a><\/td>        <\/tr>\n    <\/tbody><!--ninja_tobody_rendering_done-->\n    <\/table>\n    \n    \n    \n<\/div>\n<\/div>\n\t\t\t\t\t\t<\/div>\n\t\t\t\t<\/div>\n\t\t\t\t\t<\/div>\n\t\t<\/div>\n\t\t\t\t\t<\/div>\n\t\t<\/section>\n\t\t\t\t\t<\/div>\n\t\t<\/div>\n\t\t\t\t\t<\/div>\n\t\t<\/section>\n\t\t\t\t<\/div>\n\t\t","protected":false},"excerpt":{"rendered":"<p>Consejo Econ\u00f3mico Social de Guatemala Informes del Consejo Econ\u00f3mico y Social de Guatemala<\/p>\n","protected":false},"author":1,"featured_media":0,"parent":0,"menu_order":0,"comment_status":"closed","ping_status":"closed","template":"elementor_header_footer","meta":{"footnotes":""},"class_list":["post-11732","page","type-page","status-publish","hentry"],"_links":{"self":[{"href":"https:\/\/ces.gob.gt\/index.php\/wp-json\/wp\/v2\/pages\/11732","targetHints":{"allow":["GET"]}}],"collection":[{"href":"https:\/\/ces.gob.gt\/index.php\/wp-json\/wp\/v2\/pages"}],"about":[{"href":"https:\/\/ces.gob.gt\/index.php\/wp-json\/wp\/v2\/types\/page"}],"author":[{"embeddable":true,"href":"https:\/\/ces.gob.gt\/index.php\/wp-json\/wp\/v2\/users\/1"}],"replies":[{"embeddable":true,"href":"https:\/\/ces.gob.gt\/index.php\/wp-json\/wp\/v2\/comments?post=11732"}],"version-history":[{"count":4,"href":"https:\/\/ces.gob.gt\/index.php\/wp-json\/wp\/v2\/pages\/11732\/revisions"}],"predecessor-version":[{"id":11739,"href":"https:\/\/ces.gob.gt\/index.php\/wp-json\/wp\/v2\/pages\/11732\/revisions\/11739"}],"wp:attachment":[{"href":"https:\/\/ces.gob.gt\/index.php\/wp-json\/wp\/v2\/media?parent=11732"}],"curies":[{"name":"wp","href":"https:\/\/api.w.org\/{rel}","templated":true}]}}