{"id":11740,"date":"2025-09-12T17:32:24","date_gmt":"2025-09-12T15:32:24","guid":{"rendered":"https:\/\/ces.gob.gt\/?page_id=11740"},"modified":"2025-09-12T17:34:57","modified_gmt":"2025-09-12T15:34:57","slug":"documentos-tecnicos","status":"publish","type":"page","link":"https:\/\/ces.gob.gt\/index.php\/documentos-tecnicos\/","title":{"rendered":"Documentos T\u00e9cnicos"},"content":{"rendered":"\t\t<div data-elementor-type=\"wp-page\" data-elementor-id=\"11740\" class=\"elementor elementor-11740\" data-elementor-post-type=\"page\">\n\t\t\t\t\t\t<section class=\"elementor-section elementor-top-section elementor-element elementor-element-0f17280 elementor-section-stretched elementor-section-content-middle elementor-section-boxed elementor-section-height-default elementor-section-height-default\" data-id=\"0f17280\" data-element_type=\"section\" data-settings=\"{&quot;stretch_section&quot;:&quot;section-stretched&quot;}\">\n\t\t\t\t\t\t<div class=\"elementor-container elementor-column-gap-default\">\n\t\t\t\t\t<div class=\"elementor-column elementor-col-100 elementor-top-column elementor-element elementor-element-332ba42\" data-id=\"332ba42\" data-element_type=\"column\">\n\t\t\t<div class=\"elementor-widget-wrap elementor-element-populated\">\n\t\t\t\t\t\t<section class=\"elementor-section elementor-inner-section elementor-element elementor-element-92a7f53 elementor-section-boxed elementor-section-height-default elementor-section-height-default\" data-id=\"92a7f53\" data-element_type=\"section\">\n\t\t\t\t\t\t<div class=\"elementor-container elementor-column-gap-default\">\n\t\t\t\t\t<div class=\"elementor-column elementor-col-100 elementor-inner-column elementor-element elementor-element-cba7dad\" data-id=\"cba7dad\" data-element_type=\"column\">\n\t\t\t<div class=\"elementor-widget-wrap elementor-element-populated\">\n\t\t\t\t\t\t<div class=\"elementor-element elementor-element-6e75866 elementor-widget elementor-widget-back-core-heading\" data-id=\"6e75866\" data-element_type=\"widget\" data-widget_type=\"back-core-heading.default\">\n\t\t\t\t<div class=\"elementor-widget-container\">\n\t\t\t\t\t        <div class=\"back-heading default center \">\r\n            <div class=\"title-inner\">        \t\t      \t\t\r\n\t            <span class=\"sub-text \">Consejo Econ\u00f3mico Social de Guatemala<\/span><h2 class=\"title\"><span class=\"watermark\"><\/span>Documentos T\u00e9cnicos<\/h2>\t        <\/div>\r\n\t                <\/div>\r\n\r\n        \t\t\t\t<\/div>\n\t\t\t\t<\/div>\n\t\t\t\t<div class=\"elementor-element elementor-element-a24e9c8 elementor-widget elementor-widget-shortcode\" data-id=\"a24e9c8\" data-element_type=\"widget\" data-widget_type=\"shortcode.default\">\n\t\t\t\t<div class=\"elementor-widget-container\">\n\t\t\t\t\t\t\t<div class=\"elementor-shortcode\">\n<table id=\"tablepress-8\" class=\"tablepress tablepress-id-8\">\n<thead>\n<tr class=\"row-1\">\n\t<th class=\"column-1\">T\u00edtulo del documento<\/th><th class=\"column-2\">Descripci\u00f3n<\/th><th class=\"column-3\">DESCARGAR<\/th>\n<\/tr>\n<\/thead>\n<tbody class=\"row-striping row-hover\">\n<tr class=\"row-2\">\n\t<td class=\"column-1\">Documento: An\u00e1lisis de los Objetivos de Desarrollo Sostenible, orden econ\u00f3mico y orden sociocultural (a\u00f1o 2022).<\/td><td class=\"column-2\">El documento resalta la necesidad de fortalecer la arquitectura institucional, apoyar la integraci\u00f3n de los ODS en planes nacionales y presupuestos, y analizar los medios de implementaci\u00f3n a nivel regional. Se presenta un an\u00e1lisis de los ODS en \u00e1reas econ\u00f3micas y socioculturales. Finalmente, destaca la importancia de voluntad pol\u00edtica, la asignaci\u00f3n de recursos adecuados, y la creaci\u00f3n de sistemas de monitoreo y evaluaci\u00f3n para garantizar el seguimiento y cumplimiento de los ODS.<\/td><td class=\"column-3\"><a href=\"https:\/\/ces.gob.gt\/wp-content\/uploads\/2026\/02\/01_1.-Analisis-de-los-ODS-Erwin-Jesus-Beteta-Monzon.pdf\">Descarga<\/a><\/td>\n<\/tr>\n<tr class=\"row-3\">\n\t<td class=\"column-1\">Documento Di\u00e1logo a favor de la educaci\u00f3n inclusiva, equitativa y de calidad. El bien p\u00fablico por excelencia<\/td><td class=\"column-2\">2. el documento comprende la sistematizaci\u00f3n  del evento del mismo nombre, organizado por el CES y  que reuni\u00f3 a actores clave del sector educativo principalmente. El objetivo central fue dialogar y proponer alternativas para mejorar la calidad de la educaci\u00f3n a nivel nacional, reconociendo la educaci\u00f3n como la base para el desarrollo social e individual. El di\u00e1logo inici\u00f3 con una reflexi\u00f3n sobre los impactos de la pandemia del COVID-19, que profundiz\u00f3 la desigualdad y afect\u00f3 el acceso y calidad educativa.<\/td><td class=\"column-3\"><a href=\"https:\/\/ces.gob.gt\/wp-content\/uploads\/2026\/02\/02_2.-Documento-Dialogo-a-favor-de-la-educacion-inclusiva-equitativa-y-de-calidad.-El-bien-publico-por-excelencia.pdf\">Descarga<\/a><\/td>\n<\/tr>\n<tr class=\"row-4\">\n\t<td class=\"column-1\">Sistema Nac. de Informaci\u00f3n- Abel Cruz<\/td><td class=\"column-2\">El documento busca proporcionar un an\u00e1lisis t\u00e9cnico sobre una propuesta del Sistema Nacional de Informaci\u00f3n considerando un diagn\u00f3stico de la situaci\u00f3n actual del Sistema Estad\u00edstico Nacional; aunado a una visi\u00f3n que fortalezca las pol\u00edticas de naturaleza econ\u00f3mica y social acordadas por el Estado para que estas sean de naturaleza permanente y constituyan una estrategia de desarrollo nacional en materia de informaci\u00f3n.<\/td><td class=\"column-3\"><a href=\"https:\/\/ces.gob.gt\/wp-content\/uploads\/2026\/02\/03_3.-Sistema-Nac.-de-Informacion-Abel-Cruz.pdf\">Descarga<\/a><\/td>\n<\/tr>\n<tr class=\"row-5\">\n\t<td class=\"column-1\">Compensadores sociales<\/td><td class=\"column-2\">Trata de como la compensaci\u00f3n busca mitigar el impacto negativo en el bienestar de ciertos grupos vulnerables, mediante mecanismos econ\u00f3micos que act\u00faan como incentivos para reducir o evitar p\u00e9rdidas. Se aplica en situaciones de \"choques externos\" o crisis internas, reconociendo a las poblaciones m\u00e1s afectadas y ayud\u00e1ndolas a superar las dificultades coyunturales.<\/td><td class=\"column-3\"><a href=\"https:\/\/ces.gob.gt\/wp-content\/uploads\/2026\/02\/04_4.-Compensadores-sociales-final.pdf\">Descarga<\/a><\/td>\n<\/tr>\n<tr class=\"row-6\">\n\t<td class=\"column-1\">Gesti\u00f3n de las PP y su impacto en la sociedad, uso de informaci\u00f3n estad\u00edstica - Abel Cruz<\/td><td class=\"column-2\">El documento presenta  una propuesta de an\u00e1lisis t\u00e9cnico a cerca temas relacionados con el uso de la informaci\u00f3n estad\u00edstica en la medici\u00f3n del impacto de la gesti\u00f3n de las pol\u00edticas p\u00fablicas.<\/td><td class=\"column-3\"><a href=\"https:\/\/ces.gob.gt\/wp-content\/uploads\/2026\/02\/05_5.-Gestion-de-las-PP-y-su-impacto-en-la-sociedad-uso-de-informacion-estadistica-Abel-Cruz.pdf\">Descarga<\/a><\/td>\n<\/tr>\n<tr class=\"row-7\">\n\t<td class=\"column-1\">Indicadores sobre la situaci\u00f3n de la SAN en Guatemala_ Luis F. Hern\u00e1ndez<\/td><td class=\"column-2\">6. Indicadores sobre la seguridad alimentaria . . .El documento comprende un abordaje a la Seguridad Alimentaria y Nutricional (SAN). El Derecho a la Alimentaci\u00f3n Adecuada (DAA) asegura el acceso f\u00edsico y econ\u00f3mico a alimentos suficientes o medios para obtenerlos, m\u00e1s all\u00e1 de una raci\u00f3n m\u00ednima de nutrientes. Su cumplimiento es esencial para la realizaci\u00f3n de todos los derechos fundamentales, especialmente para la poblaci\u00f3n pobre y vulnerable, requiriendo recursos descentralizados y una adecuada toma de decisiones<\/td><td class=\"column-3\"><a href=\"https:\/\/ces.gob.gt\/wp-content\/uploads\/2026\/02\/06_6.-Indicadores-sobre-la-situacion-de-la-SAN-en-Guatemala_-Luis-F.-Hernandez.pdf\">Descarga<\/a><\/td>\n<\/tr>\n<tr class=\"row-8\">\n\t<td class=\"column-1\">Objetivo de Desarrollo Sotenible 3: Salud y Bienestar<\/td><td class=\"column-2\">CES. (2020) Definici\u00f3n, diagn\u00f3stico, desafios y propuestas de acci\u00f3n para cumplir con salud y bienestar.<\/td><td class=\"column-3\"><a href=\"https:\/\/ces.gob.gt\/wp-content\/uploads\/2026\/02\/07_Folleto_Tecnico_CES_ODS_3_FINAL25-08-2020_compressed.pdf\">Descarga<\/a><\/td>\n<\/tr>\n<tr class=\"row-9\">\n\t<td class=\"column-1\">Objetivo de Desarrollo Sotenible 2: Hambre Cero<\/td><td class=\"column-2\">CES. (2020) Definici\u00f3n, diagn\u00f3stico, desafios y propuestas de acci\u00f3n para reducir el hambre en Guatemala.<\/td><td class=\"column-3\"><a href=\"https:\/\/ces.gob.gt\/wp-content\/uploads\/2026\/02\/08_Folleto_Tecnico_CES_ODS_2_FINAL25-08-2020_compressed.pdf\">Descarga<\/a><\/td>\n<\/tr>\n<tr class=\"row-10\">\n\t<td class=\"column-1\">Hacienda P\u00fablica, l\u00ednea base para retomar el pacto fiscal<\/td><td class=\"column-2\">CES. (2020) Hacienda P\u00fablica, l\u00ednea base para retomar el pacto fiscal. Informe para la reflexi\u00f3n, debate y soluci\u00f3n de los problemas nacionales, el presente estudio aborda la cuesti\u00f3n fiscal.  Guatemala: Consejo Econ\u00f3mico y Social de Guatemala.<\/td><td class=\"column-3\"><a href=\"hhttps:\/\/ces.gob.gt\/wp-content\/uploads\/2026\/02\/09_Hacienda-PuCC81blica-Ruta-para-Retomar-el-Pacto-Fiscal.-2020.pdf\">DESCARGA<\/a><\/td>\n<\/tr>\n<tr class=\"row-11\">\n\t<td class=\"column-1\">Seguimiento a los resultados del XII Censo Nacional de Poblaci\u00f3n y VII de Vivienda: Presentados por el Instituto Nacional de Estad\u00edstica (INE)<\/td><td class=\"column-2\">CES. (2019) Seguimiento a los resultados del XII Censo Nacional de Poblaci\u00f3n y VII de Vivienda: Presentados por el Instituto Nacional de Estad\u00edstica (INE). Resultados Principales de la Poblaci\u00f3n Censada. Guatemala: Consejo Econ\u00f3mico y Social de Guatemala.<\/td><td class=\"column-3\"><a href=\"https:\/\/ces.gob.gt\/wp-content\/uploads\/2026\/02\/10_Seguimiento-Resultados-CENSO-Dic-2019.pdf\">DESCARGA<\/a><\/td>\n<\/tr>\n<tr class=\"row-12\">\n\t<td class=\"column-1\">An\u00e1lisis de los Avances del Catastro Nacional: El Caso del Registro de Informaci\u00f3n Catastral (RIC)<\/td><td class=\"column-2\">CES. (2019). An\u00e1lisis de los Avances del Catastro Nacional: El Caso del Registro de Informaci\u00f3n Catastral (RIC). Guatemala:Consejo Econ\u00f3mico y Social de Guatemala<\/td><td class=\"column-3\"><a href=\"https:\/\/ces.gob.gt\/wp-content\/uploads\/2019\/12\/ANA\u0301LISIS-DE-LOS-AVANCES-DEL-CATASTRO-NACIONAL.pdf\">DESCARGA<\/a><\/td>\n<\/tr>\n<tr class=\"row-13\">\n\t<td class=\"column-1\">Propuesta de fortalecimiento institucional para avanzar de manera efectiva en la reducci\u00f3n de la desnutrici\u00f3n cr\u00f3nica<\/td><td class=\"column-2\">Consejo Econ\u00f3mico y Social de Guatemala. Alianza por la Nutrici\u00f3n. (2019). Propuesta de fortalecimiento institucional para avanzar de manera efectiva en la reducci\u00f3n de la desnutrici\u00f3n cr\u00f3nica. <\/td><td class=\"column-3\"><a href=\"https:\/\/ces.gob.gt\/wp-content\/uploads\/2026\/02\/11_ANACC81LISIS-DE-LOS-AVANCES-DEL-CATASTRO-NACIONAL.pdf\">DESCARGA<\/a><\/td>\n<\/tr>\n<tr class=\"row-14\">\n\t<td class=\"column-1\">An\u00e1lisis de los Avances de la Agenda Legislativa en Materia Econ\u00f3mica<\/td><td class=\"column-2\">CES. (2019). An\u00e1lisis de los Avances de la Agenda Legislativa en Materia Econ\u00f3mica: Primer Periodo Ordinario del Congreso de la Rep\u00fablica de Guatemala. Guatemala: Consejo Econ\u00f3mico y Social de Guatemala<\/td><td class=\"column-3\"><a href=\"https:\/\/ces.gob.gt\/wp-content\/uploads\/2026\/02\/13_CES.-AnaiCC80lisis-de-los-Avances-Agenda-Legislativa-en-Materia-EcoCC81nomica.pdf\">DESCARGA<\/a><\/td>\n<\/tr>\n<tr class=\"row-15\">\n\t<td class=\"column-1\">Informe de Seguimiento Econ\u00f3mico y Social de Guatemala\t<\/td><td class=\"column-2\">CES. (2019). Informe de Seguimiento Econ\u00f3mico y Social de Guatemala con informaci\u00f3n actualizada al primer semestre de 2019. Guatemala: Consejo Econ\u00f3mico y Social de Guatemala<\/td><td class=\"column-3\"><a href=\"https:\/\/ces.gob.gt\/wp-content\/uploads\/2026\/02\/14_CES_Informe-de-Seguimiento-EconoCC81mico-y-Social-de-Guatemala-2019.pdf\">DESCARGA<\/a><\/td>\n<\/tr>\n<tr class=\"row-16\">\n\t<td class=\"column-1\">Identificaci\u00f3n de los Elementos Clave que Limitan el Impacto de las Estrategias y Programas de Gobierno en Materia de Desnutrici\u00f3n Cr\u00f3nica<\/td><td class=\"column-2\"> Impacto de las Estrategias y Programas de Gobierno en Materia de Desnutrici\u00f3n Cr\u00f3nica\tVilleda Vidal, M.B. (2019). Identificaci\u00f3n de los Elementos Clave que Limitan el Impacto de las Estrategias y Programas de Gobierno en Materia de Desnutrici\u00f3n Cr\u00f3nica. Guatemala: Consejo Econ\u00f3mico y Social de Guatemala<\/td><td class=\"column-3\"><a href=\"https:\/\/ces.gob.gt\/wp-content\/uploads\/2019\/10\/Informe-CES-Desnutricio\u0301n-Cro\u0301nica-BVilleda.pdf\">DESCARGA<\/a><\/td>\n<\/tr>\n<tr class=\"row-17\">\n\t<td class=\"column-1\">El Diagn\u00f3stico de la Ejecuci\u00f3n de la Pol\u00edtica Nacional de Competitividad durante el a\u00f1o 2018 y An\u00e1lisis Prospectivo de las Condiciones y Viabilidad para su Implementaci\u00f3n\t<\/td><td class=\"column-2\">Estrada Asturias, G. J., (2019). El Diagn\u00f3stico de la Ejecuci\u00f3n de la Pol\u00edtica Nacional de Competitividad durante el a\u00f1o 2018: contexto, an\u00e1lisis y consideraciones. Guatemala: Consejo Econ\u00f3mico y Social de Guatemala<\/td><td class=\"column-3\"><a href=\"https:\/\/ces.gob.gt\/wp-content\/uploads\/2026\/02\/16_Doc-Competitividad.pdf\">DESCARGA<\/a><\/td>\n<\/tr>\n<tr class=\"row-18\">\n\t<td class=\"column-1\">An\u00e1lisis para Discusi\u00f3n de la Canasta B\u00e1sica de Alimentos Vigente a partir de noviembre de 2017<\/td><td class=\"column-2\">Villeda Vidal, M.B., (2017) An\u00e1lisis para Discusi\u00f3n de la Canasta B\u00e1sica de Alimentos Vigente a partir de noviembre de 2017. Guatemala:Consejo Econ\u00f3mico y Social de Guatemala<\/td><td class=\"column-3\"><a href=\"https:\/\/ces.gob.gt\/wp-content\/uploads\/2026\/02\/17_20.pdf\">DESCARGAR<\/a><\/td>\n<\/tr>\n<tr class=\"row-19\">\n\t<td class=\"column-1\">An\u00e1lisis Econ\u00f3mico sobre la Pol\u00edtica General de Gobierno 2016-2020<\/td><td class=\"column-2\">Mel\u00e9ndez Ortiz, A. R., (2017) An\u00e1lisis Econ\u00f3mico sobre la Pol\u00edtica General de Gobierno 2016-2020. Guatemala:Consejo Econ\u00f3mico y Social de Guatemala<\/td><td class=\"column-3\"><a href=\"https:\/\/ces.gob.gt\/wp-content\/uploads\/2026\/02\/18_19.pdf\">DESCARGAR<\/a><\/td>\n<\/tr>\n<tr class=\"row-20\">\n\t<td class=\"column-1\">An\u00e1lisis del Proyecto de Presupuesto de Ingresos y Egresos del Estado para el Ejercicio Fiscal 2018<\/td><td class=\"column-2\">Estrada Castro, H.G., (2017) An\u00e1lisis del Proyecto de Presupuesto de Ingresos y Egresos del Estado para el Ejercicio Fiscal 2018. Guatemala:Consejo Econ\u00f3mico y Social de Guatemala<\/td><td class=\"column-3\"><a href=\"https:\/\/ces.gob.gt\/wp-content\/uploads\/2026\/02\/19_17.pdf\">DESCARGAR<\/a><\/td>\n<\/tr>\n<tr class=\"row-21\">\n\t<td class=\"column-1\">Historia del Movimiento Cooperativista en Guatemala, su Importancia y Aporte en el Desarrollo Econ\u00f3mico y Social del Pa\u00eds<\/td><td class=\"column-2\">Guti\u00e9rrez Arenales, M.T., (2017)  Historia del Movimiento Cooperativista en Guatemala, su Importancia y Aporte en el Desarrollo Econ\u00f3mico y Social del Pa\u00eds. Guatemala:Consejo Econ\u00f3mico y Social de Guatemala<\/td><td class=\"column-3\"><a href=\"https:\/\/ces.gob.gt\/wp-content\/uploads\/2026\/02\/20_16.pdf\">DESCARGAR<\/a><\/td>\n<\/tr>\n<tr class=\"row-22\">\n\t<td class=\"column-1\">An\u00e1lisis actual del Pacto Fiscal de Competitividad, Prosperidad Econ\u00f3mica y Fortalecimiento Institucional<\/td><td class=\"column-2\">Alvarado Mel\u00e9ndez, R., (2017) An\u00e1lisis actual del Pacto Fiscal de Competitividad, Prosperidad Econ\u00f3mica y Fortalecimiento Institucional. Guatemala:Consejo Econ\u00f3mico y Social de Guatemala<\/td><td class=\"column-3\"><a href=\"https:\/\/ces.gob.gt\/wp-content\/uploads\/2026\/02\/21_18.pdf\">DESCARGAR<\/a><\/td>\n<\/tr>\n<tr class=\"row-23\">\n\t<td class=\"column-1\">An\u00e1lisis y Desaf\u00edos Generaci\u00f3n de Empleo<\/td><td class=\"column-2\">Mel\u00e9ndez Ortiz, A.R., (2017) An\u00e1lisis y Desaf\u00edos Generaci\u00f3n de Empleo. Guatemala:Consejo Econ\u00f3mico y Social de Guatemala<\/td><td class=\"column-3\"><a href=\"https:\/\/ces.gob.gt\/wp-content\/uploads\/2026\/02\/22_21.pdf\">DESCARGAR<\/a><\/td>\n<\/tr>\n<tr class=\"row-24\">\n\t<td class=\"column-1\">An\u00e1lisis Pol\u00edtica Econ\u00f3mica 2016-2021: proyecci\u00f3n de presupuesto 2016\/2017<\/td><td class=\"column-2\">Del Cid Pinillos, A.R., (2016) An\u00e1lisis Pol\u00edtica Econ\u00f3mica 2016-2020: proyecci\u00f3n de presupuesto 2016\/2017. Guatemala:Consejo Econ\u00f3mico y Social de Guatemala<\/td><td class=\"column-3\"><a href=\"https:\/\/ces.gob.gt\/wp-content\/uploads\/2026\/02\/23_15.pdf\">DESCARGAR<\/a><\/td>\n<\/tr>\n<tr class=\"row-25\">\n\t<td class=\"column-1\">Mapeo y Descripci\u00f3n de la Conflictividad Econ\u00f3mica y Social de Guatemala a Diciembre 2016<\/td><td class=\"column-2\">Ord\u00f3\u00f1ez Armas, M.E., (2016) Mapeo y Descripci\u00f3n de la Conflictividad Econ\u00f3mica y Social a Diciembre de 2016. Guatemala:Consejo Econ\u00f3mico y Social de Guatemala<\/td><td class=\"column-3\"><a href=\"https:\/\/ces.gob.gt\/wp-content\/uploads\/2026\/02\/24_14.pdf\">DESCARGAR<\/a><\/td>\n<\/tr>\n<tr class=\"row-26\">\n\t<td class=\"column-1\">Mapeo y Descripci\u00f3n de la Conflictividad Econ\u00f3mica y Social de Guatemala a Diciembre 2015<\/td><td class=\"column-2\">Ord\u00f3\u00f1ez Armas, M.E., (2016) Mapeo y Descripci\u00f3n de la Conflictividad Econ\u00f3mica y Social a Diciembre de 2015. Guatemala:Consejo Econ\u00f3mico y Social de Guatemala<\/td><td class=\"column-3\"><a href=\"https:\/\/ces.gob.gt\/wp-content\/uploads\/2026\/02\/25_13.pdf\">DESCARGAR<\/a><\/td>\n<\/tr>\n<tr class=\"row-27\">\n\t<td class=\"column-1\">Pacto de Seguridad, Justicia y la Paz<\/td><td class=\"column-2\">De Le\u00f3n Sosa, A.C., (2015) Pacto de Seguridad, Justicia y la Paz. Guatemala:Consejo Econ\u00f3mico y Social de Guatemala<\/td><td class=\"column-3\"><a href=\"https:\/\/ces.gob.gt\/wp-content\/uploads\/2026\/02\/26_12.pdf\">DESCARGAR<\/a><\/td>\n<\/tr>\n<tr class=\"row-28\">\n\t<td class=\"column-1\">An\u00e1lisis, Avances y Prospectivas del Pacto Hambre Cero<\/td><td class=\"column-2\">Mel\u00e9ndez Ortiz, A. R., (2015) An\u00e1lisis, Avances y Prospectivas del Pacto Hambre Cero. Guatemala:Consejo Econ\u00f3mico y Social de Guatemala<\/td><td class=\"column-3\"><a href=\"https:\/\/ces.gob.gt\/wp-content\/uploads\/2026\/02\/27_11.pdf\">DESCARGAR<\/a><\/td>\n<\/tr>\n<tr class=\"row-29\">\n\t<td class=\"column-1\">An\u00e1lisis, Avances y Prospectivas del Pacto Fiscal de Competitividad, Prosperidad Econ\u00f3mica y Fortalecimiento Institucional <\/td><td class=\"column-2\">Alvarado Mel\u00e9ndez, R., (2015) An\u00e1lisis del Pacto Fiscal de Competitividad, Prosperidad Econ\u00f3mica y Fortalecimiento Institucional. Guatemala:Consejo Econ\u00f3mico y Social de Guatemala<\/td><td class=\"column-3\"><a href=\"https:\/\/ces.gob.gt\/wp-content\/uploads\/2026\/02\/28_10.pdf\">DESCARGAR<\/a><\/td>\n<\/tr>\n<tr class=\"row-30\">\n\t<td class=\"column-1\">Crecimiento con Equidad y Di\u00e1logo Social<\/td><td class=\"column-2\">Bonifaz Rodr\u00edguez, F.E., (2015) Crecimiento con Equidad y Di\u00e1logo Social: es un trabajo de tipo profesional investigativo, as\u00ed como el an\u00e1lisis de casos en pa\u00edses de Am\u00e9rica y Europa, de acuerdo a la documentaci\u00f3n que existe de esos casos. Guatemala:Consejo Econ\u00f3mico y Social de Guatemala<\/td><td class=\"column-3\"><a href=\"https:\/\/ces.gob.gt\/wp-content\/uploads\/2026\/02\/29_9.pdf\">DESCARGAR<\/a><\/td>\n<\/tr>\n<tr class=\"row-31\">\n\t<td class=\"column-1\">Antecedentes y Perspectivas Econ\u00f3micas Sociales de los Sindicatos en Guatemala<\/td><td class=\"column-2\">Mendoza Estrada, J.F., (2014) Antecedentes y Perspectivas Econ\u00f3micas Sociales de los Sindicatos en Guatemala. Guatemala:Consejo Econ\u00f3mico y Social de Guatemala<\/td><td class=\"column-3\"><a href=\"https:\/\/ces.gob.gt\/wp-content\/uploads\/2026\/02\/30_8.pdf\">DESCARGAR<\/a><\/td>\n<\/tr>\n<tr class=\"row-32\">\n\t<td class=\"column-1\">Dict\u00e1men Doctrinario y Jur\u00eddico para Establecer si el Decreto 2-2012 del Congreso de la Rep\u00fablica que Contiene la Ley Org\u00e1nica del Consejo Econ\u00f3mico y Social de Guatemala Duplica las Funciones de Consultor\u00eda con otros \u00d3rganos del Estado<\/td><td class=\"column-2\">Bonifaz Rodr\u00edguez, F. E., (2013) Dict\u00e1men Doctrinario y Jur\u00eddico para Establecer si el Decreto 2-2012 del Congreso de la Rep\u00fablica que Contiene la Ley Org\u00e1nica del Consejo Econ\u00f3mico y Social de Guatemala Duplica las Funciones de Consultor\u00eda con otros \u00d3rganos del Estado. Guatemala:Consejo Econ\u00f3mico y Social de Guatemala<\/td><td class=\"column-3\"><a href=\"https:\/\/ces.gob.gt\/wp-content\/uploads\/2026\/02\/31_1.pdf\">DESCARGAR<\/a><\/td>\n<\/tr>\n<tr class=\"row-33\">\n\t<td class=\"column-1\">Mapeo sobre Eventos y Causas de la Conflictividad Socio Ambiental en Guatemala<\/td><td class=\"column-2\">M\u00e9rida M\u00e9ndez, E.V., (2013) Mapeo sobre Eventos y Causas de la Conflictividad Socio Ambiental en Guatemala. Guatemala:Consejo Econ\u00f3mico y Social de Guatemala<\/td><td class=\"column-3\"><a href=\"https:\/\/ces.gob.gt\/wp-content\/uploads\/2026\/02\/32_2.pdf\">DESCARGAR<\/a><\/td>\n<\/tr>\n<tr class=\"row-34\">\n\t<td class=\"column-1\">Opini\u00f3n de la Iniciativa de Ley sobre Desarrollo Rural<\/td><td class=\"column-2\">\u00c1lvarez Casta\u00f1eda, A., (2013) Opini\u00f3n de la Iniciativa de Ley sobre Desarrollo Rural. Guatemala:Consejo Econ\u00f3mico y Social de Guatemala<\/td><td class=\"column-3\"><a href=\"https:\/\/ces.gob.gt\/wp-content\/uploads\/2026\/02\/33_3.pdf\">DESCARGAR<\/a><\/td>\n<\/tr>\n<tr class=\"row-35\">\n\t<td class=\"column-1\">An\u00e1lisis Comparativo de las Leyes de Incentivos a la Producci\u00f3n en la Regi\u00f3n Latinoamericana y Estudio de Casos: benchmarking<\/td><td class=\"column-2\">Castillo Melgar, M.A., (2013) An\u00e1lisis Comparativo de las Leyes de Incentivos a la Producci\u00f3n en la Regi\u00f3n Latinoamericana y Estudio de Casos: benchmarking. Guatemala:Consejo Econ\u00f3mico y Social de Guatemala<\/td><td class=\"column-3\"><a href=\"https:\/\/ces.gob.gt\/wp-content\/uploads\/2026\/02\/34_6.pdf\">DESCARGAR<\/a><\/td>\n<\/tr>\n<tr class=\"row-36\">\n\t<td class=\"column-1\">An\u00e1lisis de Pol\u00edticas P\u00fablicas como Agenda Nacional, desde su Formulaci\u00f3n hasta su Implementaci\u00f3n y Ejecuci\u00f3n<\/td><td class=\"column-2\">Lapuente, O.L., (2013) An\u00e1lisis de Pol\u00edticas P\u00fablicas como Agenda Nacional, desde su Formulaci\u00f3n hasta su Implementaci\u00f3n y Ejecuci\u00f3n. Guatemala:Consejo Econ\u00f3mico y Social de Guatemala<\/td><td class=\"column-3\"><a href=\"https:\/\/ces.gob.gt\/wp-content\/uploads\/2026\/02\/35_4.pdf\">DESCARGAR<\/a><\/td>\n<\/tr>\n<tr class=\"row-37\">\n\t<td class=\"column-1\">G\u00e9nesis del Consejo Econ\u00f3mico y Social de Guatemala: una mirada a los antecedentes del di\u00e1logo institucionalizado en el pa\u00eds<\/td><td class=\"column-2\">Bonifaz Rodr\u00edguez, F. E., (2013) G\u00e9nesis del Consejo Econ\u00f3mico y Social de Guatemala: una mirada a los antecedentes del di\u00e1logo institucionalizado en el pa\u00eds. Guatemala:Consejo Econ\u00f3mico y Social de Guatemala<\/td><td class=\"column-3\"><a href=\"https:\/\/ces.gob.gt\/wp-content\/uploads\/2026\/02\/36_5.pdf\">DESCARGAR<\/a><\/td>\n<\/tr>\n<tr class=\"row-38\">\n\t<td class=\"column-1\">Conectividad para el Desarrollo e Infraestructura para la Competitividad  <\/td><td class=\"column-2\">Ricardo Obiols,  Conectividad para el Desarrollo e Infraestructura para la competitividad <\/td><td class=\"column-3\"><a href=\"https:\/\/ces.gob.gt\/wp-content\/uploads\/2026\/02\/37_InformeCE.Conectividad-para-el-desarrollo-e-infraestructura-para-la-competitividad.pdf\" rel=\"noopener\" target=\"_blank\">DESCARGAR<\/a><\/td>\n<\/tr>\n<\/tbody>\n<\/table>\n<!-- #tablepress-8 from cache --><\/div>\n\t\t\t\t\t\t<\/div>\n\t\t\t\t<\/div>\n\t\t\t\t\t<\/div>\n\t\t<\/div>\n\t\t\t\t\t<\/div>\n\t\t<\/section>\n\t\t\t\t\t<\/div>\n\t\t<\/div>\n\t\t\t\t\t<\/div>\n\t\t<\/section>\n\t\t\t\t<\/div>\n\t\t","protected":false},"excerpt":{"rendered":"<p>Consejo Econ\u00f3mico Social de Guatemala Documentos T\u00e9cnicos<\/p>\n","protected":false},"author":1,"featured_media":0,"parent":0,"menu_order":0,"comment_status":"closed","ping_status":"closed","template":"elementor_header_footer","meta":{"footnotes":""},"class_list":["post-11740","page","type-page","status-publish","hentry"],"_links":{"self":[{"href":"https:\/\/ces.gob.gt\/index.php\/wp-json\/wp\/v2\/pages\/11740","targetHints":{"allow":["GET"]}}],"collection":[{"href":"https:\/\/ces.gob.gt\/index.php\/wp-json\/wp\/v2\/pages"}],"about":[{"href":"https:\/\/ces.gob.gt\/index.php\/wp-json\/wp\/v2\/types\/page"}],"author":[{"embeddable":true,"href":"https:\/\/ces.gob.gt\/index.php\/wp-json\/wp\/v2\/users\/1"}],"replies":[{"embeddable":true,"href":"https:\/\/ces.gob.gt\/index.php\/wp-json\/wp\/v2\/comments?post=11740"}],"version-history":[{"count":10,"href":"https:\/\/ces.gob.gt\/index.php\/wp-json\/wp\/v2\/pages\/11740\/revisions"}],"predecessor-version":[{"id":11750,"href":"https:\/\/ces.gob.gt\/index.php\/wp-json\/wp\/v2\/pages\/11740\/revisions\/11750"}],"wp:attachment":[{"href":"https:\/\/ces.gob.gt\/index.php\/wp-json\/wp\/v2\/media?parent=11740"}],"curies":[{"name":"wp","href":"https:\/\/api.w.org\/{rel}","templated":true}]}}