{"id":16206,"date":"2026-03-06T11:26:50","date_gmt":"2026-03-06T10:26:50","guid":{"rendered":"https:\/\/ces.gob.gt\/?page_id=16206"},"modified":"2026-04-06T18:36:00","modified_gmt":"2026-04-06T16:36:00","slug":"articulo-17-ter-literal-h","status":"publish","type":"page","link":"https:\/\/ces.gob.gt\/index.php\/informacion-publica\/articulo-17-ter-literal-h\/","title":{"rendered":"Art\u00edculo 17 Ter, Literal h)"},"content":{"rendered":"\t\t<div data-elementor-type=\"wp-page\" data-elementor-id=\"16206\" class=\"elementor elementor-16206\" data-elementor-post-type=\"page\">\n\t\t\t\t\t\t<section class=\"elementor-section elementor-top-section elementor-element elementor-element-313ee99 elementor-section-stretched elementor-section-boxed elementor-section-height-default elementor-section-height-default\" data-id=\"313ee99\" data-element_type=\"section\" data-settings=\"{&quot;stretch_section&quot;:&quot;section-stretched&quot;,&quot;background_background&quot;:&quot;classic&quot;}\">\n\t\t\t\t\t\t<div class=\"elementor-container elementor-column-gap-default\">\n\t\t\t\t\t<div class=\"elementor-column elementor-col-50 elementor-top-column elementor-element elementor-element-e0699b1\" data-id=\"e0699b1\" data-element_type=\"column\">\n\t\t\t<div class=\"elementor-widget-wrap elementor-element-populated\">\n\t\t\t\t\t\t<div class=\"elementor-element elementor-element-a6d2a4d iconoinfox elementor-view-default elementor-widget elementor-widget-icon\" data-id=\"a6d2a4d\" data-element_type=\"widget\" id=\"iconoinfo\" data-widget_type=\"icon.default\">\n\t\t\t\t<div class=\"elementor-widget-container\">\n\t\t\t\t\t\t\t<div class=\"elementor-icon-wrapper\">\n\t\t\t<div class=\"elementor-icon\">\n\t\t\t<svg xmlns=\"http:\/\/www.w3.org\/2000\/svg\" xmlns:xlink=\"http:\/\/www.w3.org\/1999\/xlink\" id=\"Layer_1\" viewBox=\"0 0 512 512\"><defs><style>      .st0 {        fill: #f1752b;      }    <\/style><\/defs><path class=\"st0\" d=\"M362.3,79.3h-79v-31.2c0-4.7-3.8-8.5-8.4-8.5h-31.9c-4.4-16.3-19.2-28.1-36.7-28.1h-2.2c-17.4,0-32.3,11.8-36.7,28.1h-31.1c-4.7,0-8.4,3.8-8.4,8.5v31.2H48.8c-11.6,0-21.1,9.5-21.1,21.1v379c0,11.6,9.5,21.1,21.1,21.1h313.5c11.6,0,21.1-9.5,21.1-21.1V100.4c0-11.6-9.5-21.1-21.1-21.1ZM144.7,56.6h29.9c4.5,0,8.2-3.5,8.4-8,.6-11.3,9.9-20.1,21.1-20.1h2.2c11.2,0,20.5,8.8,21.1,20.1.2,4.5,3.9,8,8.4,8h30.6v53.5h-121.7v-53.5ZM366.5,479.3c0,2.3-1.9,4.2-4.2,4.2H48.8c-2.3,0-4.2-1.9-4.2-4.2V100.4c0-2.3,1.9-4.2,4.2-4.2h79v22.3c0,4.7,3.8,8.4,8.4,8.4h138.6c4.7,0,8.4-3.8,8.4-8.4v-22.3h79c2.3,0,4.2,1.9,4.2,4.2v379Z\"><\/path><path class=\"st0\" d=\"M342.1,166.4H77.2c-4.7,0-8.5,3.8-8.5,8.5s3.8,8.4,8.5,8.4h265c4.7,0,8.5-3.8,8.5-8.4s-3.8-8.5-8.5-8.5Z\"><\/path><path class=\"st0\" d=\"M342.1,215.3H77.2c-4.7,0-8.5,3.8-8.5,8.4s3.8,8.4,8.5,8.4h265c4.7,0,8.5-3.8,8.5-8.4s-3.8-8.4-8.5-8.4Z\"><\/path><path class=\"st0\" d=\"M173.1,264.3h-95.9c-4.7,0-8.5,3.8-8.5,8.4s3.8,8.4,8.5,8.4h95.9c4.7,0,8.5-3.8,8.5-8.4s-3.8-8.4-8.5-8.4Z\"><\/path><path class=\"st0\" d=\"M451.8,79.3c-17.9,0-32.5,14.6-32.5,32.5v278c0,13.1,2,26,5.9,38.5l16.8,53.9c1.4,4.3,5.3,7.2,9.8,7.2h0c4.5,0,8.5-2.9,9.8-7.2l16.8-53.9c3.9-12.5,5.9-25.4,5.9-38.5V111.8c0-17.9-14.6-32.5-32.5-32.5ZM436.1,389.8v-220.2h31.3v220.2c0,3.3-.2,6.6-.5,9.9h-30.3c-.3-3.3-.5-6.6-.5-9.9ZM451.8,96.2c8.6,0,15.6,7,15.6,15.6v40.9h-31.3v-40.9c0-8.6,7-15.6,15.6-15.6ZM451.8,457l-10.5-33.7c-.7-2.2-1.3-4.4-1.8-6.6h24.7c-.5,2.2-1.1,4.4-1.8,6.6l-10.5,33.7Z\"><\/path><path class=\"st0\" d=\"M340.8,310.2c-3.7-2.9-9-2.2-11.9,1.5l-59.7,76.6-23.3-29.2c-2.9-3.6-8.2-4.2-11.9-1.3-3.6,2.9-4.2,8.2-1.3,11.9l30,37.5c1.6,2,4,3.2,6.6,3.2h0c2.6,0,5-1.2,6.6-3.3l66.3-85c2.9-3.7,2.2-9-1.5-11.9Z\"><\/path><path class=\"st0\" d=\"M334.4,362.2c-4.7,0-8.5,3.8-8.5,8.4,0,32.6-26.5,59.1-59.1,59.1s-59.1-26.5-59.1-59.1,26.5-59.1,59.1-59.1,17.1,1.9,24.9,5.5c4.2,2,9.3.1,11.2-4.1,2-4.2.1-9.3-4.1-11.2-10.1-4.7-20.9-7.1-32.1-7.1-41.9,0-76,34.1-76,76s34.1,76,76,76,76-34.1,76-76-3.8-8.4-8.4-8.4Z\"><\/path><\/svg>\t\t\t<\/div>\n\t\t<\/div>\n\t\t\t\t\t\t<\/div>\n\t\t\t\t<\/div>\n\t\t\t\t\t<\/div>\n\t\t<\/div>\n\t\t\t\t<div class=\"elementor-column elementor-col-50 elementor-top-column elementor-element elementor-element-a4a82f5\" data-id=\"a4a82f5\" data-element_type=\"column\">\n\t\t\t<div class=\"elementor-widget-wrap elementor-element-populated\">\n\t\t\t\t\t\t<div class=\"elementor-element elementor-element-951910b elementor-widget__width-initial elementor-widget elementor-widget-back-core-heading\" data-id=\"951910b\" data-element_type=\"widget\" data-widget_type=\"back-core-heading.default\">\n\t\t\t\t<div class=\"elementor-widget-container\">\n\t\t\t\t\t        <div class=\"back-heading default left \">\r\n            <div class=\"title-inner\">        \t\t      \t\t\r\n\t            <span class=\"sub-text \">Transparencia presupuestaria \/ Art\u00edculo 17 Ter<\/span><h2 class=\"title\"><span class=\"watermark\"><\/span>Art\u00edculo 17 Ter, Literal h) <\/h2>\t        <\/div>\r\n\t                    \t<div class=\"description\">\r\n            \t\t<p>Informe de liquidaci\u00f3n presupuestaria<\/p>            \t\t\r\n            \t<\/div>\r\n        \t        <\/div>\r\n\r\n        \t\t\t\t<\/div>\n\t\t\t\t<\/div>\n\t\t<div class=\"elementor-element elementor-element-fbf3fc5 e-grid e-con-boxed e-con e-child\" data-id=\"fbf3fc5\" data-element_type=\"container\">\n\t\t\t\t\t<div class=\"e-con-inner\">\n\t\t\t\t<div class=\"elementor-element elementor-element-11f5a75 elementor-widget elementor-widget-text-editor\" data-id=\"11f5a75\" data-element_type=\"widget\" data-widget_type=\"text-editor.default\">\n\t\t\t\t<div class=\"elementor-widget-container\">\n\t\t\t\t\t\t\t\t\t<div class=\"rectangle\"><h6 class=\"elementor-heading-title elementor-size-default\" style=\"text-align: center;\"><span style=\"color: #999999;\">Informe de liquidaci\u00f3n<br \/>presupuestaria ejercicio<br \/>2025<\/span><\/h6><div class=\"ub_divider_line\" style=\"border-top: 1px solid #cccccc; margin-top: 5px; margin-bottom: 5px;\">\u00a0<\/div><p style=\"text-align: center;\"><a href=\"https:\/\/ces.gob.gt\/wp-content\/uploads\/2026\/03\/H.-INFORME-DE-LIQUIDACION-PRESUPUESTARIA-2025.pdf\"><img decoding=\"async\" class=\"alignnone wp-image-5381\" src=\"https:\/\/ces.gob.gt\/wp-content\/uploads\/2025\/08\/pdf.jpg\" alt=\"\" width=\"32\" height=\"41\" srcset=\"https:\/\/ces.gob.gt\/wp-content\/uploads\/2025\/08\/pdf.jpg 50w, https:\/\/ces.gob.gt\/wp-content\/uploads\/2025\/08\/elementor\/thumbs\/pdf-ra7bbocln4tx6428ad23vbof0zu73ax5a55hdig9us.jpg 33w\" sizes=\"(max-width: 32px) 100vw, 32px\" \/><\/a><\/p><\/div>\t\t\t\t\t\t\t\t<\/div>\n\t\t\t\t<\/div>\n\t\t\t\t<div class=\"elementor-element elementor-element-441f934 elementor-widget elementor-widget-text-editor\" data-id=\"441f934\" data-element_type=\"widget\" data-widget_type=\"text-editor.default\">\n\t\t\t\t<div class=\"elementor-widget-container\">\n\t\t\t\t\t\t\t\t\t<div class=\"rectangle\"><h6 class=\"elementor-heading-title elementor-size-default\" style=\"text-align: center;\"><span style=\"color: #999999;\">Informe de liquidaci\u00f3n<br \/>presupuestaria ejercicio<br \/>2024<\/span><\/h6><div class=\"ub_divider_line\" style=\"border-top: 1px solid #cccccc; margin-top: 5px; margin-bottom: 5px;\">\u00a0<\/div><p style=\"text-align: center;\"><a href=\"https:\/\/ces.gob.gt\/wp-content\/uploads\/2026\/03\/INFORME-DE-LIQUIDACION-PRESUPUESTARIA-EJERCICIO-2024-FIRMADO-PDF.pdf\"><img decoding=\"async\" class=\"alignnone wp-image-5381\" src=\"https:\/\/ces.gob.gt\/wp-content\/uploads\/2025\/08\/pdf.jpg\" alt=\"\" width=\"32\" height=\"41\" srcset=\"https:\/\/ces.gob.gt\/wp-content\/uploads\/2025\/08\/pdf.jpg 50w, https:\/\/ces.gob.gt\/wp-content\/uploads\/2025\/08\/elementor\/thumbs\/pdf-ra7bbocln4tx6428ad23vbof0zu73ax5a55hdig9us.jpg 33w\" sizes=\"(max-width: 32px) 100vw, 32px\" \/><\/a><\/p><\/div>\t\t\t\t\t\t\t\t<\/div>\n\t\t\t\t<\/div>\n\t\t\t\t<div class=\"elementor-element elementor-element-9ad78c1 elementor-widget elementor-widget-text-editor\" data-id=\"9ad78c1\" data-element_type=\"widget\" data-widget_type=\"text-editor.default\">\n\t\t\t\t<div class=\"elementor-widget-container\">\n\t\t\t\t\t\t\t\t\t<div class=\"rectangle\"><h6 class=\"elementor-heading-title elementor-size-default\" style=\"text-align: center;\"><span style=\"color: #999999;\">Informe de liquidaci\u00f3n<br \/>presupuestaria ejercicio<br \/>2023<\/span><\/h6><div class=\"ub_divider_line\" style=\"border-top: 1px solid #cccccc; margin-top: 5px; margin-bottom: 5px;\">\u00a0<\/div><p style=\"text-align: center;\"><a href=\"https:\/\/ces.gob.gt\/wp-content\/uploads\/2026\/03\/Informe-de-liquidacion-presupuestaria-y-Estados-Financieros-CES-2023.pdf\"><img decoding=\"async\" class=\"alignnone wp-image-5381\" src=\"https:\/\/ces.gob.gt\/wp-content\/uploads\/2025\/08\/pdf.jpg\" alt=\"\" width=\"32\" height=\"41\" srcset=\"https:\/\/ces.gob.gt\/wp-content\/uploads\/2025\/08\/pdf.jpg 50w, https:\/\/ces.gob.gt\/wp-content\/uploads\/2025\/08\/elementor\/thumbs\/pdf-ra7bbocln4tx6428ad23vbof0zu73ax5a55hdig9us.jpg 33w\" sizes=\"(max-width: 32px) 100vw, 32px\" \/><\/a><\/p><\/div>\t\t\t\t\t\t\t\t<\/div>\n\t\t\t\t<\/div>\n\t\t\t\t<div class=\"elementor-element elementor-element-a23f22a elementor-widget elementor-widget-text-editor\" data-id=\"a23f22a\" data-element_type=\"widget\" data-widget_type=\"text-editor.default\">\n\t\t\t\t<div class=\"elementor-widget-container\">\n\t\t\t\t\t\t\t\t\t<div class=\"rectangle\"><h6 class=\"elementor-heading-title elementor-size-default\" style=\"text-align: center;\"><span style=\"color: #999999;\">Informe de liquidaci\u00f3n<br \/>presupuestaria ejercicio<br \/>2022<\/span><\/h6><div class=\"ub_divider_line\" style=\"border-top: 1px solid #cccccc; margin-top: 5px; margin-bottom: 5px;\">\u00a0<\/div><p style=\"text-align: center;\"><a href=\"https:\/\/ces.gob.gt\/wp-content\/uploads\/2026\/03\/Informe-de-liquidacion-presupuestaria-y-estados-financieros-2022.pdf\"><img decoding=\"async\" class=\"alignnone wp-image-5381\" src=\"https:\/\/ces.gob.gt\/wp-content\/uploads\/2025\/08\/pdf.jpg\" alt=\"\" width=\"32\" height=\"41\" srcset=\"https:\/\/ces.gob.gt\/wp-content\/uploads\/2025\/08\/pdf.jpg 50w, https:\/\/ces.gob.gt\/wp-content\/uploads\/2025\/08\/elementor\/thumbs\/pdf-ra7bbocln4tx6428ad23vbof0zu73ax5a55hdig9us.jpg 33w\" sizes=\"(max-width: 32px) 100vw, 32px\" \/><\/a><\/p><\/div>\t\t\t\t\t\t\t\t<\/div>\n\t\t\t\t<\/div>\n\t\t\t\t<div class=\"elementor-element elementor-element-cc49aed elementor-widget elementor-widget-text-editor\" data-id=\"cc49aed\" data-element_type=\"widget\" data-widget_type=\"text-editor.default\">\n\t\t\t\t<div class=\"elementor-widget-container\">\n\t\t\t\t\t\t\t\t\t<div class=\"rectangle\"><h6 class=\"elementor-heading-title elementor-size-default\" style=\"text-align: center;\"><span style=\"color: #999999;\">Informe de liquidaci\u00f3n<br \/>presupuestaria ejercicio<br \/>2021<\/span><\/h6><div class=\"ub_divider_line\" style=\"border-top: 1px solid #cccccc; margin-top: 5px; margin-bottom: 5px;\">\u00a0<\/div><p style=\"text-align: center;\"><a href=\"https:\/\/ces.gob.gt\/wp-content\/uploads\/2026\/03\/Liquidacion-presupuestaria-CES-ejercicio-2021.pdf\"><img decoding=\"async\" class=\"alignnone wp-image-5381\" src=\"https:\/\/ces.gob.gt\/wp-content\/uploads\/2025\/08\/pdf.jpg\" alt=\"\" width=\"32\" height=\"41\" srcset=\"https:\/\/ces.gob.gt\/wp-content\/uploads\/2025\/08\/pdf.jpg 50w, https:\/\/ces.gob.gt\/wp-content\/uploads\/2025\/08\/elementor\/thumbs\/pdf-ra7bbocln4tx6428ad23vbof0zu73ax5a55hdig9us.jpg 33w\" sizes=\"(max-width: 32px) 100vw, 32px\" \/><\/a><\/p><\/div>\t\t\t\t\t\t\t\t<\/div>\n\t\t\t\t<\/div>\n\t\t\t\t<div class=\"elementor-element elementor-element-dc00733 elementor-widget elementor-widget-text-editor\" data-id=\"dc00733\" data-element_type=\"widget\" data-widget_type=\"text-editor.default\">\n\t\t\t\t<div class=\"elementor-widget-container\">\n\t\t\t\t\t\t\t\t\t<div class=\"rectangle\"><h6 class=\"elementor-heading-title elementor-size-default\" style=\"text-align: center;\"><span style=\"color: #999999;\">Informe de liquidaci\u00f3n<br \/>presupuestaria ejercicio<br \/>2020<\/span><\/h6><div class=\"ub_divider_line\" style=\"border-top: 1px solid #cccccc; margin-top: 5px; margin-bottom: 5px;\">\u00a0<\/div><p style=\"text-align: center;\"><a href=\"https:\/\/ces.gob.gt\/wp-content\/uploads\/2026\/03\/Informe-liquidacion-de-Presupuesto-ejericicio-2020.pdf\"><img decoding=\"async\" class=\"alignnone wp-image-5381\" src=\"https:\/\/ces.gob.gt\/wp-content\/uploads\/2025\/08\/pdf.jpg\" alt=\"\" width=\"32\" height=\"41\" srcset=\"https:\/\/ces.gob.gt\/wp-content\/uploads\/2025\/08\/pdf.jpg 50w, https:\/\/ces.gob.gt\/wp-content\/uploads\/2025\/08\/elementor\/thumbs\/pdf-ra7bbocln4tx6428ad23vbof0zu73ax5a55hdig9us.jpg 33w\" sizes=\"(max-width: 32px) 100vw, 32px\" \/><\/a><\/p><\/div>\t\t\t\t\t\t\t\t<\/div>\n\t\t\t\t<\/div>\n\t\t\t\t<div class=\"elementor-element elementor-element-8c35e94 elementor-widget elementor-widget-text-editor\" data-id=\"8c35e94\" data-element_type=\"widget\" data-widget_type=\"text-editor.default\">\n\t\t\t\t<div class=\"elementor-widget-container\">\n\t\t\t\t\t\t\t\t\t<div class=\"rectangle\"><h6 class=\"elementor-heading-title elementor-size-default\" style=\"text-align: center;\"><span style=\"color: #999999;\">Informe de liquidaci\u00f3n<br \/>presupuestaria ejercicio<br \/>2019<\/span><\/h6><div class=\"ub_divider_line\" style=\"border-top: 1px solid #cccccc; margin-top: 5px; margin-bottom: 5px;\">\u00a0<\/div><p style=\"text-align: center;\"><a href=\"https:\/\/ces.gob.gt\/wp-content\/uploads\/2026\/03\/liquidacion-de-presupuesto-y-estados-financieros-2019.pdf\"><img decoding=\"async\" class=\"alignnone wp-image-5381\" src=\"https:\/\/ces.gob.gt\/wp-content\/uploads\/2025\/08\/pdf.jpg\" alt=\"\" width=\"32\" height=\"41\" srcset=\"https:\/\/ces.gob.gt\/wp-content\/uploads\/2025\/08\/pdf.jpg 50w, https:\/\/ces.gob.gt\/wp-content\/uploads\/2025\/08\/elementor\/thumbs\/pdf-ra7bbocln4tx6428ad23vbof0zu73ax5a55hdig9us.jpg 33w\" sizes=\"(max-width: 32px) 100vw, 32px\" \/><\/a><\/p><\/div>\t\t\t\t\t\t\t\t<\/div>\n\t\t\t\t<\/div>\n\t\t\t\t<div class=\"elementor-element elementor-element-e4d31d3 elementor-widget elementor-widget-text-editor\" data-id=\"e4d31d3\" data-element_type=\"widget\" data-widget_type=\"text-editor.default\">\n\t\t\t\t<div class=\"elementor-widget-container\">\n\t\t\t\t\t\t\t\t\t<div class=\"rectangle\"><h6 class=\"elementor-heading-title elementor-size-default\" style=\"text-align: center;\"><span style=\"color: #999999;\">Informe de liquidaci\u00f3n<br \/>presupuestaria ejercicio<br \/>2018<\/span><\/h6><div class=\"ub_divider_line\" style=\"border-top: 1px solid #cccccc; margin-top: 5px; margin-bottom: 5px;\">\u00a0<\/div><p style=\"text-align: center;\"><a href=\"https:\/\/ces.gob.gt\/wp-content\/uploads\/2026\/03\/liquidacion-presupuestaria-Estados-financieros-2018.pdf\"><img decoding=\"async\" class=\"alignnone wp-image-5381\" src=\"https:\/\/ces.gob.gt\/wp-content\/uploads\/2025\/08\/pdf.jpg\" alt=\"\" width=\"32\" height=\"41\" srcset=\"https:\/\/ces.gob.gt\/wp-content\/uploads\/2025\/08\/pdf.jpg 50w, https:\/\/ces.gob.gt\/wp-content\/uploads\/2025\/08\/elementor\/thumbs\/pdf-ra7bbocln4tx6428ad23vbof0zu73ax5a55hdig9us.jpg 33w\" sizes=\"(max-width: 32px) 100vw, 32px\" \/><\/a><\/p><\/div>\t\t\t\t\t\t\t\t<\/div>\n\t\t\t\t<\/div>\n\t\t\t\t<div class=\"elementor-element elementor-element-9a822fe elementor-widget elementor-widget-text-editor\" data-id=\"9a822fe\" data-element_type=\"widget\" data-widget_type=\"text-editor.default\">\n\t\t\t\t<div class=\"elementor-widget-container\">\n\t\t\t\t\t\t\t\t\t<div class=\"rectangle\"><h6 class=\"elementor-heading-title elementor-size-default\" style=\"text-align: center;\"><span style=\"color: #999999;\">Informe de liquidaci\u00f3n<br \/>presupuestaria ejercicio<br \/>2017<\/span><\/h6><div class=\"ub_divider_line\" style=\"border-top: 1px solid #cccccc; margin-top: 5px; margin-bottom: 5px;\">\u00a0<\/div><p style=\"text-align: center;\"><a href=\"https:\/\/ces.gob.gt\/wp-content\/uploads\/2026\/03\/Liquidacion-presupuestaria-y-EF-CES-2017.pdf\"><img decoding=\"async\" class=\"alignnone wp-image-5381\" src=\"https:\/\/ces.gob.gt\/wp-content\/uploads\/2025\/08\/pdf.jpg\" alt=\"\" width=\"32\" height=\"41\" srcset=\"https:\/\/ces.gob.gt\/wp-content\/uploads\/2025\/08\/pdf.jpg 50w, https:\/\/ces.gob.gt\/wp-content\/uploads\/2025\/08\/elementor\/thumbs\/pdf-ra7bbocln4tx6428ad23vbof0zu73ax5a55hdig9us.jpg 33w\" sizes=\"(max-width: 32px) 100vw, 32px\" \/><\/a><\/p><\/div>\t\t\t\t\t\t\t\t<\/div>\n\t\t\t\t<\/div>\n\t\t\t\t<div class=\"elementor-element elementor-element-2553d7d elementor-widget elementor-widget-text-editor\" data-id=\"2553d7d\" data-element_type=\"widget\" data-widget_type=\"text-editor.default\">\n\t\t\t\t<div class=\"elementor-widget-container\">\n\t\t\t\t\t\t\t\t\t<div class=\"rectangle\"><h6 class=\"elementor-heading-title elementor-size-default\" style=\"text-align: center;\"><span style=\"color: #999999;\">Informe de liquidaci\u00f3n<br \/>presupuestaria ejercicio<br \/>2016<\/span><\/h6><div class=\"ub_divider_line\" style=\"border-top: 1px solid #cccccc; margin-top: 5px; margin-bottom: 5px;\">\u00a0<\/div><p style=\"text-align: center;\"><a href=\"https:\/\/ces.gob.gt\/wp-content\/uploads\/2026\/03\/liquidacion-del-presupuesto-2016-estados-financieros-ejecucion-presupuestaria-indices-economicos.pdf\"><img decoding=\"async\" class=\"alignnone wp-image-5381\" src=\"https:\/\/ces.gob.gt\/wp-content\/uploads\/2025\/08\/pdf.jpg\" alt=\"\" width=\"32\" height=\"41\" srcset=\"https:\/\/ces.gob.gt\/wp-content\/uploads\/2025\/08\/pdf.jpg 50w, https:\/\/ces.gob.gt\/wp-content\/uploads\/2025\/08\/elementor\/thumbs\/pdf-ra7bbocln4tx6428ad23vbof0zu73ax5a55hdig9us.jpg 33w\" sizes=\"(max-width: 32px) 100vw, 32px\" \/><\/a><\/p><\/div>\t\t\t\t\t\t\t\t<\/div>\n\t\t\t\t<\/div>\n\t\t\t\t<div class=\"elementor-element elementor-element-78be946 elementor-widget elementor-widget-text-editor\" data-id=\"78be946\" data-element_type=\"widget\" data-widget_type=\"text-editor.default\">\n\t\t\t\t<div class=\"elementor-widget-container\">\n\t\t\t\t\t\t\t\t\t<div class=\"rectangle\"><h6 class=\"elementor-heading-title elementor-size-default\" style=\"text-align: center;\"><span style=\"color: #999999;\">Informe de liquidaci\u00f3n<br \/>presupuestaria ejercicio<br \/>2015<\/span><\/h6><div class=\"ub_divider_line\" style=\"border-top: 1px solid #cccccc; margin-top: 5px; margin-bottom: 5px;\">\u00a0<\/div><p style=\"text-align: center;\"><a href=\"https:\/\/ces.gob.gt\/wp-content\/uploads\/2026\/03\/liqudacion-de-presupuesto-2015.pdf\"><img decoding=\"async\" class=\"alignnone wp-image-5381\" src=\"https:\/\/ces.gob.gt\/wp-content\/uploads\/2025\/08\/pdf.jpg\" alt=\"\" width=\"32\" height=\"41\" srcset=\"https:\/\/ces.gob.gt\/wp-content\/uploads\/2025\/08\/pdf.jpg 50w, https:\/\/ces.gob.gt\/wp-content\/uploads\/2025\/08\/elementor\/thumbs\/pdf-ra7bbocln4tx6428ad23vbof0zu73ax5a55hdig9us.jpg 33w\" sizes=\"(max-width: 32px) 100vw, 32px\" \/><\/a><\/p><\/div>\t\t\t\t\t\t\t\t<\/div>\n\t\t\t\t<\/div>\n\t\t\t\t<div class=\"elementor-element elementor-element-dcd2950 elementor-widget elementor-widget-text-editor\" data-id=\"dcd2950\" data-element_type=\"widget\" data-widget_type=\"text-editor.default\">\n\t\t\t\t<div class=\"elementor-widget-container\">\n\t\t\t\t\t\t\t\t\t<div class=\"rectangle\"><h6 class=\"elementor-heading-title elementor-size-default\" style=\"text-align: center;\"><span style=\"color: #999999;\">Informe de liquidaci\u00f3n<br \/>presupuestaria ejercicio<br \/>2014<\/span><\/h6><div class=\"ub_divider_line\" style=\"border-top: 1px solid #cccccc; margin-top: 5px; margin-bottom: 5px;\">\u00a0<\/div><p style=\"text-align: center;\"><a href=\"https:\/\/ces.gob.gt\/wp-content\/uploads\/2026\/03\/Estados-Financieros-2014.pdf\"><img decoding=\"async\" class=\"alignnone wp-image-5381\" src=\"https:\/\/ces.gob.gt\/wp-content\/uploads\/2025\/08\/pdf.jpg\" alt=\"\" width=\"32\" height=\"41\" srcset=\"https:\/\/ces.gob.gt\/wp-content\/uploads\/2025\/08\/pdf.jpg 50w, https:\/\/ces.gob.gt\/wp-content\/uploads\/2025\/08\/elementor\/thumbs\/pdf-ra7bbocln4tx6428ad23vbof0zu73ax5a55hdig9us.jpg 33w\" sizes=\"(max-width: 32px) 100vw, 32px\" \/><\/a><\/p><\/div>\t\t\t\t\t\t\t\t<\/div>\n\t\t\t\t<\/div>\n\t\t\t\t<div class=\"elementor-element elementor-element-ffd8673 elementor-widget elementor-widget-text-editor\" data-id=\"ffd8673\" data-element_type=\"widget\" data-widget_type=\"text-editor.default\">\n\t\t\t\t<div class=\"elementor-widget-container\">\n\t\t\t\t\t\t\t\t\t<div class=\"rectangle\"><h6 class=\"elementor-heading-title elementor-size-default\" style=\"text-align: center;\"><span style=\"color: #999999;\">Informe de liquidaci\u00f3n<br \/>presupuestaria ejercicio<br \/>2013<\/span><\/h6><div class=\"ub_divider_line\" style=\"border-top: 1px solid #cccccc; margin-top: 5px; margin-bottom: 5px;\">\u00a0<\/div><p style=\"text-align: center;\"><a href=\"https:\/\/ces.gob.gt\/wp-content\/uploads\/2026\/03\/estados-financieros-2013.pdf\"><img decoding=\"async\" class=\"alignnone wp-image-5381\" src=\"https:\/\/ces.gob.gt\/wp-content\/uploads\/2025\/08\/pdf.jpg\" alt=\"\" width=\"32\" height=\"41\" srcset=\"https:\/\/ces.gob.gt\/wp-content\/uploads\/2025\/08\/pdf.jpg 50w, https:\/\/ces.gob.gt\/wp-content\/uploads\/2025\/08\/elementor\/thumbs\/pdf-ra7bbocln4tx6428ad23vbof0zu73ax5a55hdig9us.jpg 33w\" sizes=\"(max-width: 32px) 100vw, 32px\" \/><\/a><\/p><\/div>\t\t\t\t\t\t\t\t<\/div>\n\t\t\t\t<\/div>\n\t\t\t\t\t<\/div>\n\t\t\t\t<\/div>\n\t\t\t\t\t<\/div>\n\t\t<\/div>\n\t\t\t\t\t<\/div>\n\t\t<\/section>\n\t\t\t\t<\/div>\n\t\t","protected":false},"excerpt":{"rendered":"<p>Transparencia presupuestaria \/ Art\u00edculo 17 Ter Art\u00edculo 17 Ter, Literal h) Informe de liquidaci\u00f3n presupuestaria Informe de liquidaci\u00f3npresupuestaria ejercicio2025 \u00a0 Informe de liquidaci\u00f3npresupuestaria ejercicio2024 \u00a0 Informe de liquidaci\u00f3npresupuestaria ejercicio2023 \u00a0 Informe de liquidaci\u00f3npresupuestaria ejercicio2022 \u00a0 Informe de liquidaci\u00f3npresupuestaria ejercicio2021 \u00a0 Informe de liquidaci\u00f3npresupuestaria ejercicio2020 \u00a0 Informe de liquidaci\u00f3npresupuestaria ejercicio2019 \u00a0 Informe de liquidaci\u00f3npresupuestaria ejercicio2018 \u00a0&#8230;<\/p>\n","protected":false},"author":2,"featured_media":0,"parent":4734,"menu_order":0,"comment_status":"closed","ping_status":"closed","template":"elementor_header_footer","meta":{"footnotes":""},"class_list":["post-16206","page","type-page","status-publish","hentry"],"_links":{"self":[{"href":"https:\/\/ces.gob.gt\/index.php\/wp-json\/wp\/v2\/pages\/16206","targetHints":{"allow":["GET"]}}],"collection":[{"href":"https:\/\/ces.gob.gt\/index.php\/wp-json\/wp\/v2\/pages"}],"about":[{"href":"https:\/\/ces.gob.gt\/index.php\/wp-json\/wp\/v2\/types\/page"}],"author":[{"embeddable":true,"href":"https:\/\/ces.gob.gt\/index.php\/wp-json\/wp\/v2\/users\/2"}],"replies":[{"embeddable":true,"href":"https:\/\/ces.gob.gt\/index.php\/wp-json\/wp\/v2\/comments?post=16206"}],"version-history":[{"count":82,"href":"https:\/\/ces.gob.gt\/index.php\/wp-json\/wp\/v2\/pages\/16206\/revisions"}],"predecessor-version":[{"id":16944,"href":"https:\/\/ces.gob.gt\/index.php\/wp-json\/wp\/v2\/pages\/16206\/revisions\/16944"}],"up":[{"embeddable":true,"href":"https:\/\/ces.gob.gt\/index.php\/wp-json\/wp\/v2\/pages\/4734"}],"wp:attachment":[{"href":"https:\/\/ces.gob.gt\/index.php\/wp-json\/wp\/v2\/media?parent=16206"}],"curies":[{"name":"wp","href":"https:\/\/api.w.org\/{rel}","templated":true}]}}