{"id":16378,"date":"2026-03-09T21:56:43","date_gmt":"2026-03-09T20:56:43","guid":{"rendered":"https:\/\/ces.gob.gt\/?page_id=16378"},"modified":"2026-05-13T14:02:49","modified_gmt":"2026-05-13T12:02:49","slug":"17-bis-gestion-presupuestaria-por-resultados","status":"publish","type":"page","link":"https:\/\/ces.gob.gt\/index.php\/informacion-publica\/17-bis-gestion-presupuestaria-por-resultados\/","title":{"rendered":"17 bis Gesti\u00f3n presupuestaria por resultados"},"content":{"rendered":"\t\t<div data-elementor-type=\"wp-page\" data-elementor-id=\"16378\" class=\"elementor elementor-16378\" data-elementor-post-type=\"page\">\n\t\t\t\t\t\t<section class=\"elementor-section elementor-top-section elementor-element elementor-element-313ee99 elementor-section-stretched elementor-section-boxed elementor-section-height-default elementor-section-height-default\" data-id=\"313ee99\" data-element_type=\"section\" data-e-type=\"section\" data-settings=\"{&quot;stretch_section&quot;:&quot;section-stretched&quot;,&quot;background_background&quot;:&quot;classic&quot;}\">\n\t\t\t\t\t\t<div class=\"elementor-container elementor-column-gap-default\">\n\t\t\t\t\t<div class=\"elementor-column elementor-col-50 elementor-top-column elementor-element elementor-element-e0699b1\" data-id=\"e0699b1\" data-element_type=\"column\" data-e-type=\"column\">\n\t\t\t<div class=\"elementor-widget-wrap elementor-element-populated\">\n\t\t\t\t\t\t<div class=\"elementor-element elementor-element-a6d2a4d iconoinfox elementor-view-default elementor-widget elementor-widget-icon\" data-id=\"a6d2a4d\" data-element_type=\"widget\" data-e-type=\"widget\" id=\"iconoinfo\" data-widget_type=\"icon.default\">\n\t\t\t\t<div class=\"elementor-widget-container\">\n\t\t\t\t\t\t\t<div class=\"elementor-icon-wrapper\">\n\t\t\t<div class=\"elementor-icon\">\n\t\t\t<svg xmlns=\"http:\/\/www.w3.org\/2000\/svg\" xmlns:xlink=\"http:\/\/www.w3.org\/1999\/xlink\" id=\"Layer_1\" viewBox=\"0 0 512 512\"><defs><style>      .st0 {        fill: #f1752b;      }    <\/style><\/defs><path class=\"st0\" d=\"M362.3,79.3h-79v-31.2c0-4.7-3.8-8.5-8.4-8.5h-31.9c-4.4-16.3-19.2-28.1-36.7-28.1h-2.2c-17.4,0-32.3,11.8-36.7,28.1h-31.1c-4.7,0-8.4,3.8-8.4,8.5v31.2H48.8c-11.6,0-21.1,9.5-21.1,21.1v379c0,11.6,9.5,21.1,21.1,21.1h313.5c11.6,0,21.1-9.5,21.1-21.1V100.4c0-11.6-9.5-21.1-21.1-21.1ZM144.7,56.6h29.9c4.5,0,8.2-3.5,8.4-8,.6-11.3,9.9-20.1,21.1-20.1h2.2c11.2,0,20.5,8.8,21.1,20.1.2,4.5,3.9,8,8.4,8h30.6v53.5h-121.7v-53.5ZM366.5,479.3c0,2.3-1.9,4.2-4.2,4.2H48.8c-2.3,0-4.2-1.9-4.2-4.2V100.4c0-2.3,1.9-4.2,4.2-4.2h79v22.3c0,4.7,3.8,8.4,8.4,8.4h138.6c4.7,0,8.4-3.8,8.4-8.4v-22.3h79c2.3,0,4.2,1.9,4.2,4.2v379Z\"><\/path><path class=\"st0\" d=\"M342.1,166.4H77.2c-4.7,0-8.5,3.8-8.5,8.5s3.8,8.4,8.5,8.4h265c4.7,0,8.5-3.8,8.5-8.4s-3.8-8.5-8.5-8.5Z\"><\/path><path class=\"st0\" d=\"M342.1,215.3H77.2c-4.7,0-8.5,3.8-8.5,8.4s3.8,8.4,8.5,8.4h265c4.7,0,8.5-3.8,8.5-8.4s-3.8-8.4-8.5-8.4Z\"><\/path><path class=\"st0\" d=\"M173.1,264.3h-95.9c-4.7,0-8.5,3.8-8.5,8.4s3.8,8.4,8.5,8.4h95.9c4.7,0,8.5-3.8,8.5-8.4s-3.8-8.4-8.5-8.4Z\"><\/path><path class=\"st0\" d=\"M451.8,79.3c-17.9,0-32.5,14.6-32.5,32.5v278c0,13.1,2,26,5.9,38.5l16.8,53.9c1.4,4.3,5.3,7.2,9.8,7.2h0c4.5,0,8.5-2.9,9.8-7.2l16.8-53.9c3.9-12.5,5.9-25.4,5.9-38.5V111.8c0-17.9-14.6-32.5-32.5-32.5ZM436.1,389.8v-220.2h31.3v220.2c0,3.3-.2,6.6-.5,9.9h-30.3c-.3-3.3-.5-6.6-.5-9.9ZM451.8,96.2c8.6,0,15.6,7,15.6,15.6v40.9h-31.3v-40.9c0-8.6,7-15.6,15.6-15.6ZM451.8,457l-10.5-33.7c-.7-2.2-1.3-4.4-1.8-6.6h24.7c-.5,2.2-1.1,4.4-1.8,6.6l-10.5,33.7Z\"><\/path><path class=\"st0\" d=\"M340.8,310.2c-3.7-2.9-9-2.2-11.9,1.5l-59.7,76.6-23.3-29.2c-2.9-3.6-8.2-4.2-11.9-1.3-3.6,2.9-4.2,8.2-1.3,11.9l30,37.5c1.6,2,4,3.2,6.6,3.2h0c2.6,0,5-1.2,6.6-3.3l66.3-85c2.9-3.7,2.2-9-1.5-11.9Z\"><\/path><path class=\"st0\" d=\"M334.4,362.2c-4.7,0-8.5,3.8-8.5,8.4,0,32.6-26.5,59.1-59.1,59.1s-59.1-26.5-59.1-59.1,26.5-59.1,59.1-59.1,17.1,1.9,24.9,5.5c4.2,2,9.3.1,11.2-4.1,2-4.2.1-9.3-4.1-11.2-10.1-4.7-20.9-7.1-32.1-7.1-41.9,0-76,34.1-76,76s34.1,76,76,76,76-34.1,76-76-3.8-8.4-8.4-8.4Z\"><\/path><\/svg>\t\t\t<\/div>\n\t\t<\/div>\n\t\t\t\t\t\t<\/div>\n\t\t\t\t<\/div>\n\t\t\t\t\t<\/div>\n\t\t<\/div>\n\t\t\t\t<div class=\"elementor-column elementor-col-50 elementor-top-column elementor-element elementor-element-a4a82f5\" data-id=\"a4a82f5\" data-element_type=\"column\" data-e-type=\"column\">\n\t\t\t<div class=\"elementor-widget-wrap elementor-element-populated\">\n\t\t\t\t\t\t<div class=\"elementor-element elementor-element-951910b elementor-widget__width-initial elementor-widget elementor-widget-back-core-heading\" data-id=\"951910b\" data-element_type=\"widget\" data-e-type=\"widget\" data-widget_type=\"back-core-heading.default\">\n\t\t\t\t<div class=\"elementor-widget-container\">\n\t\t\t\t\t        <div class=\"back-heading default left \">\r\n            <div class=\"title-inner\">        \t\t      \t\t\r\n\t            <span class=\"sub-text \">Transparencia presupuestaria \/ <\/span><h2 class=\"title\"><span class=\"watermark\"><\/span>Art\u00edculo 17 Bis Gesti\u00f3n presupuestaria por resultados<\/h2>\t        <\/div>\r\n\t                <\/div>\r\n\r\n        \t\t\t\t<\/div>\n\t\t\t\t<\/div>\n\t\t\t\t\t<\/div>\n\t\t<\/div>\n\t\t\t\t\t<\/div>\n\t\t<\/section>\n\t\t\t\t<section class=\"elementor-section elementor-top-section elementor-element elementor-element-bd17bc1 elementor-section-stretched elementor-section-full_width elementor-section-height-default elementor-section-height-default\" data-id=\"bd17bc1\" data-element_type=\"section\" data-e-type=\"section\" data-settings=\"{&quot;stretch_section&quot;:&quot;section-stretched&quot;}\">\n\t\t\t\t\t\t<div class=\"elementor-container elementor-column-gap-default\">\n\t\t\t\t\t<div class=\"elementor-column elementor-col-100 elementor-top-column elementor-element elementor-element-fe6d951\" data-id=\"fe6d951\" data-element_type=\"column\" data-e-type=\"column\">\n\t\t\t<div class=\"elementor-widget-wrap elementor-element-populated\">\n\t\t\t\t\t\t<section class=\"elementor-section elementor-inner-section elementor-element elementor-element-fe7ad3e elementor-section-boxed elementor-section-height-default elementor-section-height-default\" data-id=\"fe7ad3e\" data-element_type=\"section\" data-e-type=\"section\">\n\t\t\t\t\t\t<div class=\"elementor-container elementor-column-gap-default\">\n\t\t\t\t\t<div class=\"elementor-column elementor-col-33 elementor-inner-column elementor-element elementor-element-b630db1\" data-id=\"b630db1\" data-element_type=\"column\" data-e-type=\"column\">\n\t\t\t<div class=\"elementor-widget-wrap\">\n\t\t\t\t\t\t\t<\/div>\n\t\t<\/div>\n\t\t\t\t<div class=\"elementor-column elementor-col-33 elementor-inner-column elementor-element elementor-element-ae947fc\" data-id=\"ae947fc\" data-element_type=\"column\" data-e-type=\"column\">\n\t\t\t<div class=\"elementor-widget-wrap elementor-element-populated\">\n\t\t\t\t<div class=\"elementor-element elementor-element-17b0087 e-grid e-con-boxed e-con e-parent\" data-id=\"17b0087\" data-element_type=\"container\" data-e-type=\"container\">\n\t\t\t\t\t<div class=\"e-con-inner\">\n\t\t\t\t<div class=\"elementor-element elementor-element-7aaaa96 elementor-widget elementor-widget-button\" data-id=\"7aaaa96\" data-element_type=\"widget\" data-e-type=\"widget\" data-widget_type=\"button.default\">\n\t\t\t\t<div class=\"elementor-widget-container\">\n\t\t\t\t\t\t\t\t\t<div class=\"elementor-button-wrapper\">\n\t\t\t\t\t<a class=\"elementor-button elementor-size-sm\" role=\"button\">\n\t\t\t\t\t\t<span class=\"elementor-button-content-wrapper\">\n\t\t\t\t\t\t\t\t\t<span class=\"elementor-button-text\">Gesti\u00f3n presupuestaria por resultados<\/span>\n\t\t\t\t\t<\/span>\n\t\t\t\t\t<\/a>\n\t\t\t\t<\/div>\n\t\t\t\t\t\t\t\t<\/div>\n\t\t\t\t<\/div>\n\t\t\t\t<div class=\"elementor-element elementor-element-54e4aa2 elementor-widget elementor-widget-n-accordion\" data-id=\"54e4aa2\" data-element_type=\"widget\" data-e-type=\"widget\" data-settings=\"{&quot;default_state&quot;:&quot;expanded&quot;,&quot;max_items_expended&quot;:&quot;one&quot;,&quot;n_accordion_animation_duration&quot;:{&quot;unit&quot;:&quot;ms&quot;,&quot;size&quot;:400,&quot;sizes&quot;:[]}}\" data-widget_type=\"nested-accordion.default\">\n\t\t\t\t<div class=\"elementor-widget-container\">\n\t\t\t\t\t\t\t<div class=\"e-n-accordion\" aria-label=\"Accordion. Open links with Enter or Space, close with Escape, and navigate with Arrow Keys\">\n\t\t\t\t\t\t<details id=\"e-n-accordion-item-8900\" class=\"e-n-accordion-item\" open>\n\t\t\t\t<summary class=\"e-n-accordion-item-title\" data-accordion-index=\"1\" tabindex=\"0\" aria-expanded=\"true\" aria-controls=\"e-n-accordion-item-8900\" >\n\t\t\t\t\t<span class='e-n-accordion-item-title-header'><div class=\"e-n-accordion-item-title-text\"> 2026 <\/div><\/span>\n\t\t\t\t\t\t\t<span class='e-n-accordion-item-title-icon'>\n\t\t\t<span class='e-opened' ><svg aria-hidden=\"true\" class=\"e-font-icon-svg e-fas-minus\" viewBox=\"0 0 448 512\" xmlns=\"http:\/\/www.w3.org\/2000\/svg\"><path d=\"M416 208H32c-17.67 0-32 14.33-32 32v32c0 17.67 14.33 32 32 32h384c17.67 0 32-14.33 32-32v-32c0-17.67-14.33-32-32-32z\"><\/path><\/svg><\/span>\n\t\t\t<span class='e-closed'><svg aria-hidden=\"true\" class=\"e-font-icon-svg e-fas-plus\" viewBox=\"0 0 448 512\" xmlns=\"http:\/\/www.w3.org\/2000\/svg\"><path d=\"M416 208H272V64c0-17.67-14.33-32-32-32h-32c-17.67 0-32 14.33-32 32v144H32c-17.67 0-32 14.33-32 32v32c0 17.67 14.33 32 32 32h144v144c0 17.67 14.33 32 32 32h32c17.67 0 32-14.33 32-32V304h144c17.67 0 32-14.33 32-32v-32c0-17.67-14.33-32-32-32z\"><\/path><\/svg><\/span>\n\t\t<\/span>\n\n\t\t\t\t\t\t<\/summary>\n\t\t\t\t<div role=\"region\" aria-labelledby=\"e-n-accordion-item-8900\" class=\"elementor-element elementor-element-6a9644d e-con-full e-flex e-con e-child\" data-id=\"6a9644d\" data-element_type=\"container\" data-e-type=\"container\">\n\t\t<div role=\"region\" aria-labelledby=\"e-n-accordion-item-8900\" class=\"elementor-element elementor-element-25dbf76 e-grid e-con-full e-con e-child\" data-id=\"25dbf76\" data-element_type=\"container\" data-e-type=\"container\">\n\t\t\t\t<div class=\"elementor-element elementor-element-fbd02b3 elementor-widget elementor-widget-text-editor\" data-id=\"fbd02b3\" data-element_type=\"widget\" data-e-type=\"widget\" data-widget_type=\"text-editor.default\">\n\t\t\t\t<div class=\"elementor-widget-container\">\n\t\t\t\t\t\t\t\t\t<div class=\"rectangle\">\n<h6 class=\"elementor-heading-title elementor-size-default\" style=\"text-align: center;\"><span style=\"color: #999999;\">Primer cuatrimestral 2026\n<\/span><\/h6>\n<div class=\"ub_divider_line\" style=\"border-top: 1px solid #cccccc; margin-top: 5px; margin-bottom: 5px;\"><\/div>\n<p style=\"text-align: center;\"><a href=\"https:\/\/ces.gob.gt\/wp-content\/uploads\/2025\/09\/Informe-Estrategia-para-mejora-de-la-ejecucion-y-calidad-del-gastos-publico-CES-2025_-final.pdf\"><img decoding=\"async\" class=\"alignnone wp-image-5381\" src=\"https:\/\/ces.gob.gt\/wp-content\/uploads\/2025\/08\/pdf.jpg\" alt=\"\" width=\"32\" height=\"41\" srcset=\"https:\/\/ces.gob.gt\/wp-content\/uploads\/2025\/08\/pdf.jpg 50w, https:\/\/ces.gob.gt\/wp-content\/uploads\/2025\/08\/elementor\/thumbs\/pdf-ra7bbocln4tx6428ad23vbof0zu73ax5a55hdig9us.jpg 33w\" sizes=\"(max-width: 32px) 100vw, 32px\" \/><\/a><\/p>\n\n<\/div>\t\t\t\t\t\t\t\t<\/div>\n\t\t\t\t<\/div>\n\t\t\t\t<div class=\"elementor-element elementor-element-9dc0742 elementor-widget elementor-widget-text-editor\" data-id=\"9dc0742\" data-element_type=\"widget\" data-e-type=\"widget\" data-widget_type=\"text-editor.default\">\n\t\t\t\t<div class=\"elementor-widget-container\">\n\t\t\t\t\t\t\t\t\t<div class=\"rectangle\">\n<h6 class=\"elementor-heading-title elementor-size-default\" style=\"text-align: center;\"><span style=\"color: #999999;\">Segundo cuatrimestral 2026\n<\/span><\/h6>\n<div class=\"ub_divider_line\" style=\"border-top: 1px solid #cccccc; margin-top: 5px; margin-bottom: 5px;\"><\/div>\n<p style=\"text-align: center;\"><a href=\"https:\/\/ces.gob.gt\/wp-content\/uploads\/2025\/09\/Informe-Estrategia-para-mejora-de-la-ejecucion-y-calidad-del-gastos-publico-CES-2025_-final.pdf\"><img decoding=\"async\" class=\"alignnone wp-image-5381\" src=\"https:\/\/ces.gob.gt\/wp-content\/uploads\/2025\/08\/pdf.jpg\" alt=\"\" width=\"32\" height=\"41\" srcset=\"https:\/\/ces.gob.gt\/wp-content\/uploads\/2025\/08\/pdf.jpg 50w, https:\/\/ces.gob.gt\/wp-content\/uploads\/2025\/08\/elementor\/thumbs\/pdf-ra7bbocln4tx6428ad23vbof0zu73ax5a55hdig9us.jpg 33w\" sizes=\"(max-width: 32px) 100vw, 32px\" \/><\/a><\/p>\n\n<\/div>\t\t\t\t\t\t\t\t<\/div>\n\t\t\t\t<\/div>\n\t\t\t\t<div class=\"elementor-element elementor-element-2f6e3a9 elementor-widget elementor-widget-text-editor\" data-id=\"2f6e3a9\" data-element_type=\"widget\" data-e-type=\"widget\" data-widget_type=\"text-editor.default\">\n\t\t\t\t<div class=\"elementor-widget-container\">\n\t\t\t\t\t\t\t\t\t<div class=\"rectangle\">\n<h6 class=\"elementor-heading-title elementor-size-default\" style=\"text-align: center;\"><span style=\"color: #999999;\">Tercer cuatrimestral 2026\n<\/span><\/h6>\n<div class=\"ub_divider_line\" style=\"border-top: 1px solid #cccccc; margin-top: 5px; margin-bottom: 5px;\"><\/div>\n<p style=\"text-align: center;\"><a href=\"https:\/\/ces.gob.gt\/wp-content\/uploads\/2025\/09\/Informe-Estrategia-para-mejora-de-la-ejecucion-y-calidad-del-gastos-publico-CES-2025_-final.pdf\"><img decoding=\"async\" class=\"alignnone wp-image-5381\" src=\"https:\/\/ces.gob.gt\/wp-content\/uploads\/2025\/08\/pdf.jpg\" alt=\"\" width=\"32\" height=\"41\" srcset=\"https:\/\/ces.gob.gt\/wp-content\/uploads\/2025\/08\/pdf.jpg 50w, https:\/\/ces.gob.gt\/wp-content\/uploads\/2025\/08\/elementor\/thumbs\/pdf-ra7bbocln4tx6428ad23vbof0zu73ax5a55hdig9us.jpg 33w\" sizes=\"(max-width: 32px) 100vw, 32px\" \/><\/a><\/p>\n\n<\/div>\t\t\t\t\t\t\t\t<\/div>\n\t\t\t\t<\/div>\n\t\t\t\t<\/div>\n\t\t\t\t<\/div>\n\t\t\t\t\t<\/details>\n\t\t\t\t\t\t<details id=\"e-n-accordion-item-8901\" class=\"e-n-accordion-item\" >\n\t\t\t\t<summary class=\"e-n-accordion-item-title\" data-accordion-index=\"2\" tabindex=\"-1\" aria-expanded=\"false\" aria-controls=\"e-n-accordion-item-8901\" >\n\t\t\t\t\t<span class='e-n-accordion-item-title-header'><div class=\"e-n-accordion-item-title-text\"> 2025 <\/div><\/span>\n\t\t\t\t\t\t\t<span class='e-n-accordion-item-title-icon'>\n\t\t\t<span class='e-opened' ><svg aria-hidden=\"true\" class=\"e-font-icon-svg e-fas-minus\" viewBox=\"0 0 448 512\" xmlns=\"http:\/\/www.w3.org\/2000\/svg\"><path d=\"M416 208H32c-17.67 0-32 14.33-32 32v32c0 17.67 14.33 32 32 32h384c17.67 0 32-14.33 32-32v-32c0-17.67-14.33-32-32-32z\"><\/path><\/svg><\/span>\n\t\t\t<span class='e-closed'><svg aria-hidden=\"true\" class=\"e-font-icon-svg e-fas-plus\" viewBox=\"0 0 448 512\" xmlns=\"http:\/\/www.w3.org\/2000\/svg\"><path d=\"M416 208H272V64c0-17.67-14.33-32-32-32h-32c-17.67 0-32 14.33-32 32v144H32c-17.67 0-32 14.33-32 32v32c0 17.67 14.33 32 32 32h144v144c0 17.67 14.33 32 32 32h32c17.67 0 32-14.33 32-32V304h144c17.67 0 32-14.33 32-32v-32c0-17.67-14.33-32-32-32z\"><\/path><\/svg><\/span>\n\t\t<\/span>\n\n\t\t\t\t\t\t<\/summary>\n\t\t\t\t<div role=\"region\" aria-labelledby=\"e-n-accordion-item-8901\" class=\"elementor-element elementor-element-842e1d2 e-con-full e-flex e-con e-child\" data-id=\"842e1d2\" data-element_type=\"container\" data-e-type=\"container\">\n\t\t<div role=\"region\" aria-labelledby=\"e-n-accordion-item-8901\" class=\"elementor-element elementor-element-afdf688 e-grid e-con-full e-con e-child\" data-id=\"afdf688\" data-element_type=\"container\" data-e-type=\"container\">\n\t\t\t\t<div class=\"elementor-element elementor-element-e9a8342 elementor-widget elementor-widget-text-editor\" data-id=\"e9a8342\" data-element_type=\"widget\" data-e-type=\"widget\" data-widget_type=\"text-editor.default\">\n\t\t\t\t<div class=\"elementor-widget-container\">\n\t\t\t\t\t\t\t\t\t<div class=\"rectangle\">\n<h6 class=\"elementor-heading-title elementor-size-default\" style=\"text-align: center;\"><span style=\"color: #999999;\">Primer cuatrimestral 2025\n<\/span><\/h6>\n<div class=\"ub_divider_line\" style=\"border-top: 1px solid #cccccc; margin-top: 5px; margin-bottom: 5px;\"><\/div>\n<p style=\"text-align: center;\"><a href=\"https:\/\/ces.gob.gt\/wp-content\/uploads\/2025\/09\/Informe-Estrategia-para-mejora-de-la-ejecucion-y-calidad-del-gastos-publico-CES-2025_-final.pdf\"><img decoding=\"async\" class=\"alignnone wp-image-5381\" src=\"https:\/\/ces.gob.gt\/wp-content\/uploads\/2025\/08\/pdf.jpg\" alt=\"\" width=\"32\" height=\"41\" srcset=\"https:\/\/ces.gob.gt\/wp-content\/uploads\/2025\/08\/pdf.jpg 50w, https:\/\/ces.gob.gt\/wp-content\/uploads\/2025\/08\/elementor\/thumbs\/pdf-ra7bbocln4tx6428ad23vbof0zu73ax5a55hdig9us.jpg 33w\" sizes=\"(max-width: 32px) 100vw, 32px\" \/><\/a><\/p>\n\n<\/div>\t\t\t\t\t\t\t\t<\/div>\n\t\t\t\t<\/div>\n\t\t\t\t<div class=\"elementor-element elementor-element-d186f93 elementor-widget elementor-widget-text-editor\" data-id=\"d186f93\" data-element_type=\"widget\" data-e-type=\"widget\" data-widget_type=\"text-editor.default\">\n\t\t\t\t<div class=\"elementor-widget-container\">\n\t\t\t\t\t\t\t\t\t<div class=\"rectangle\">\n<h6 class=\"elementor-heading-title elementor-size-default\" style=\"text-align: center;\"><span style=\"color: #999999;\">Segundo cuatrimestral 2025\n<\/span><\/h6>\n<div class=\"ub_divider_line\" style=\"border-top: 1px solid #cccccc; margin-top: 5px; margin-bottom: 5px;\"><\/div>\n<p style=\"text-align: center;\"><a href=\"https:\/\/ces.gob.gt\/wp-content\/uploads\/2025\/09\/Informe-Estrategia-para-mejora-de-la-ejecucion-y-calidad-del-gastos-publico-CES-2025_-final.pdf\"><img decoding=\"async\" class=\"alignnone wp-image-5381\" src=\"https:\/\/ces.gob.gt\/wp-content\/uploads\/2025\/08\/pdf.jpg\" alt=\"\" width=\"32\" height=\"41\" srcset=\"https:\/\/ces.gob.gt\/wp-content\/uploads\/2025\/08\/pdf.jpg 50w, https:\/\/ces.gob.gt\/wp-content\/uploads\/2025\/08\/elementor\/thumbs\/pdf-ra7bbocln4tx6428ad23vbof0zu73ax5a55hdig9us.jpg 33w\" sizes=\"(max-width: 32px) 100vw, 32px\" \/><\/a><\/p>\n\n<\/div>\t\t\t\t\t\t\t\t<\/div>\n\t\t\t\t<\/div>\n\t\t\t\t<div class=\"elementor-element elementor-element-ebbb57f elementor-widget elementor-widget-text-editor\" data-id=\"ebbb57f\" data-element_type=\"widget\" data-e-type=\"widget\" data-widget_type=\"text-editor.default\">\n\t\t\t\t<div class=\"elementor-widget-container\">\n\t\t\t\t\t\t\t\t\t<div class=\"rectangle\">\n<h6 class=\"elementor-heading-title elementor-size-default\" style=\"text-align: center;\"><span style=\"color: #999999;\">Tercer cuatrimestral 2025\n<\/span><\/h6>\n<div class=\"ub_divider_line\" style=\"border-top: 1px solid #cccccc; margin-top: 5px; margin-bottom: 5px;\"><\/div>\n<p style=\"text-align: center;\"><a href=\"https:\/\/ces.gob.gt\/wp-content\/uploads\/2025\/09\/Informe-Estrategia-para-mejora-de-la-ejecucion-y-calidad-del-gastos-publico-CES-2025_-final.pdf\"><img decoding=\"async\" class=\"alignnone wp-image-5381\" src=\"https:\/\/ces.gob.gt\/wp-content\/uploads\/2025\/08\/pdf.jpg\" alt=\"\" width=\"32\" height=\"41\" srcset=\"https:\/\/ces.gob.gt\/wp-content\/uploads\/2025\/08\/pdf.jpg 50w, https:\/\/ces.gob.gt\/wp-content\/uploads\/2025\/08\/elementor\/thumbs\/pdf-ra7bbocln4tx6428ad23vbof0zu73ax5a55hdig9us.jpg 33w\" sizes=\"(max-width: 32px) 100vw, 32px\" \/><\/a><\/p>\n\n<\/div>\t\t\t\t\t\t\t\t<\/div>\n\t\t\t\t<\/div>\n\t\t\t\t<\/div>\n\t\t\t\t<\/div>\n\t\t\t\t\t<\/details>\n\t\t\t\t\t<\/div>\n\t\t\t\t\t\t<\/div>\n\t\t\t\t<\/div>\n\t\t\t\t\t<\/div>\n\t\t\t\t<\/div>\n\t\t\t\t\t<\/div>\n\t\t<\/div>\n\t\t\t\t<div class=\"elementor-column elementor-col-33 elementor-inner-column elementor-element elementor-element-3ba3f31\" data-id=\"3ba3f31\" data-element_type=\"column\" data-e-type=\"column\">\n\t\t\t<div class=\"elementor-widget-wrap\">\n\t\t\t\t\t\t\t<\/div>\n\t\t<\/div>\n\t\t\t\t\t<\/div>\n\t\t<\/section>\n\t\t\t\t\t<\/div>\n\t\t<\/div>\n\t\t\t\t\t<\/div>\n\t\t<\/section>\n\t\t\t\t<\/div>\n\t\t","protected":false},"excerpt":{"rendered":"<p>Transparencia presupuestaria \/ Art\u00edculo 17 Bis Gesti\u00f3n presupuestaria por resultados Gesti\u00f3n presupuestaria por resultados 2026 Primer cuatrimestral 2026 Segundo cuatrimestral 2026 Tercer cuatrimestral 2026 2025 Primer cuatrimestral 2025 Segundo cuatrimestral 2025 Tercer cuatrimestral 2025 Primer cuatrimestral 2026 Segundo cuatrimestral 2026 Tercer cuatrimestral 2026 Primer cuatrimestral 2025 Segundo cuatrimestral 2025 Tercer cuatrimestral 2025<\/p>\n","protected":false},"author":2,"featured_media":0,"parent":4734,"menu_order":0,"comment_status":"closed","ping_status":"closed","template":"elementor_header_footer","meta":{"footnotes":""},"class_list":["post-16378","page","type-page","status-publish","hentry"],"_links":{"self":[{"href":"https:\/\/ces.gob.gt\/index.php\/wp-json\/wp\/v2\/pages\/16378","targetHints":{"allow":["GET"]}}],"collection":[{"href":"https:\/\/ces.gob.gt\/index.php\/wp-json\/wp\/v2\/pages"}],"about":[{"href":"https:\/\/ces.gob.gt\/index.php\/wp-json\/wp\/v2\/types\/page"}],"author":[{"embeddable":true,"href":"https:\/\/ces.gob.gt\/index.php\/wp-json\/wp\/v2\/users\/2"}],"replies":[{"embeddable":true,"href":"https:\/\/ces.gob.gt\/index.php\/wp-json\/wp\/v2\/comments?post=16378"}],"version-history":[{"count":11,"href":"https:\/\/ces.gob.gt\/index.php\/wp-json\/wp\/v2\/pages\/16378\/revisions"}],"predecessor-version":[{"id":17643,"href":"https:\/\/ces.gob.gt\/index.php\/wp-json\/wp\/v2\/pages\/16378\/revisions\/17643"}],"up":[{"embeddable":true,"href":"https:\/\/ces.gob.gt\/index.php\/wp-json\/wp\/v2\/pages\/4734"}],"wp:attachment":[{"href":"https:\/\/ces.gob.gt\/index.php\/wp-json\/wp\/v2\/media?parent=16378"}],"curies":[{"name":"wp","href":"https:\/\/api.w.org\/{rel}","templated":true}]}}