{"id":17093,"date":"2026-04-08T15:50:32","date_gmt":"2026-04-08T13:50:32","guid":{"rendered":"https:\/\/ces.gob.gt\/?page_id=17093"},"modified":"2026-04-10T20:11:00","modified_gmt":"2026-04-10T18:11:00","slug":"articulo-30-redes-sociales","status":"publish","type":"page","link":"https:\/\/ces.gob.gt\/index.php\/informacion-publica\/articulo-30-redes-sociales\/","title":{"rendered":"Art\u00edculo 30 Redes Sociales"},"content":{"rendered":"\t\t<div data-elementor-type=\"wp-page\" data-elementor-id=\"17093\" class=\"elementor elementor-17093\" data-elementor-post-type=\"page\">\n\t\t\t\t\t\t<section class=\"elementor-section elementor-top-section elementor-element elementor-element-313ee99 elementor-section-stretched elementor-section-boxed elementor-section-height-default elementor-section-height-default\" data-id=\"313ee99\" data-element_type=\"section\" data-settings=\"{&quot;stretch_section&quot;:&quot;section-stretched&quot;,&quot;background_background&quot;:&quot;classic&quot;}\">\n\t\t\t\t\t\t<div class=\"elementor-container elementor-column-gap-default\">\n\t\t\t\t\t<div class=\"elementor-column elementor-col-50 elementor-top-column elementor-element elementor-element-e0699b1\" data-id=\"e0699b1\" data-element_type=\"column\">\n\t\t\t<div class=\"elementor-widget-wrap elementor-element-populated\">\n\t\t\t\t\t\t<div class=\"elementor-element elementor-element-a6d2a4d iconoinfox elementor-view-default elementor-widget elementor-widget-icon\" data-id=\"a6d2a4d\" data-element_type=\"widget\" id=\"iconoinfo\" data-widget_type=\"icon.default\">\n\t\t\t\t<div class=\"elementor-widget-container\">\n\t\t\t\t\t\t\t<div class=\"elementor-icon-wrapper\">\n\t\t\t<div class=\"elementor-icon\">\n\t\t\t<svg xmlns=\"http:\/\/www.w3.org\/2000\/svg\" xmlns:xlink=\"http:\/\/www.w3.org\/1999\/xlink\" id=\"Layer_1\" viewBox=\"0 0 512 512\"><defs><style>      .st0 {        fill: #f1752b;      }    <\/style><\/defs><path class=\"st0\" d=\"M362.3,79.3h-79v-31.2c0-4.7-3.8-8.5-8.4-8.5h-31.9c-4.4-16.3-19.2-28.1-36.7-28.1h-2.2c-17.4,0-32.3,11.8-36.7,28.1h-31.1c-4.7,0-8.4,3.8-8.4,8.5v31.2H48.8c-11.6,0-21.1,9.5-21.1,21.1v379c0,11.6,9.5,21.1,21.1,21.1h313.5c11.6,0,21.1-9.5,21.1-21.1V100.4c0-11.6-9.5-21.1-21.1-21.1ZM144.7,56.6h29.9c4.5,0,8.2-3.5,8.4-8,.6-11.3,9.9-20.1,21.1-20.1h2.2c11.2,0,20.5,8.8,21.1,20.1.2,4.5,3.9,8,8.4,8h30.6v53.5h-121.7v-53.5ZM366.5,479.3c0,2.3-1.9,4.2-4.2,4.2H48.8c-2.3,0-4.2-1.9-4.2-4.2V100.4c0-2.3,1.9-4.2,4.2-4.2h79v22.3c0,4.7,3.8,8.4,8.4,8.4h138.6c4.7,0,8.4-3.8,8.4-8.4v-22.3h79c2.3,0,4.2,1.9,4.2,4.2v379Z\"><\/path><path class=\"st0\" d=\"M342.1,166.4H77.2c-4.7,0-8.5,3.8-8.5,8.5s3.8,8.4,8.5,8.4h265c4.7,0,8.5-3.8,8.5-8.4s-3.8-8.5-8.5-8.5Z\"><\/path><path class=\"st0\" d=\"M342.1,215.3H77.2c-4.7,0-8.5,3.8-8.5,8.4s3.8,8.4,8.5,8.4h265c4.7,0,8.5-3.8,8.5-8.4s-3.8-8.4-8.5-8.4Z\"><\/path><path class=\"st0\" d=\"M173.1,264.3h-95.9c-4.7,0-8.5,3.8-8.5,8.4s3.8,8.4,8.5,8.4h95.9c4.7,0,8.5-3.8,8.5-8.4s-3.8-8.4-8.5-8.4Z\"><\/path><path class=\"st0\" d=\"M451.8,79.3c-17.9,0-32.5,14.6-32.5,32.5v278c0,13.1,2,26,5.9,38.5l16.8,53.9c1.4,4.3,5.3,7.2,9.8,7.2h0c4.5,0,8.5-2.9,9.8-7.2l16.8-53.9c3.9-12.5,5.9-25.4,5.9-38.5V111.8c0-17.9-14.6-32.5-32.5-32.5ZM436.1,389.8v-220.2h31.3v220.2c0,3.3-.2,6.6-.5,9.9h-30.3c-.3-3.3-.5-6.6-.5-9.9ZM451.8,96.2c8.6,0,15.6,7,15.6,15.6v40.9h-31.3v-40.9c0-8.6,7-15.6,15.6-15.6ZM451.8,457l-10.5-33.7c-.7-2.2-1.3-4.4-1.8-6.6h24.7c-.5,2.2-1.1,4.4-1.8,6.6l-10.5,33.7Z\"><\/path><path class=\"st0\" d=\"M340.8,310.2c-3.7-2.9-9-2.2-11.9,1.5l-59.7,76.6-23.3-29.2c-2.9-3.6-8.2-4.2-11.9-1.3-3.6,2.9-4.2,8.2-1.3,11.9l30,37.5c1.6,2,4,3.2,6.6,3.2h0c2.6,0,5-1.2,6.6-3.3l66.3-85c2.9-3.7,2.2-9-1.5-11.9Z\"><\/path><path class=\"st0\" d=\"M334.4,362.2c-4.7,0-8.5,3.8-8.5,8.4,0,32.6-26.5,59.1-59.1,59.1s-59.1-26.5-59.1-59.1,26.5-59.1,59.1-59.1,17.1,1.9,24.9,5.5c4.2,2,9.3.1,11.2-4.1,2-4.2.1-9.3-4.1-11.2-10.1-4.7-20.9-7.1-32.1-7.1-41.9,0-76,34.1-76,76s34.1,76,76,76,76-34.1,76-76-3.8-8.4-8.4-8.4Z\"><\/path><\/svg>\t\t\t<\/div>\n\t\t<\/div>\n\t\t\t\t\t\t<\/div>\n\t\t\t\t<\/div>\n\t\t\t\t\t<\/div>\n\t\t<\/div>\n\t\t\t\t<div class=\"elementor-column elementor-col-50 elementor-top-column elementor-element elementor-element-a4a82f5\" data-id=\"a4a82f5\" data-element_type=\"column\">\n\t\t\t<div class=\"elementor-widget-wrap elementor-element-populated\">\n\t\t\t\t\t\t<div class=\"elementor-element elementor-element-951910b elementor-widget__width-initial elementor-widget elementor-widget-back-core-heading\" data-id=\"951910b\" data-element_type=\"widget\" data-widget_type=\"back-core-heading.default\">\n\t\t\t\t<div class=\"elementor-widget-container\">\n\t\t\t\t\t        <div class=\"back-heading default left \">\r\n            <div class=\"title-inner\">        \t\t      \t\t\r\n\t            <span class=\"sub-text \">Transparencia presupuestaria<\/span><h2 class=\"title\"><span class=\"watermark\"><\/span>Art\u00edculo 30. Espacios ciudadanos de transparencia, rendici\u00f3n de cuentas y participaci\u00f3n. <\/h2>\t        <\/div>\r\n\t                <\/div>\r\n\r\n        \t\t\t\t<\/div>\n\t\t\t\t<\/div>\n\t\t\t\t\t<\/div>\n\t\t<\/div>\n\t\t\t\t\t<\/div>\n\t\t<\/section>\n\t\t<div class=\"elementor-element elementor-element-a89e597 e-flex e-con-boxed e-con e-parent\" data-id=\"a89e597\" data-element_type=\"container\">\n\t\t\t\t\t<div class=\"e-con-inner\">\n\t\t\t\t<div class=\"elementor-element elementor-element-afee37a elementor-widget__width-auto elementor-widget elementor-widget-button\" data-id=\"afee37a\" data-element_type=\"widget\" data-widget_type=\"button.default\">\n\t\t\t\t<div class=\"elementor-widget-container\">\n\t\t\t\t\t\t\t\t\t<div class=\"elementor-button-wrapper\">\n\t\t\t\t\t<a class=\"elementor-button elementor-size-sm\" role=\"button\">\n\t\t\t\t\t\t<span class=\"elementor-button-content-wrapper\">\n\t\t\t\t\t\t\t\t\t<span class=\"elementor-button-text\">Redes Sociales<\/span>\n\t\t\t\t\t<\/span>\n\t\t\t\t\t<\/a>\n\t\t\t\t<\/div>\n\t\t\t\t\t\t\t\t<\/div>\n\t\t\t\t<\/div>\n\t\t\t\t\t<\/div>\n\t\t\t\t<\/div>\n\t\t\t\t<section class=\"elementor-section elementor-top-section elementor-element elementor-element-bd17bc1 elementor-section-stretched elementor-section-full_width elementor-section-height-default elementor-section-height-default\" data-id=\"bd17bc1\" data-element_type=\"section\" data-settings=\"{&quot;stretch_section&quot;:&quot;section-stretched&quot;}\">\n\t\t\t\t\t\t<div class=\"elementor-container elementor-column-gap-default\">\n\t\t\t\t\t<div class=\"elementor-column elementor-col-100 elementor-top-column elementor-element elementor-element-fe6d951\" data-id=\"fe6d951\" data-element_type=\"column\">\n\t\t\t<div class=\"elementor-widget-wrap elementor-element-populated\">\n\t\t\t\t<div class=\"elementor-element elementor-element-4b18d10 e-grid e-con-full e-con e-parent\" data-id=\"4b18d10\" data-element_type=\"container\">\n\t\t<div class=\"elementor-element elementor-element-4fd265c e-flex e-con-boxed e-con e-child\" data-id=\"4fd265c\" data-element_type=\"container\">\n\t\t\t\t\t<div class=\"e-con-inner\">\n\t\t<div class=\"elementor-element elementor-element-264b430 e-con-full e-flex e-con e-child\" data-id=\"264b430\" data-element_type=\"container\" data-settings=\"{&quot;background_background&quot;:&quot;classic&quot;}\">\n\t\t\t\t<div class=\"elementor-element elementor-element-dc48d1d elementor-view-default elementor-widget elementor-widget-icon\" data-id=\"dc48d1d\" data-element_type=\"widget\" data-widget_type=\"icon.default\">\n\t\t\t\t<div class=\"elementor-widget-container\">\n\t\t\t\t\t\t\t<div class=\"elementor-icon-wrapper\">\n\t\t\t<a class=\"elementor-icon\" href=\"https:\/\/www.facebook.com\/CESGuatemala\/\">\n\t\t\t<svg aria-hidden=\"true\" class=\"e-font-icon-svg e-fab-facebook-square\" viewBox=\"0 0 448 512\" xmlns=\"http:\/\/www.w3.org\/2000\/svg\"><path d=\"M400 32H48A48 48 0 0 0 0 80v352a48 48 0 0 0 48 48h137.25V327.69h-63V256h63v-54.64c0-62.15 37-96.48 93.67-96.48 27.14 0 55.52 4.84 55.52 4.84v61h-31.27c-30.81 0-40.42 19.12-40.42 38.73V256h68.78l-11 71.69h-57.78V480H400a48 48 0 0 0 48-48V80a48 48 0 0 0-48-48z\"><\/path><\/svg>\t\t\t<\/a>\n\t\t<\/div>\n\t\t\t\t\t\t<\/div>\n\t\t\t\t<\/div>\n\t\t\t\t<div class=\"elementor-element elementor-element-81b43a7 elementor-widget__width-initial elementor-widget elementor-widget-back-core-heading\" data-id=\"81b43a7\" data-element_type=\"widget\" data-widget_type=\"back-core-heading.default\">\n\t\t\t\t<div class=\"elementor-widget-container\">\n\t\t\t\t\t        <div class=\"back-heading default left \">\r\n            <div class=\"title-inner\">        \t\t      \t\t\r\n\t            \t        <\/div>\r\n\t                    \t<div class=\"description\">\r\n            \t\t<h6 style=\"text-align: center\"><a href=\"https:\/\/www.facebook.com\/CESGuatemala\/\">Facebook<\/a><\/h6>            \t\t\r\n            \t<\/div>\r\n        \t        <\/div>\r\n\r\n        \t\t\t\t<\/div>\n\t\t\t\t<\/div>\n\t\t\t\t<\/div>\n\t\t\t\t<div class=\"elementor-element elementor-element-a61504f elementor-widget elementor-widget-html\" data-id=\"a61504f\" data-element_type=\"widget\" data-widget_type=\"html.default\">\n\t\t\t\t<div class=\"elementor-widget-container\">\n\t\t\t\t\t<iframe src=\"https:\/\/www.facebook.com\/plugins\/post.php?href=https%3A%2F%2Fwww.facebook.com%2FCESGuatemala%2Fposts%2Fpfbid0idWVk3jKHSmooEkskuwTgWTD2ccJuqQ3yGungkayZhfDpM26twihNQVx3xwz9b1Fl&width=500&show_text=false&appId=222875991112722&height=386\" width=\"500\" height=\"100%\" style=\"border:none;overflow:hidden\" scrolling=\"no\" frameborder=\"0\" allowfullscreen=\"true\" allow=\"autoplay; clipboard-write; encrypted-media; picture-in-picture; web-share\"><\/iframe>\t\t\t\t<\/div>\n\t\t\t\t<\/div>\n\t\t\t\t\t<\/div>\n\t\t\t\t<\/div>\n\t\t<div class=\"elementor-element elementor-element-e06c772 e-flex e-con-boxed e-con e-child\" data-id=\"e06c772\" data-element_type=\"container\">\n\t\t\t\t\t<div class=\"e-con-inner\">\n\t\t<div class=\"elementor-element elementor-element-0c34013 e-con-full e-flex e-con e-child\" data-id=\"0c34013\" data-element_type=\"container\" data-settings=\"{&quot;background_background&quot;:&quot;classic&quot;}\">\n\t\t\t\t<div class=\"elementor-element elementor-element-91c6c7c elementor-view-default elementor-widget elementor-widget-icon\" data-id=\"91c6c7c\" data-element_type=\"widget\" data-widget_type=\"icon.default\">\n\t\t\t\t<div class=\"elementor-widget-container\">\n\t\t\t\t\t\t\t<div class=\"elementor-icon-wrapper\">\n\t\t\t<a class=\"elementor-icon\" href=\"https:\/\/x.com\/CESGuate?lang=en\">\n\t\t\t<svg aria-hidden=\"true\" class=\"e-font-icon-svg e-fab-x-twitter-square\" viewBox=\"0 0 448 512\" xmlns=\"http:\/\/www.w3.org\/2000\/svg\"><path d=\"M64 32C28.7 32 0 60.7 0 96V416c0 35.3 28.7 64 64 64H384c35.3 0 64-28.7 64-64V96c0-35.3-28.7-64-64-64H64zm297.1 84L257.3 234.6 379.4 396H283.8L209 298.1 123.3 396H75.8l111-126.9L69.7 116h98l67.7 89.5L313.6 116h47.5zM323.3 367.6L153.4 142.9H125.1L296.9 367.6h26.3z\"><\/path><\/svg>\t\t\t<\/a>\n\t\t<\/div>\n\t\t\t\t\t\t<\/div>\n\t\t\t\t<\/div>\n\t\t\t\t<div class=\"elementor-element elementor-element-4499d88 elementor-widget__width-initial elementor-widget elementor-widget-back-core-heading\" data-id=\"4499d88\" data-element_type=\"widget\" data-widget_type=\"back-core-heading.default\">\n\t\t\t\t<div class=\"elementor-widget-container\">\n\t\t\t\t\t        <div class=\"back-heading default left \">\r\n            <div class=\"title-inner\">        \t\t      \t\t\r\n\t            \t        <\/div>\r\n\t                    \t<div class=\"description\">\r\n            \t\t<h6 style=\"text-align: center\"><a href=\"https:\/\/x.com\/CESGuate?lang=en\">X twitter<\/a><\/h6>            \t\t\r\n            \t<\/div>\r\n        \t        <\/div>\r\n\r\n        \t\t\t\t<\/div>\n\t\t\t\t<\/div>\n\t\t\t\t<\/div>\n\t\t\t\t<div class=\"elementor-element elementor-element-16fb856 elementor-widget elementor-widget-html\" data-id=\"16fb856\" data-element_type=\"widget\" data-widget_type=\"html.default\">\n\t\t\t\t<div class=\"elementor-widget-container\">\n\t\t\t\t\t<blockquote class=\"twitter-tweet\"><p lang=\"es\" dir=\"ltr\"><a href=\"https:\/\/twitter.com\/hashtag\/CESGuatemala?src=hash&amp;ref_src=twsrc%5Etfw\">#CESGuatemala<\/a> <a href=\"https:\/\/twitter.com\/hashtag\/Migraci%C3%B3n?src=hash&amp;ref_src=twsrc%5Etfw\">#Migraci\u00f3n<\/a> <a href=\"https:\/\/t.co\/sTWRDecEKa\">pic.twitter.com\/sTWRDecEKa<\/a><\/p>&mdash; CES Guatemala (@CESGuate) <a href=\"https:\/\/twitter.com\/CESGuate\/status\/2036951132438720725?ref_src=twsrc%5Etfw\">March 25, 2026<\/a><\/blockquote> <script async src=\"https:\/\/platform.twitter.com\/widgets.js\" charset=\"utf-8\"><\/script>\t\t\t\t<\/div>\n\t\t\t\t<\/div>\n\t\t\t\t\t<\/div>\n\t\t\t\t<\/div>\n\t\t<div class=\"elementor-element elementor-element-9d148c3 e-flex e-con-boxed e-con e-child\" data-id=\"9d148c3\" data-element_type=\"container\">\n\t\t\t\t\t<div class=\"e-con-inner\">\n\t\t<div class=\"elementor-element elementor-element-e0b8842 e-con-full e-flex e-con e-child\" data-id=\"e0b8842\" data-element_type=\"container\" data-settings=\"{&quot;background_background&quot;:&quot;classic&quot;}\">\n\t\t\t\t<div class=\"elementor-element elementor-element-226931b elementor-view-default elementor-widget elementor-widget-icon\" data-id=\"226931b\" data-element_type=\"widget\" data-widget_type=\"icon.default\">\n\t\t\t\t<div class=\"elementor-widget-container\">\n\t\t\t\t\t\t\t<div class=\"elementor-icon-wrapper\">\n\t\t\t<a class=\"elementor-icon\" href=\"https:\/\/www.instagram.com\/accounts\/login\/?next=\/consejoeconomicosocialgt\/\">\n\t\t\t<svg aria-hidden=\"true\" class=\"e-font-icon-svg e-fab-instagram\" viewBox=\"0 0 448 512\" xmlns=\"http:\/\/www.w3.org\/2000\/svg\"><path d=\"M224.1 141c-63.6 0-114.9 51.3-114.9 114.9s51.3 114.9 114.9 114.9S339 319.5 339 255.9 287.7 141 224.1 141zm0 189.6c-41.1 0-74.7-33.5-74.7-74.7s33.5-74.7 74.7-74.7 74.7 33.5 74.7 74.7-33.6 74.7-74.7 74.7zm146.4-194.3c0 14.9-12 26.8-26.8 26.8-14.9 0-26.8-12-26.8-26.8s12-26.8 26.8-26.8 26.8 12 26.8 26.8zm76.1 27.2c-1.7-35.9-9.9-67.7-36.2-93.9-26.2-26.2-58-34.4-93.9-36.2-37-2.1-147.9-2.1-184.9 0-35.8 1.7-67.6 9.9-93.9 36.1s-34.4 58-36.2 93.9c-2.1 37-2.1 147.9 0 184.9 1.7 35.9 9.9 67.7 36.2 93.9s58 34.4 93.9 36.2c37 2.1 147.9 2.1 184.9 0 35.9-1.7 67.7-9.9 93.9-36.2 26.2-26.2 34.4-58 36.2-93.9 2.1-37 2.1-147.8 0-184.8zM398.8 388c-7.8 19.6-22.9 34.7-42.6 42.6-29.5 11.7-99.5 9-132.1 9s-102.7 2.6-132.1-9c-19.6-7.8-34.7-22.9-42.6-42.6-11.7-29.5-9-99.5-9-132.1s-2.6-102.7 9-132.1c7.8-19.6 22.9-34.7 42.6-42.6 29.5-11.7 99.5-9 132.1-9s102.7-2.6 132.1 9c19.6 7.8 34.7 22.9 42.6 42.6 11.7 29.5 9 99.5 9 132.1s2.7 102.7-9 132.1z\"><\/path><\/svg>\t\t\t<\/a>\n\t\t<\/div>\n\t\t\t\t\t\t<\/div>\n\t\t\t\t<\/div>\n\t\t\t\t<div class=\"elementor-element elementor-element-37f0060 elementor-widget__width-initial elementor-widget elementor-widget-back-core-heading\" data-id=\"37f0060\" data-element_type=\"widget\" data-widget_type=\"back-core-heading.default\">\n\t\t\t\t<div class=\"elementor-widget-container\">\n\t\t\t\t\t        <div class=\"back-heading default left \">\r\n            <div class=\"title-inner\">        \t\t      \t\t\r\n\t            \t        <\/div>\r\n\t                    \t<div class=\"description\">\r\n            \t\t<h6 style=\"text-align: center\"><a href=\"https:\/\/www.instagram.com\/accounts\/login\/?next=\/consejoeconomicosocialgt\/\">Instagram<\/a><\/h6>            \t\t\r\n            \t<\/div>\r\n        \t        <\/div>\r\n\r\n        \t\t\t\t<\/div>\n\t\t\t\t<\/div>\n\t\t\t\t<\/div>\n\t\t\t\t<div class=\"elementor-element elementor-element-10dd0c2 elementor-widget__width-initial elementor-widget elementor-widget-html\" data-id=\"10dd0c2\" data-element_type=\"widget\" data-widget_type=\"html.default\">\n\t\t\t\t<div class=\"elementor-widget-container\">\n\t\t\t\t\t<iframe \n    src=\"https:\/\/www.instagram.com\/p\/DVhHFH9DjTI\/embed\" \n    width=\"200\" \n    height=\"450\" \n    frameborder=\"0\">\n<\/iframe>\t\t\t\t<\/div>\n\t\t\t\t<\/div>\n\t\t\t\t\t<\/div>\n\t\t\t\t<\/div>\n\t\t<div class=\"elementor-element elementor-element-99874aa e-flex e-con-boxed e-con e-child\" data-id=\"99874aa\" data-element_type=\"container\">\n\t\t\t\t\t<div class=\"e-con-inner\">\n\t\t<div class=\"elementor-element elementor-element-46f3aaf e-con-full e-flex e-con e-child\" data-id=\"46f3aaf\" data-element_type=\"container\" data-settings=\"{&quot;background_background&quot;:&quot;classic&quot;}\">\n\t\t\t\t<div class=\"elementor-element elementor-element-f1939c7 elementor-view-default elementor-widget elementor-widget-icon\" data-id=\"f1939c7\" data-element_type=\"widget\" data-widget_type=\"icon.default\">\n\t\t\t\t<div class=\"elementor-widget-container\">\n\t\t\t\t\t\t\t<div class=\"elementor-icon-wrapper\">\n\t\t\t<a class=\"elementor-icon\" href=\"https:\/\/www.youtube.com\/channel\/UCWXR4As--j2QUIIK6WS6hgA\">\n\t\t\t<svg aria-hidden=\"true\" class=\"e-font-icon-svg e-fab-youtube\" viewBox=\"0 0 576 512\" xmlns=\"http:\/\/www.w3.org\/2000\/svg\"><path d=\"M549.655 124.083c-6.281-23.65-24.787-42.276-48.284-48.597C458.781 64 288 64 288 64S117.22 64 74.629 75.486c-23.497 6.322-42.003 24.947-48.284 48.597-11.412 42.867-11.412 132.305-11.412 132.305s0 89.438 11.412 132.305c6.281 23.65 24.787 41.5 48.284 47.821C117.22 448 288 448 288 448s170.78 0 213.371-11.486c23.497-6.321 42.003-24.171 48.284-47.821 11.412-42.867 11.412-132.305 11.412-132.305s0-89.438-11.412-132.305zm-317.51 213.508V175.185l142.739 81.205-142.739 81.201z\"><\/path><\/svg>\t\t\t<\/a>\n\t\t<\/div>\n\t\t\t\t\t\t<\/div>\n\t\t\t\t<\/div>\n\t\t\t\t<div class=\"elementor-element elementor-element-c17d324 elementor-widget__width-initial elementor-widget elementor-widget-back-core-heading\" data-id=\"c17d324\" data-element_type=\"widget\" data-widget_type=\"back-core-heading.default\">\n\t\t\t\t<div class=\"elementor-widget-container\">\n\t\t\t\t\t        <div class=\"back-heading default left \">\r\n            <div class=\"title-inner\">        \t\t      \t\t\r\n\t            \t        <\/div>\r\n\t                    \t<div class=\"description\">\r\n            \t\t<h6 style=\"text-align: center\"><a href=\"https:\/\/www.youtube.com\/channel\/UCWXR4As--j2QUIIK6WS6hgA\">Youtube<\/a><\/h6>            \t\t\r\n            \t<\/div>\r\n        \t        <\/div>\r\n\r\n        \t\t\t\t<\/div>\n\t\t\t\t<\/div>\n\t\t\t\t<\/div>\n\t\t\t\t<div class=\"elementor-element elementor-element-4c0226d elementor-widget elementor-widget-html\" data-id=\"4c0226d\" data-element_type=\"widget\" data-widget_type=\"html.default\">\n\t\t\t\t<div class=\"elementor-widget-container\">\n\t\t\t\t\t<iframe width=\"100%\" height=\"\" src=\"https:\/\/www.youtube.com\/embed\/Xl1fWR3obG4?si=QyaAu-6pu6jOG-qb\" title=\"YouTube video player\" frameborder=\"0\" allow=\"accelerometer; autoplay; clipboard-write; encrypted-media; gyroscope; picture-in-picture; web-share\" referrerpolicy=\"strict-origin-when-cross-origin\" allowfullscreen><\/iframe>\t\t\t\t<\/div>\n\t\t\t\t<\/div>\n\t\t\t\t\t<\/div>\n\t\t\t\t<\/div>\n\t\t\t\t<\/div>\n\t\t\t\t<section class=\"elementor-section elementor-inner-section elementor-element elementor-element-fe7ad3e elementor-section-boxed elementor-section-height-default elementor-section-height-default\" data-id=\"fe7ad3e\" data-element_type=\"section\">\n\t\t\t\t\t\t<div class=\"elementor-container elementor-column-gap-default\">\n\t\t\t\t\t<div class=\"elementor-column elementor-col-33 elementor-inner-column elementor-element elementor-element-b630db1\" data-id=\"b630db1\" data-element_type=\"column\">\n\t\t\t<div class=\"elementor-widget-wrap\">\n\t\t\t\t\t\t\t<\/div>\n\t\t<\/div>\n\t\t\t\t<div class=\"elementor-column elementor-col-33 elementor-inner-column elementor-element elementor-element-ae947fc\" data-id=\"ae947fc\" data-element_type=\"column\">\n\t\t\t<div class=\"elementor-widget-wrap elementor-element-populated\">\n\t\t\t\t<div class=\"elementor-element elementor-element-a6df03f e-grid e-con-boxed e-con e-parent\" data-id=\"a6df03f\" data-element_type=\"container\">\n\t\t\t\t\t<div class=\"e-con-inner\">\n\t\t<div class=\"elementor-element elementor-element-2b585f3 e-con-full e-flex e-con e-child\" data-id=\"2b585f3\" data-element_type=\"container\">\n\t\t\t\t<\/div>\n\t\t\t\t\t<\/div>\n\t\t\t\t<\/div>\n\t\t\t\t\t<\/div>\n\t\t<\/div>\n\t\t\t\t<div class=\"elementor-column elementor-col-33 elementor-inner-column elementor-element elementor-element-3ba3f31\" data-id=\"3ba3f31\" data-element_type=\"column\">\n\t\t\t<div class=\"elementor-widget-wrap\">\n\t\t\t\t\t\t\t<\/div>\n\t\t<\/div>\n\t\t\t\t\t<\/div>\n\t\t<\/section>\n\t\t\t\t\t<\/div>\n\t\t<\/div>\n\t\t\t\t\t<\/div>\n\t\t<\/section>\n\t\t\t\t<\/div>\n\t\t","protected":false},"excerpt":{"rendered":"<p>Transparencia presupuestaria Art\u00edculo 30. Espacios ciudadanos de transparencia, rendici\u00f3n de cuentas y participaci\u00f3n. Redes Sociales Facebook X twitter #CESGuatemala #Migraci\u00f3n pic.twitter.com\/sTWRDecEKa &mdash; CES Guatemala (@CESGuate) March 25, 2026 Instagram Youtube<\/p>\n","protected":false},"author":2,"featured_media":0,"parent":4734,"menu_order":0,"comment_status":"closed","ping_status":"closed","template":"elementor_header_footer","meta":{"footnotes":""},"class_list":["post-17093","page","type-page","status-publish","hentry"],"_links":{"self":[{"href":"https:\/\/ces.gob.gt\/index.php\/wp-json\/wp\/v2\/pages\/17093","targetHints":{"allow":["GET"]}}],"collection":[{"href":"https:\/\/ces.gob.gt\/index.php\/wp-json\/wp\/v2\/pages"}],"about":[{"href":"https:\/\/ces.gob.gt\/index.php\/wp-json\/wp\/v2\/types\/page"}],"author":[{"embeddable":true,"href":"https:\/\/ces.gob.gt\/index.php\/wp-json\/wp\/v2\/users\/2"}],"replies":[{"embeddable":true,"href":"https:\/\/ces.gob.gt\/index.php\/wp-json\/wp\/v2\/comments?post=17093"}],"version-history":[{"count":67,"href":"https:\/\/ces.gob.gt\/index.php\/wp-json\/wp\/v2\/pages\/17093\/revisions"}],"predecessor-version":[{"id":17278,"href":"https:\/\/ces.gob.gt\/index.php\/wp-json\/wp\/v2\/pages\/17093\/revisions\/17278"}],"up":[{"embeddable":true,"href":"https:\/\/ces.gob.gt\/index.php\/wp-json\/wp\/v2\/pages\/4734"}],"wp:attachment":[{"href":"https:\/\/ces.gob.gt\/index.php\/wp-json\/wp\/v2\/media?parent=17093"}],"curies":[{"name":"wp","href":"https:\/\/api.w.org\/{rel}","templated":true}]}}