{"id":3286,"date":"2021-12-24T06:38:27","date_gmt":"2021-12-24T06:38:27","guid":{"rendered":"http:\/\/localhost\/kbizwp\/?page_id=8"},"modified":"2026-02-02T19:24:41","modified_gmt":"2026-02-02T18:24:41","slug":"about","status":"publish","type":"page","link":"https:\/\/ces.gob.gt\/index.php\/about\/","title":{"rendered":"\u00bfQuienes Somos?"},"content":{"rendered":"\t\t<div data-elementor-type=\"wp-page\" data-elementor-id=\"3286\" class=\"elementor elementor-3286\" data-elementor-post-type=\"page\">\n\t\t\t\t\t\t<section class=\"elementor-section elementor-top-section elementor-element elementor-element-0f17280 elementor-section-stretched elementor-section-content-middle elementor-section-boxed elementor-section-height-default elementor-section-height-default\" data-id=\"0f17280\" data-element_type=\"section\" data-settings=\"{&quot;stretch_section&quot;:&quot;section-stretched&quot;}\">\n\t\t\t\t\t\t<div class=\"elementor-container elementor-column-gap-default\">\n\t\t\t\t\t<div class=\"elementor-column elementor-col-50 elementor-top-column elementor-element elementor-element-cb8ed20\" data-id=\"cb8ed20\" data-element_type=\"column\">\n\t\t\t<div class=\"elementor-widget-wrap elementor-element-populated\">\n\t\t\t\t\t\t<section class=\"elementor-section elementor-inner-section elementor-element elementor-element-38a4791 elementor-section-content-top elementor-section-boxed elementor-section-height-default elementor-section-height-default\" data-id=\"38a4791\" data-element_type=\"section\">\n\t\t\t\t\t\t<div class=\"elementor-container elementor-column-gap-default\">\n\t\t\t\t\t<div class=\"elementor-column elementor-col-100 elementor-inner-column elementor-element elementor-element-71c3409\" data-id=\"71c3409\" data-element_type=\"column\">\n\t\t\t<div class=\"elementor-widget-wrap elementor-element-populated\">\n\t\t\t\t\t\t<div class=\"elementor-element elementor-element-c65efbc elementor-widget elementor-widget-image\" data-id=\"c65efbc\" data-element_type=\"widget\" data-widget_type=\"image.default\">\n\t\t\t\t<div class=\"elementor-widget-container\">\n\t\t\t\t\t\t\t\t\t\t\t\t\t\t\t<img fetchpriority=\"high\" decoding=\"async\" width=\"640\" height=\"640\" src=\"https:\/\/ces.gob.gt\/wp-content\/uploads\/2025\/07\/quienessomos.jpg\" class=\"attachment-large size-large wp-image-4637\" alt=\"\" srcset=\"https:\/\/ces.gob.gt\/wp-content\/uploads\/2025\/07\/quienessomos.jpg 800w, https:\/\/ces.gob.gt\/wp-content\/uploads\/2025\/07\/quienessomos-300x300.jpg 300w, https:\/\/ces.gob.gt\/wp-content\/uploads\/2025\/07\/quienessomos-150x150.jpg 150w, https:\/\/ces.gob.gt\/wp-content\/uploads\/2025\/07\/quienessomos-768x768.jpg 768w, https:\/\/ces.gob.gt\/wp-content\/uploads\/2025\/07\/quienessomos-100x100.jpg 100w, https:\/\/ces.gob.gt\/wp-content\/uploads\/2025\/07\/quienessomos-600x600.jpg 600w\" sizes=\"(max-width: 640px) 100vw, 640px\" \/>\t\t\t\t\t\t\t\t\t\t\t\t\t\t\t<\/div>\n\t\t\t\t<\/div>\n\t\t\t\t\t<\/div>\n\t\t<\/div>\n\t\t\t\t\t<\/div>\n\t\t<\/section>\n\t\t\t\t\t<\/div>\n\t\t<\/div>\n\t\t\t\t<div class=\"elementor-column elementor-col-50 elementor-top-column elementor-element elementor-element-332ba42\" data-id=\"332ba42\" data-element_type=\"column\">\n\t\t\t<div class=\"elementor-widget-wrap elementor-element-populated\">\n\t\t\t\t\t\t<section class=\"elementor-section elementor-inner-section elementor-element elementor-element-92a7f53 elementor-section-boxed elementor-section-height-default elementor-section-height-default\" data-id=\"92a7f53\" data-element_type=\"section\">\n\t\t\t\t\t\t<div class=\"elementor-container elementor-column-gap-default\">\n\t\t\t\t\t<div class=\"elementor-column elementor-col-100 elementor-inner-column elementor-element elementor-element-cba7dad\" data-id=\"cba7dad\" data-element_type=\"column\">\n\t\t\t<div class=\"elementor-widget-wrap elementor-element-populated\">\n\t\t\t\t\t\t<div class=\"elementor-element elementor-element-6e75866 elementor-widget elementor-widget-back-core-heading\" data-id=\"6e75866\" data-element_type=\"widget\" data-widget_type=\"back-core-heading.default\">\n\t\t\t\t<div class=\"elementor-widget-container\">\n\t\t\t\t\t        <div class=\"back-heading default left \">\r\n            <div class=\"title-inner\">        \t\t      \t\t\r\n\t            <span class=\"sub-text \">Consejo Econ\u00f3mico Social de Guatemala<\/span><h2 class=\"title\"><span class=\"watermark\"><\/span>\u00bfQui\u00e9nes Somos?<\/h2>\t        <\/div>\r\n\t                    \t<div class=\"description\">\r\n            \t\t<p>Es un ente gubernamental de car\u00e1cter \u00fanico en Guatemala, creado en el a\u00f1o 2012, mediante el Decreto n\u00famero 2-2012 del Congreso de la Rep\u00fablica que da vida a la Ley Org\u00e1nica del Consejo Econ\u00f3mico y Social de Guatemala. Es una instituci\u00f3n permanente de derecho p\u00fablico, con personalidad jur\u00eddica, patrimonio y presupuesto propio y goza de autonom\u00eda para cumplir sus fines.<\/p><p>El CES es un \u00f3rgano consultivo permanente de los organismos del Estado, facultado para conocer y realizar opiniones por iniciativa propia en relaci\u00f3n con las pol\u00edticas p\u00fablicas de car\u00e1cter econ\u00f3mico y social y promueve que \u00e9stas se constituyan en estrategia nacional de desarrollo.<\/p><p>Asimismo, mantiene el espacio de di\u00e1logo social permanente entre los sectores productivos del pa\u00eds (Trabajadores, Empresarios y Cooperativistas) respecto al dise\u00f1o, implementaci\u00f3n, seguimiento y evaluaci\u00f3n de pol\u00edticas p\u00fablicas socioecon\u00f3micas, as\u00ed como programas, proyectos y actividades de esa naturaleza implementadas por los organismos del Estado.<\/p>            \t\t\r\n            \t<\/div>\r\n        \t        <\/div>\r\n\r\n        \t\t\t\t<\/div>\n\t\t\t\t<\/div>\n\t\t\t\t<div class=\"elementor-element elementor-element-ea80329 elementor-widget elementor-widget-gallery\" data-id=\"ea80329\" data-element_type=\"widget\" data-settings=\"{&quot;lazyload&quot;:&quot;yes&quot;,&quot;gallery_layout&quot;:&quot;grid&quot;,&quot;columns&quot;:4,&quot;columns_tablet&quot;:2,&quot;columns_mobile&quot;:1,&quot;gap&quot;:{&quot;unit&quot;:&quot;px&quot;,&quot;size&quot;:10,&quot;sizes&quot;:[]},&quot;gap_tablet&quot;:{&quot;unit&quot;:&quot;px&quot;,&quot;size&quot;:10,&quot;sizes&quot;:[]},&quot;gap_mobile&quot;:{&quot;unit&quot;:&quot;px&quot;,&quot;size&quot;:10,&quot;sizes&quot;:[]},&quot;link_to&quot;:&quot;file&quot;,&quot;aspect_ratio&quot;:&quot;3:2&quot;,&quot;overlay_background&quot;:&quot;yes&quot;,&quot;content_hover_animation&quot;:&quot;fade-in&quot;}\" data-widget_type=\"gallery.default\">\n\t\t\t\t<div class=\"elementor-widget-container\">\n\t\t\t\t\t\t\t<div class=\"elementor-gallery__container\">\n\t\t\t\t\t\t\t<a class=\"e-gallery-item elementor-gallery-item elementor-animated-content\" href=\"https:\/\/ces.gob.gt\/wp-content\/uploads\/2026\/01\/IMG_4891-scaled.jpg\" data-elementor-open-lightbox=\"yes\" data-elementor-lightbox-slideshow=\"ea80329\" data-elementor-lightbox-title=\"IMG_4891\" data-e-action-hash=\"#elementor-action%3Aaction%3Dlightbox%26settings%3DeyJpZCI6MTQwNzYsInVybCI6Imh0dHBzOlwvXC9jZXMuZ29iLmd0XC93cC1jb250ZW50XC91cGxvYWRzXC8yMDI2XC8wMVwvSU1HXzQ4OTEtc2NhbGVkLmpwZyIsInNsaWRlc2hvdyI6ImVhODAzMjkifQ%3D%3D\">\n\t\t\t\t\t<div class=\"e-gallery-image elementor-gallery-item__image\" data-thumbnail=\"https:\/\/ces.gob.gt\/wp-content\/uploads\/2026\/01\/IMG_4891-300x200.jpg\" data-width=\"300\" data-height=\"200\" aria-label=\"\" role=\"img\" ><\/div>\n\t\t\t\t\t\t\t\t\t\t\t<div class=\"elementor-gallery-item__overlay\"><\/div>\n\t\t\t\t\t\t\t\t\t\t\t\t\t\t<\/a>\n\t\t\t\t\t\t\t<a class=\"e-gallery-item elementor-gallery-item elementor-animated-content\" href=\"https:\/\/ces.gob.gt\/wp-content\/uploads\/2026\/01\/IMG_8267-scaled.jpg\" data-elementor-open-lightbox=\"yes\" data-elementor-lightbox-slideshow=\"ea80329\" data-elementor-lightbox-title=\"IMG_8267\" data-e-action-hash=\"#elementor-action%3Aaction%3Dlightbox%26settings%3DeyJpZCI6MTQwNTgsInVybCI6Imh0dHBzOlwvXC9jZXMuZ29iLmd0XC93cC1jb250ZW50XC91cGxvYWRzXC8yMDI2XC8wMVwvSU1HXzgyNjctc2NhbGVkLmpwZyIsInNsaWRlc2hvdyI6ImVhODAzMjkifQ%3D%3D\">\n\t\t\t\t\t<div class=\"e-gallery-image elementor-gallery-item__image\" data-thumbnail=\"https:\/\/ces.gob.gt\/wp-content\/uploads\/2026\/01\/IMG_8267-300x200.jpg\" data-width=\"300\" data-height=\"200\" aria-label=\"\" role=\"img\" ><\/div>\n\t\t\t\t\t\t\t\t\t\t\t<div class=\"elementor-gallery-item__overlay\"><\/div>\n\t\t\t\t\t\t\t\t\t\t\t\t\t\t<\/a>\n\t\t\t\t\t\t\t<a class=\"e-gallery-item elementor-gallery-item elementor-animated-content\" href=\"https:\/\/ces.gob.gt\/wp-content\/uploads\/2026\/01\/IMG_8229-scaled.jpg\" data-elementor-open-lightbox=\"yes\" data-elementor-lightbox-slideshow=\"ea80329\" data-elementor-lightbox-title=\"IMG_8229\" data-e-action-hash=\"#elementor-action%3Aaction%3Dlightbox%26settings%3DeyJpZCI6MTQwNTYsInVybCI6Imh0dHBzOlwvXC9jZXMuZ29iLmd0XC93cC1jb250ZW50XC91cGxvYWRzXC8yMDI2XC8wMVwvSU1HXzgyMjktc2NhbGVkLmpwZyIsInNsaWRlc2hvdyI6ImVhODAzMjkifQ%3D%3D\">\n\t\t\t\t\t<div class=\"e-gallery-image elementor-gallery-item__image\" data-thumbnail=\"https:\/\/ces.gob.gt\/wp-content\/uploads\/2026\/01\/IMG_8229-300x200.jpg\" data-width=\"300\" data-height=\"200\" aria-label=\"\" role=\"img\" ><\/div>\n\t\t\t\t\t\t\t\t\t\t\t<div class=\"elementor-gallery-item__overlay\"><\/div>\n\t\t\t\t\t\t\t\t\t\t\t\t\t\t<\/a>\n\t\t\t\t\t\t\t<a class=\"e-gallery-item elementor-gallery-item elementor-animated-content\" href=\"https:\/\/ces.gob.gt\/wp-content\/uploads\/2025\/10\/IMG_8127.jpg\" data-elementor-open-lightbox=\"yes\" data-elementor-lightbox-slideshow=\"ea80329\" data-elementor-lightbox-title=\"IMG_8127\" data-e-action-hash=\"#elementor-action%3Aaction%3Dlightbox%26settings%3DeyJpZCI6MTMzMzksInVybCI6Imh0dHBzOlwvXC9jZXMuZ29iLmd0XC93cC1jb250ZW50XC91cGxvYWRzXC8yMDI1XC8xMFwvSU1HXzgxMjcuanBnIiwic2xpZGVzaG93IjoiZWE4MDMyOSJ9\">\n\t\t\t\t\t<div class=\"e-gallery-image elementor-gallery-item__image\" data-thumbnail=\"https:\/\/ces.gob.gt\/wp-content\/uploads\/2025\/10\/IMG_8127-300x200.jpg\" data-width=\"300\" data-height=\"200\" aria-label=\"\" role=\"img\" ><\/div>\n\t\t\t\t\t\t\t\t\t\t\t<div class=\"elementor-gallery-item__overlay\"><\/div>\n\t\t\t\t\t\t\t\t\t\t\t\t\t\t<\/a>\n\t\t\t\t\t\t\t<a class=\"e-gallery-item elementor-gallery-item elementor-animated-content\" href=\"https:\/\/ces.gob.gt\/wp-content\/uploads\/2025\/10\/IMG_8069.jpg\" data-elementor-open-lightbox=\"yes\" data-elementor-lightbox-slideshow=\"ea80329\" data-elementor-lightbox-title=\"IMG_8069\" data-e-action-hash=\"#elementor-action%3Aaction%3Dlightbox%26settings%3DeyJpZCI6MTMzMzAsInVybCI6Imh0dHBzOlwvXC9jZXMuZ29iLmd0XC93cC1jb250ZW50XC91cGxvYWRzXC8yMDI1XC8xMFwvSU1HXzgwNjkuanBnIiwic2xpZGVzaG93IjoiZWE4MDMyOSJ9\">\n\t\t\t\t\t<div class=\"e-gallery-image elementor-gallery-item__image\" data-thumbnail=\"https:\/\/ces.gob.gt\/wp-content\/uploads\/2025\/10\/IMG_8069-300x200.jpg\" data-width=\"300\" data-height=\"200\" aria-label=\"\" role=\"img\" ><\/div>\n\t\t\t\t\t\t\t\t\t\t\t<div class=\"elementor-gallery-item__overlay\"><\/div>\n\t\t\t\t\t\t\t\t\t\t\t\t\t\t<\/a>\n\t\t\t\t\t\t\t<a class=\"e-gallery-item elementor-gallery-item elementor-animated-content\" href=\"https:\/\/ces.gob.gt\/wp-content\/uploads\/2025\/09\/IMG_8657.jpg\" data-elementor-open-lightbox=\"yes\" data-elementor-lightbox-slideshow=\"ea80329\" data-elementor-lightbox-title=\"IMG_8657\" data-e-action-hash=\"#elementor-action%3Aaction%3Dlightbox%26settings%3DeyJpZCI6MTIyODcsInVybCI6Imh0dHBzOlwvXC9jZXMuZ29iLmd0XC93cC1jb250ZW50XC91cGxvYWRzXC8yMDI1XC8wOVwvSU1HXzg2NTcuanBnIiwic2xpZGVzaG93IjoiZWE4MDMyOSJ9\">\n\t\t\t\t\t<div class=\"e-gallery-image elementor-gallery-item__image\" data-thumbnail=\"https:\/\/ces.gob.gt\/wp-content\/uploads\/2025\/09\/IMG_8657-300x200.jpg\" data-width=\"300\" data-height=\"200\" aria-label=\"\" role=\"img\" ><\/div>\n\t\t\t\t\t\t\t\t\t\t\t<div class=\"elementor-gallery-item__overlay\"><\/div>\n\t\t\t\t\t\t\t\t\t\t\t\t\t\t<\/a>\n\t\t\t\t\t\t\t<a class=\"e-gallery-item elementor-gallery-item elementor-animated-content\" href=\"https:\/\/ces.gob.gt\/wp-content\/uploads\/2025\/09\/5.jpg\" data-elementor-open-lightbox=\"yes\" data-elementor-lightbox-slideshow=\"ea80329\" data-elementor-lightbox-title=\"5\" data-e-action-hash=\"#elementor-action%3Aaction%3Dlightbox%26settings%3DeyJpZCI6MTIyNTgsInVybCI6Imh0dHBzOlwvXC9jZXMuZ29iLmd0XC93cC1jb250ZW50XC91cGxvYWRzXC8yMDI1XC8wOVwvNS5qcGciLCJzbGlkZXNob3ciOiJlYTgwMzI5In0%3D\">\n\t\t\t\t\t<div class=\"e-gallery-image elementor-gallery-item__image\" data-thumbnail=\"https:\/\/ces.gob.gt\/wp-content\/uploads\/2025\/09\/5-300x185.jpg\" data-width=\"300\" data-height=\"185\" aria-label=\"\" role=\"img\" ><\/div>\n\t\t\t\t\t\t\t\t\t\t\t<div class=\"elementor-gallery-item__overlay\"><\/div>\n\t\t\t\t\t\t\t\t\t\t\t\t\t\t<\/a>\n\t\t\t\t\t\t\t<a class=\"e-gallery-item elementor-gallery-item elementor-animated-content\" href=\"https:\/\/ces.gob.gt\/wp-content\/uploads\/2026\/02\/IMG_4690-scaled.jpg\" data-elementor-open-lightbox=\"yes\" data-elementor-lightbox-slideshow=\"ea80329\" data-elementor-lightbox-title=\"IMG_4690\" data-e-action-hash=\"#elementor-action%3Aaction%3Dlightbox%26settings%3DeyJpZCI6MTQzNjIsInVybCI6Imh0dHBzOlwvXC9jZXMuZ29iLmd0XC93cC1jb250ZW50XC91cGxvYWRzXC8yMDI2XC8wMlwvSU1HXzQ2OTAtc2NhbGVkLmpwZyIsInNsaWRlc2hvdyI6ImVhODAzMjkifQ%3D%3D\">\n\t\t\t\t\t<div class=\"e-gallery-image elementor-gallery-item__image\" data-thumbnail=\"https:\/\/ces.gob.gt\/wp-content\/uploads\/2026\/02\/IMG_4690-300x200.jpg\" data-width=\"300\" data-height=\"200\" aria-label=\"\" role=\"img\" ><\/div>\n\t\t\t\t\t\t\t\t\t\t\t<div class=\"elementor-gallery-item__overlay\"><\/div>\n\t\t\t\t\t\t\t\t\t\t\t\t\t\t<\/a>\n\t\t\t\t\t<\/div>\n\t\t\t\t\t<\/div>\n\t\t\t\t<\/div>\n\t\t\t\t\t<\/div>\n\t\t<\/div>\n\t\t\t\t\t<\/div>\n\t\t<\/section>\n\t\t\t\t\t<\/div>\n\t\t<\/div>\n\t\t\t\t\t<\/div>\n\t\t<\/section>\n\t\t\t\t<\/div>\n\t\t","protected":false},"excerpt":{"rendered":"<p>Consejo Econ\u00f3mico Social de Guatemala \u00bfQui\u00e9nes Somos? Es un ente gubernamental de car\u00e1cter \u00fanico en Guatemala, creado en el a\u00f1o 2012, mediante el Decreto n\u00famero 2-2012 del Congreso de la Rep\u00fablica que da vida a la Ley Org\u00e1nica del Consejo Econ\u00f3mico y Social de Guatemala. Es una instituci\u00f3n permanente de derecho p\u00fablico, con personalidad jur\u00eddica,&#8230;<\/p>\n","protected":false},"author":1,"featured_media":0,"parent":0,"menu_order":0,"comment_status":"closed","ping_status":"closed","template":"elementor_header_footer","meta":{"footnotes":""},"class_list":["post-3286","page","type-page","status-publish","hentry"],"_links":{"self":[{"href":"https:\/\/ces.gob.gt\/index.php\/wp-json\/wp\/v2\/pages\/3286","targetHints":{"allow":["GET"]}}],"collection":[{"href":"https:\/\/ces.gob.gt\/index.php\/wp-json\/wp\/v2\/pages"}],"about":[{"href":"https:\/\/ces.gob.gt\/index.php\/wp-json\/wp\/v2\/types\/page"}],"author":[{"embeddable":true,"href":"https:\/\/ces.gob.gt\/index.php\/wp-json\/wp\/v2\/users\/1"}],"replies":[{"embeddable":true,"href":"https:\/\/ces.gob.gt\/index.php\/wp-json\/wp\/v2\/comments?post=3286"}],"version-history":[{"count":39,"href":"https:\/\/ces.gob.gt\/index.php\/wp-json\/wp\/v2\/pages\/3286\/revisions"}],"predecessor-version":[{"id":14368,"href":"https:\/\/ces.gob.gt\/index.php\/wp-json\/wp\/v2\/pages\/3286\/revisions\/14368"}],"wp:attachment":[{"href":"https:\/\/ces.gob.gt\/index.php\/wp-json\/wp\/v2\/media?parent=3286"}],"curies":[{"name":"wp","href":"https:\/\/api.w.org\/{rel}","templated":true}]}}