{"id":4667,"date":"2025-07-21T10:04:21","date_gmt":"2025-07-21T08:04:21","guid":{"rendered":"https:\/\/ces.gob.gt\/?page_id=4667"},"modified":"2025-07-21T11:02:40","modified_gmt":"2025-07-21T09:02:40","slug":"mision-vision-principios-y-valores","status":"publish","type":"page","link":"https:\/\/ces.gob.gt\/index.php\/mision-vision-principios-y-valores\/","title":{"rendered":"Misi\u00f3n, visi\u00f3n, principios y valores"},"content":{"rendered":"\t\t<div data-elementor-type=\"wp-page\" data-elementor-id=\"4667\" class=\"elementor elementor-4667\" data-elementor-post-type=\"page\">\n\t\t\t\t\t\t<section class=\"elementor-section elementor-top-section elementor-element elementor-element-0f17280 elementor-section-stretched elementor-section-content-middle elementor-section-boxed elementor-section-height-default elementor-section-height-default\" data-id=\"0f17280\" data-element_type=\"section\" data-settings=\"{&quot;stretch_section&quot;:&quot;section-stretched&quot;}\">\n\t\t\t\t\t\t<div class=\"elementor-container elementor-column-gap-default\">\n\t\t\t\t\t<div class=\"elementor-column elementor-col-50 elementor-top-column elementor-element elementor-element-cb8ed20\" data-id=\"cb8ed20\" data-element_type=\"column\">\n\t\t\t<div class=\"elementor-widget-wrap elementor-element-populated\">\n\t\t\t\t\t\t<section class=\"elementor-section elementor-inner-section elementor-element elementor-element-38a4791 elementor-section-content-top elementor-section-boxed elementor-section-height-default elementor-section-height-default\" data-id=\"38a4791\" data-element_type=\"section\">\n\t\t\t\t\t\t<div class=\"elementor-container elementor-column-gap-default\">\n\t\t\t\t\t<div class=\"elementor-column elementor-col-100 elementor-inner-column elementor-element elementor-element-71c3409\" data-id=\"71c3409\" data-element_type=\"column\">\n\t\t\t<div class=\"elementor-widget-wrap elementor-element-populated\">\n\t\t\t\t\t\t<div class=\"elementor-element elementor-element-c65efbc elementor-widget elementor-widget-image\" data-id=\"c65efbc\" data-element_type=\"widget\" data-widget_type=\"image.default\">\n\t\t\t\t<div class=\"elementor-widget-container\">\n\t\t\t\t\t\t\t\t\t\t\t\t\t\t\t<img fetchpriority=\"high\" decoding=\"async\" width=\"640\" height=\"640\" src=\"https:\/\/ces.gob.gt\/wp-content\/uploads\/2025\/07\/quienessomos.jpg\" class=\"attachment-large size-large wp-image-4637\" alt=\"\" srcset=\"https:\/\/ces.gob.gt\/wp-content\/uploads\/2025\/07\/quienessomos.jpg 800w, https:\/\/ces.gob.gt\/wp-content\/uploads\/2025\/07\/quienessomos-300x300.jpg 300w, https:\/\/ces.gob.gt\/wp-content\/uploads\/2025\/07\/quienessomos-150x150.jpg 150w, https:\/\/ces.gob.gt\/wp-content\/uploads\/2025\/07\/quienessomos-768x768.jpg 768w, https:\/\/ces.gob.gt\/wp-content\/uploads\/2025\/07\/quienessomos-100x100.jpg 100w, https:\/\/ces.gob.gt\/wp-content\/uploads\/2025\/07\/quienessomos-600x600.jpg 600w\" sizes=\"(max-width: 640px) 100vw, 640px\" \/>\t\t\t\t\t\t\t\t\t\t\t\t\t\t\t<\/div>\n\t\t\t\t<\/div>\n\t\t\t\t\t<\/div>\n\t\t<\/div>\n\t\t\t\t\t<\/div>\n\t\t<\/section>\n\t\t\t\t<section class=\"elementor-section elementor-inner-section elementor-element elementor-element-92a7f53 elementor-section-boxed elementor-section-height-default elementor-section-height-default\" data-id=\"92a7f53\" data-element_type=\"section\">\n\t\t\t\t\t\t<div class=\"elementor-container elementor-column-gap-default\">\n\t\t\t\t\t<div class=\"elementor-column elementor-col-100 elementor-inner-column elementor-element elementor-element-cba7dad\" data-id=\"cba7dad\" data-element_type=\"column\">\n\t\t\t<div class=\"elementor-widget-wrap elementor-element-populated\">\n\t\t\t\t\t\t<div class=\"elementor-element elementor-element-ea80329 elementor-widget elementor-widget-gallery\" data-id=\"ea80329\" data-element_type=\"widget\" data-settings=\"{&quot;columns&quot;:3,&quot;lazyload&quot;:&quot;yes&quot;,&quot;gallery_layout&quot;:&quot;grid&quot;,&quot;columns_tablet&quot;:2,&quot;columns_mobile&quot;:1,&quot;gap&quot;:{&quot;unit&quot;:&quot;px&quot;,&quot;size&quot;:10,&quot;sizes&quot;:[]},&quot;gap_tablet&quot;:{&quot;unit&quot;:&quot;px&quot;,&quot;size&quot;:10,&quot;sizes&quot;:[]},&quot;gap_mobile&quot;:{&quot;unit&quot;:&quot;px&quot;,&quot;size&quot;:10,&quot;sizes&quot;:[]},&quot;link_to&quot;:&quot;file&quot;,&quot;aspect_ratio&quot;:&quot;3:2&quot;,&quot;overlay_background&quot;:&quot;yes&quot;,&quot;content_hover_animation&quot;:&quot;fade-in&quot;}\" data-widget_type=\"gallery.default\">\n\t\t\t\t<div class=\"elementor-widget-container\">\n\t\t\t\t\t\t\t<div class=\"elementor-gallery__container\">\n\t\t\t\t\t\t\t<a class=\"e-gallery-item elementor-gallery-item elementor-animated-content\" href=\"https:\/\/ces.gob.gt\/wp-content\/uploads\/2025\/07\/188040644_1915519301932264_3845541118422896443_n.jpg\" data-elementor-open-lightbox=\"yes\" data-elementor-lightbox-slideshow=\"ea80329\" data-elementor-lightbox-title=\"188040644_1915519301932264_3845541118422896443_n\" data-e-action-hash=\"#elementor-action%3Aaction%3Dlightbox%26settings%3DeyJpZCI6NDY3NCwidXJsIjoiaHR0cHM6XC9cL2Nlcy5nb2IuZ3RcL3dwLWNvbnRlbnRcL3VwbG9hZHNcLzIwMjVcLzA3XC8xODgwNDA2NDRfMTkxNTUxOTMwMTkzMjI2NF8zODQ1NTQxMTE4NDIyODk2NDQzX24uanBnIiwic2xpZGVzaG93IjoiZWE4MDMyOSJ9\">\n\t\t\t\t\t<div class=\"e-gallery-image elementor-gallery-item__image\" data-thumbnail=\"https:\/\/ces.gob.gt\/wp-content\/uploads\/2025\/07\/188040644_1915519301932264_3845541118422896443_n-300x225.jpg\" data-width=\"300\" data-height=\"225\" aria-label=\"\" role=\"img\" ><\/div>\n\t\t\t\t\t\t\t\t\t\t\t<div class=\"elementor-gallery-item__overlay\"><\/div>\n\t\t\t\t\t\t\t\t\t\t\t\t\t\t<\/a>\n\t\t\t\t\t\t\t<a class=\"e-gallery-item elementor-gallery-item elementor-animated-content\" href=\"https:\/\/ces.gob.gt\/wp-content\/uploads\/2025\/07\/142459961_1831087017042160_8450040761278272964_n.jpg\" data-elementor-open-lightbox=\"yes\" data-elementor-lightbox-slideshow=\"ea80329\" data-elementor-lightbox-title=\"142459961_1831087017042160_8450040761278272964_n\" data-e-action-hash=\"#elementor-action%3Aaction%3Dlightbox%26settings%3DeyJpZCI6NDY3MCwidXJsIjoiaHR0cHM6XC9cL2Nlcy5nb2IuZ3RcL3dwLWNvbnRlbnRcL3VwbG9hZHNcLzIwMjVcLzA3XC8xNDI0NTk5NjFfMTgzMTA4NzAxNzA0MjE2MF84NDUwMDQwNzYxMjc4MjcyOTY0X24uanBnIiwic2xpZGVzaG93IjoiZWE4MDMyOSJ9\">\n\t\t\t\t\t<div class=\"e-gallery-image elementor-gallery-item__image\" data-thumbnail=\"https:\/\/ces.gob.gt\/wp-content\/uploads\/2025\/07\/142459961_1831087017042160_8450040761278272964_n-300x200.jpg\" data-width=\"300\" data-height=\"200\" aria-label=\"\" role=\"img\" ><\/div>\n\t\t\t\t\t\t\t\t\t\t\t<div class=\"elementor-gallery-item__overlay\"><\/div>\n\t\t\t\t\t\t\t\t\t\t\t\t\t\t<\/a>\n\t\t\t\t\t\t\t<a class=\"e-gallery-item elementor-gallery-item elementor-animated-content\" href=\"https:\/\/ces.gob.gt\/wp-content\/uploads\/2025\/07\/176195776_1893772657440262_4701776023911831174_n.jpg\" data-elementor-open-lightbox=\"yes\" data-elementor-lightbox-slideshow=\"ea80329\" data-elementor-lightbox-title=\"176195776_1893772657440262_4701776023911831174_n\" data-e-action-hash=\"#elementor-action%3Aaction%3Dlightbox%26settings%3DeyJpZCI6NDY3MywidXJsIjoiaHR0cHM6XC9cL2Nlcy5nb2IuZ3RcL3dwLWNvbnRlbnRcL3VwbG9hZHNcLzIwMjVcLzA3XC8xNzYxOTU3NzZfMTg5Mzc3MjY1NzQ0MDI2Ml80NzAxNzc2MDIzOTExODMxMTc0X24uanBnIiwic2xpZGVzaG93IjoiZWE4MDMyOSJ9\">\n\t\t\t\t\t<div class=\"e-gallery-image elementor-gallery-item__image\" data-thumbnail=\"https:\/\/ces.gob.gt\/wp-content\/uploads\/2025\/07\/176195776_1893772657440262_4701776023911831174_n-300x200.jpg\" data-width=\"300\" data-height=\"200\" aria-label=\"\" role=\"img\" ><\/div>\n\t\t\t\t\t\t\t\t\t\t\t<div class=\"elementor-gallery-item__overlay\"><\/div>\n\t\t\t\t\t\t\t\t\t\t\t\t\t\t<\/a>\n\t\t\t\t\t\t\t<a class=\"e-gallery-item elementor-gallery-item elementor-animated-content\" href=\"https:\/\/ces.gob.gt\/wp-content\/uploads\/2025\/07\/153586421_1850942998389895_6811854455225823094_n.jpg\" data-elementor-open-lightbox=\"yes\" data-elementor-lightbox-slideshow=\"ea80329\" data-elementor-lightbox-title=\"153586421_1850942998389895_6811854455225823094_n\" data-e-action-hash=\"#elementor-action%3Aaction%3Dlightbox%26settings%3DeyJpZCI6NDY3MiwidXJsIjoiaHR0cHM6XC9cL2Nlcy5nb2IuZ3RcL3dwLWNvbnRlbnRcL3VwbG9hZHNcLzIwMjVcLzA3XC8xNTM1ODY0MjFfMTg1MDk0Mjk5ODM4OTg5NV82ODExODU0NDU1MjI1ODIzMDk0X24uanBnIiwic2xpZGVzaG93IjoiZWE4MDMyOSJ9\">\n\t\t\t\t\t<div class=\"e-gallery-image elementor-gallery-item__image\" data-thumbnail=\"https:\/\/ces.gob.gt\/wp-content\/uploads\/2025\/07\/153586421_1850942998389895_6811854455225823094_n-300x200.jpg\" data-width=\"300\" data-height=\"200\" aria-label=\"\" role=\"img\" ><\/div>\n\t\t\t\t\t\t\t\t\t\t\t<div class=\"elementor-gallery-item__overlay\"><\/div>\n\t\t\t\t\t\t\t\t\t\t\t\t\t\t<\/a>\n\t\t\t\t\t\t\t<a class=\"e-gallery-item elementor-gallery-item elementor-animated-content\" href=\"https:\/\/ces.gob.gt\/wp-content\/uploads\/2025\/07\/153025116_1851803728303822_6115759297320353170_n.jpg\" data-elementor-open-lightbox=\"yes\" data-elementor-lightbox-slideshow=\"ea80329\" data-elementor-lightbox-title=\"153025116_1851803728303822_6115759297320353170_n\" data-e-action-hash=\"#elementor-action%3Aaction%3Dlightbox%26settings%3DeyJpZCI6NDY3MSwidXJsIjoiaHR0cHM6XC9cL2Nlcy5nb2IuZ3RcL3dwLWNvbnRlbnRcL3VwbG9hZHNcLzIwMjVcLzA3XC8xNTMwMjUxMTZfMTg1MTgwMzcyODMwMzgyMl82MTE1NzU5Mjk3MzIwMzUzMTcwX24uanBnIiwic2xpZGVzaG93IjoiZWE4MDMyOSJ9\">\n\t\t\t\t\t<div class=\"e-gallery-image elementor-gallery-item__image\" data-thumbnail=\"https:\/\/ces.gob.gt\/wp-content\/uploads\/2025\/07\/153025116_1851803728303822_6115759297320353170_n-300x200.jpg\" data-width=\"300\" data-height=\"200\" aria-label=\"\" role=\"img\" ><\/div>\n\t\t\t\t\t\t\t\t\t\t\t<div class=\"elementor-gallery-item__overlay\"><\/div>\n\t\t\t\t\t\t\t\t\t\t\t\t\t\t<\/a>\n\t\t\t\t\t\t\t<a class=\"e-gallery-item elementor-gallery-item elementor-animated-content\" href=\"https:\/\/ces.gob.gt\/wp-content\/uploads\/2025\/07\/131892869_1798547156962813_2932050160738465487_n.jpg\" data-elementor-open-lightbox=\"yes\" data-elementor-lightbox-slideshow=\"ea80329\" data-elementor-lightbox-title=\"131892869_1798547156962813_2932050160738465487_n\" data-e-action-hash=\"#elementor-action%3Aaction%3Dlightbox%26settings%3DeyJpZCI6NDY2OSwidXJsIjoiaHR0cHM6XC9cL2Nlcy5nb2IuZ3RcL3dwLWNvbnRlbnRcL3VwbG9hZHNcLzIwMjVcLzA3XC8xMzE4OTI4NjlfMTc5ODU0NzE1Njk2MjgxM18yOTMyMDUwMTYwNzM4NDY1NDg3X24uanBnIiwic2xpZGVzaG93IjoiZWE4MDMyOSJ9\">\n\t\t\t\t\t<div class=\"e-gallery-image elementor-gallery-item__image\" data-thumbnail=\"https:\/\/ces.gob.gt\/wp-content\/uploads\/2025\/07\/131892869_1798547156962813_2932050160738465487_n-300x167.jpg\" data-width=\"300\" data-height=\"167\" aria-label=\"\" role=\"img\" ><\/div>\n\t\t\t\t\t\t\t\t\t\t\t<div class=\"elementor-gallery-item__overlay\"><\/div>\n\t\t\t\t\t\t\t\t\t\t\t\t\t\t<\/a>\n\t\t\t\t\t<\/div>\n\t\t\t\t\t<\/div>\n\t\t\t\t<\/div>\n\t\t\t\t\t<\/div>\n\t\t<\/div>\n\t\t\t\t\t<\/div>\n\t\t<\/section>\n\t\t\t\t\t<\/div>\n\t\t<\/div>\n\t\t\t\t<div class=\"elementor-column elementor-col-50 elementor-top-column elementor-element elementor-element-332ba42\" data-id=\"332ba42\" data-element_type=\"column\">\n\t\t\t<div class=\"elementor-widget-wrap elementor-element-populated\">\n\t\t\t\t\t\t<div class=\"elementor-element elementor-element-6e75866 elementor-widget elementor-widget-back-core-heading\" data-id=\"6e75866\" data-element_type=\"widget\" data-widget_type=\"back-core-heading.default\">\n\t\t\t\t<div class=\"elementor-widget-container\">\n\t\t\t\t\t        <div class=\"back-heading default left \">\r\n            <div class=\"title-inner\">        \t\t      \t\t\r\n\t            <span class=\"sub-text \">Consejo Econ\u00f3mico Social de Guatemala<\/span><h2 class=\"title\"><span class=\"watermark\"><\/span>Misi\u00f3n, visi\u00f3n, principios y valores<\/h2>\t        <\/div>\r\n\t                <\/div>\r\n\r\n        \t\t\t\t<\/div>\n\t\t\t\t<\/div>\n\t\t\t\t<div class=\"elementor-element elementor-element-c46b2b1 elementor-widget elementor-widget-back-core-heading\" data-id=\"c46b2b1\" data-element_type=\"widget\" data-widget_type=\"back-core-heading.default\">\n\t\t\t\t<div class=\"elementor-widget-container\">\n\t\t\t\t\t        <div class=\"back-heading default left \">\r\n            <div class=\"title-inner\">        \t\t      \t\t\r\n\t            <h2 class=\"title\"><span class=\"watermark\"><\/span>MISI\u00d3N<\/h2>\t        <\/div>\r\n\t                    \t<div class=\"description\">\r\n            \t\t<p>Somos la instituci\u00f3n que tiene como fin mantener el espacio de di\u00e1logo social entre los sectores productivos del pa\u00eds, constituimos un \u00f3rgano consultivo de los organismos del Estado con relaci\u00f3n al dise\u00f1o e implementaci\u00f3n de pol\u00edticas p\u00fablicas sobre aspectos econ\u00f3micos y sociales de Guatemala. Nos rigen los principios de respeto, armon\u00eda, consenso, integraci\u00f3n, representatividad, transparencia y compromiso.<\/p>            \t\t\r\n            \t<\/div>\r\n        \t        <\/div>\r\n\r\n        \t\t\t\t<\/div>\n\t\t\t\t<\/div>\n\t\t\t\t<div class=\"elementor-element elementor-element-456b712 elementor-widget elementor-widget-back-core-heading\" data-id=\"456b712\" data-element_type=\"widget\" data-widget_type=\"back-core-heading.default\">\n\t\t\t\t<div class=\"elementor-widget-container\">\n\t\t\t\t\t        <div class=\"back-heading default left \">\r\n            <div class=\"title-inner\">        \t\t      \t\t\r\n\t            <h2 class=\"title\"><span class=\"watermark\"><\/span>VISI\u00d3N<\/h2>\t        <\/div>\r\n\t                    \t<div class=\"description\">\r\n            \t\tPara el 2030 el CES como \u00f3rgano consultivo de los organismos del Estado ha expresado la opini\u00f3n de los sectores productivos de Guatemala, respecto a la ejecuci\u00f3n de pol\u00edticas p\u00fablicas de car\u00e1cter econ\u00f3mico y social, especialmente los 4 componentes estructurales y 9 componentes sustantivos contenidos en el PRES.            \t\t\r\n            \t<\/div>\r\n        \t        <\/div>\r\n\r\n        \t\t\t\t<\/div>\n\t\t\t\t<\/div>\n\t\t\t\t<div class=\"elementor-element elementor-element-328990b elementor-widget elementor-widget-back-core-heading\" data-id=\"328990b\" data-element_type=\"widget\" data-widget_type=\"back-core-heading.default\">\n\t\t\t\t<div class=\"elementor-widget-container\">\n\t\t\t\t\t        <div class=\"back-heading default left \">\r\n            <div class=\"title-inner\">        \t\t      \t\t\r\n\t            <h2 class=\"title\"><span class=\"watermark\"><\/span>PRINCIPIOS Y VALORES<\/h2>\t        <\/div>\r\n\t                    \t<div class=\"description\">\r\n            \t\t<section><strong>RESPETO:<\/strong>\u00a0Mantener la debida consideraci\u00f3n y tolerancia a la opini\u00f3n y di\u00e1logo social.<\/section><section><\/section><section><\/section><section><\/section><section><strong>ARMON\u00cdA:<\/strong>\u00a0Fomento del di\u00e1logo entre los sectores productivos para la toma de decisiones, buscando como fin primordial el consenso.<\/section><section><\/section><section><\/section><section><strong>CONSENSO:<\/strong>\u00a0B\u00fasqueda de establecer acuerdos en pro del desarrollo de la Naci\u00f3n.<\/section><section><\/section><section><\/section><section><strong>INTEGRACI\u00d3N:<\/strong>\u00a0Implementaci\u00f3n de opiniones conjuntas para consolidar el correcto desempe\u00f1o de la\u00a0 Instituci\u00f3n.<\/section><section><\/section><section><strong>REPRESENTATIVIDAD:<\/strong>\u00a0B\u00fasqueda de la incorporaci\u00f3n de los tres sectores productivos del pa\u00eds para alcanzar puntos en com\u00fan y brindar aportes en la creaci\u00f3n y evaluaci\u00f3n de pol\u00edticas p\u00fablicas.<\/section><section><\/section><section><strong>TRANSPARENCIA:<\/strong>\u00a0Administraci\u00f3n eficiente de los recursos financieros y t\u00e9cnicos asignados al CES, y en la socializaci\u00f3n y divulgaci\u00f3n de sus acciones.<\/section><section><strong>COMPROMISO:<\/strong>\u00a0Responsabilidad de emitir opiniones en materia de pol\u00edticas p\u00fablicas de naturaleza econ\u00f3mica y social.<\/section>            \t\t\r\n            \t<\/div>\r\n        \t        <\/div>\r\n\r\n        \t\t\t\t<\/div>\n\t\t\t\t<\/div>\n\t\t\t\t\t<\/div>\n\t\t<\/div>\n\t\t\t\t\t<\/div>\n\t\t<\/section>\n\t\t\t\t<\/div>\n\t\t","protected":false},"excerpt":{"rendered":"<p>Consejo Econ\u00f3mico Social de Guatemala Misi\u00f3n, visi\u00f3n, principios y valores MISI\u00d3N Somos la instituci\u00f3n que tiene como fin mantener el espacio de di\u00e1logo social entre los sectores productivos del pa\u00eds, constituimos un \u00f3rgano consultivo de los organismos del Estado con relaci\u00f3n al dise\u00f1o e implementaci\u00f3n de pol\u00edticas p\u00fablicas sobre aspectos econ\u00f3micos y sociales de Guatemala&#8230;.<\/p>\n","protected":false},"author":1,"featured_media":0,"parent":0,"menu_order":0,"comment_status":"closed","ping_status":"closed","template":"elementor_header_footer","meta":{"footnotes":""},"class_list":["post-4667","page","type-page","status-publish","hentry"],"_links":{"self":[{"href":"https:\/\/ces.gob.gt\/index.php\/wp-json\/wp\/v2\/pages\/4667","targetHints":{"allow":["GET"]}}],"collection":[{"href":"https:\/\/ces.gob.gt\/index.php\/wp-json\/wp\/v2\/pages"}],"about":[{"href":"https:\/\/ces.gob.gt\/index.php\/wp-json\/wp\/v2\/types\/page"}],"author":[{"embeddable":true,"href":"https:\/\/ces.gob.gt\/index.php\/wp-json\/wp\/v2\/users\/1"}],"replies":[{"embeddable":true,"href":"https:\/\/ces.gob.gt\/index.php\/wp-json\/wp\/v2\/comments?post=4667"}],"version-history":[{"count":10,"href":"https:\/\/ces.gob.gt\/index.php\/wp-json\/wp\/v2\/pages\/4667\/revisions"}],"predecessor-version":[{"id":4701,"href":"https:\/\/ces.gob.gt\/index.php\/wp-json\/wp\/v2\/pages\/4667\/revisions\/4701"}],"wp:attachment":[{"href":"https:\/\/ces.gob.gt\/index.php\/wp-json\/wp\/v2\/media?parent=4667"}],"curies":[{"name":"wp","href":"https:\/\/api.w.org\/{rel}","templated":true}]}}