{"id":5594,"date":"2025-08-21T12:48:19","date_gmt":"2025-08-21T10:48:19","guid":{"rendered":"https:\/\/ces.gob.gt\/?page_id=5594"},"modified":"2026-04-14T21:55:34","modified_gmt":"2026-04-14T19:55:34","slug":"estructura-organica-y-funciones-numeral-2","status":"publish","type":"page","link":"https:\/\/ces.gob.gt\/index.php\/informacion-publica\/estructura-organica-y-funciones-numeral-2\/","title":{"rendered":"Direcci\u00f3n y tel\u00e9fonos de la entidad numeral 2"},"content":{"rendered":"\t\t<div data-elementor-type=\"wp-page\" data-elementor-id=\"5594\" class=\"elementor elementor-5594\" data-elementor-post-type=\"page\">\n\t\t\t\t\t\t<section class=\"elementor-section elementor-top-section elementor-element elementor-element-313ee99 elementor-section-stretched elementor-section-boxed elementor-section-height-default elementor-section-height-default\" data-id=\"313ee99\" data-element_type=\"section\" data-settings=\"{&quot;stretch_section&quot;:&quot;section-stretched&quot;,&quot;background_background&quot;:&quot;classic&quot;}\">\n\t\t\t\t\t\t<div class=\"elementor-container elementor-column-gap-default\">\n\t\t\t\t\t<div class=\"elementor-column elementor-col-50 elementor-top-column elementor-element elementor-element-e0699b1\" data-id=\"e0699b1\" data-element_type=\"column\">\n\t\t\t<div class=\"elementor-widget-wrap elementor-element-populated\">\n\t\t\t\t\t\t<div class=\"elementor-element elementor-element-a6d2a4d iconoinfox elementor-view-default elementor-widget elementor-widget-icon\" data-id=\"a6d2a4d\" data-element_type=\"widget\" id=\"iconoinfo\" data-widget_type=\"icon.default\">\n\t\t\t\t<div class=\"elementor-widget-container\">\n\t\t\t\t\t\t\t<div class=\"elementor-icon-wrapper\">\n\t\t\t<div class=\"elementor-icon\">\n\t\t\t<svg xmlns=\"http:\/\/www.w3.org\/2000\/svg\" id=\"_Layer_\" data-name=\"&amp;lt;Layer&amp;gt;\" viewBox=\"0 0 130 130.45\"><defs><style>      .cls-1 {        font-family: MontserratRoman-SemiBold, Montserrat;        font-size: 37.41px;        font-variation-settings: 'wght' 600;        font-weight: 600;      }      .cls-1, .cls-2 {        fill: #e27b3f;      }    <\/style><\/defs><text class=\"cls-1\" transform=\"translate(10.64 76.46)\"><tspan x=\"0\" y=\"0\">2<\/tspan><\/text><g><g><path class=\"cls-2\" d=\"M64.66,74.8c-2.7,0-5.32-.95-7.38-2.69-.26-.22-.37-.56-.3-.89.65-2.94,2.64-5.35,5.2-6.3.36-.13.77-.02,1.01.27.3.36.79.79,1.47.79.53,0,1.05-.28,1.47-.79.24-.3.65-.41,1.01-.27,2.56.95,4.55,3.37,5.2,6.31.07.33-.04.67-.3.88-2.06,1.73-4.68,2.68-7.38,2.68ZM58.87,71.08c1.67,1.24,3.7,1.92,5.78,1.92s4.12-.68,5.78-1.91c-.56-1.9-1.81-3.45-3.4-4.24-.69.62-1.52.95-2.38.95s-1.7-.33-2.39-.95c-1.58.79-2.83,2.34-3.4,4.24Z\"><\/path><path class=\"cls-2\" d=\"M64.66,67.79c-1.08,0-2.1-.52-2.87-1.45-.8-.96-1.24-2.27-1.24-3.68,0-2.83,1.84-5.14,4.1-5.14s4.1,2.31,4.1,5.14c0,1.41-.44,2.72-1.24,3.68-.77.93-1.78,1.45-2.86,1.45ZM64.66,59.32c-1.25,0-2.3,1.53-2.3,3.34,0,.98.3,1.9.83,2.54.3.36.79.8,1.47.8.53,0,1.05-.28,1.47-.79.53-.64.83-1.56.83-2.54,0-1.81-1.05-3.34-2.3-3.34Z\"><\/path><path class=\"cls-2\" d=\"M64.65,74.8c-6.69,0-12.14-5.45-12.14-12.14s5.45-12.14,12.14-12.14,12.14,5.45,12.14,12.14-5.45,12.14-12.14,12.14ZM64.65,52.32c-5.7,0-10.34,4.64-10.34,10.34s4.64,10.34,10.34,10.34,10.34-4.64,10.34-10.34-4.64-10.34-10.34-10.34Z\"><\/path><\/g><g><path class=\"cls-2\" d=\"M97.97,46.34c-.27,0-.53-.12-.7-.34l-2.62-3.28c-.31-.39-.25-.96.14-1.27.39-.31.96-.25,1.27.14l1.91,2.39,5.1-6.54c.31-.39.87-.46,1.26-.16.39.31.46.87.16,1.26l-5.8,7.44c-.17.22-.43.35-.71.35h0Z\"><\/path><path class=\"cls-2\" d=\"M102.68,49.05h-10.52c-.5,0-.9-.4-.9-.9v-10.52c0-.5.4-.9.9-.9h7.41c.5,0,.9.4.9.9s-.4.9-.9.9h-6.51v8.71h8.71v-2.19c0-.5.4-.9.9-.9s.9.4.9.9v3.09c0,.5-.4.9-.9.9Z\"><\/path><path class=\"cls-2\" d=\"M97.97,66.09c-.27,0-.53-.12-.7-.34l-2.62-3.28c-.31-.39-.25-.96.14-1.27.39-.31.96-.25,1.27.14l1.91,2.39,5.1-6.54c.31-.39.87-.46,1.26-.16.39.31.46.87.16,1.26l-5.8,7.44c-.17.22-.43.35-.71.35h0Z\"><\/path><path class=\"cls-2\" d=\"M102.68,68.8h-10.52c-.5,0-.9-.4-.9-.9v-10.52c0-.5.4-.9.9-.9h7.41c.5,0,.9.4.9.9s-.4.9-.9.9h-6.51v8.71h8.71v-2.19c0-.5.4-.9.9-.9s.9.4.9.9v3.09c0,.5-.4.9-.9.9Z\"><\/path><path class=\"cls-2\" d=\"M97.97,85.85c-.27,0-.53-.12-.7-.34l-2.62-3.28c-.31-.39-.25-.96.14-1.27.39-.31.96-.25,1.27.14l1.91,2.39,5.1-6.54c.31-.39.87-.46,1.26-.16.39.31.46.87.16,1.26l-5.8,7.44c-.17.22-.43.35-.7.35h0Z\"><\/path><path class=\"cls-2\" d=\"M102.68,88.56h-10.52c-.5,0-.9-.4-.9-.9v-10.52c0-.5.4-.9.9-.9h7.41c.5,0,.9.4.9.9s-.4.9-.9.9h-6.51v8.71h8.71v-2.19c0-.5.4-.9.9-.9s.9.4.9.9v3.09c0,.5-.4.9-.9.9Z\"><\/path><\/g><path class=\"cls-2\" d=\"M82.55,82.83c-.5,0-.9-.4-.9-.9v-38.56c0-.5.4-.9.9-.9s.9.4.9.9v38.56c0,.5-.4.9-.9.9Z\"><\/path><path class=\"cls-2\" d=\"M86.84,63.55h-10.01c-.5,0-.9-.4-.9-.9s.4-.9.9-.9h10.01c.5,0,.9.4.9.9s-.4.9-.9.9Z\"><\/path><path class=\"cls-2\" d=\"M86.84,44.26h-4.29c-.5,0-.9-.4-.9-.9s.4-.9.9-.9h4.29c.5,0,.9.4.9.9s-.4.9-.9.9Z\"><\/path><path class=\"cls-2\" d=\"M86.84,83.3h-4.29c-.5,0-.9-.4-.9-.9s.4-.9.9-.9h4.29c.5,0,.9.4.9.9s-.4.9-.9.9Z\"><\/path><\/g><\/svg>\t\t\t<\/div>\n\t\t<\/div>\n\t\t\t\t\t\t<\/div>\n\t\t\t\t<\/div>\n\t\t\t\t\t<\/div>\n\t\t<\/div>\n\t\t\t\t<div class=\"elementor-column elementor-col-50 elementor-top-column elementor-element elementor-element-a4a82f5\" data-id=\"a4a82f5\" data-element_type=\"column\">\n\t\t\t<div class=\"elementor-widget-wrap elementor-element-populated\">\n\t\t\t\t\t\t<div class=\"elementor-element elementor-element-951910b elementor-widget__width-initial elementor-widget elementor-widget-back-core-heading\" data-id=\"951910b\" data-element_type=\"widget\" data-widget_type=\"back-core-heading.default\">\n\t\t\t\t<div class=\"elementor-widget-container\">\n\t\t\t\t\t        <div class=\"back-heading default left \">\r\n            <div class=\"title-inner\">        \t\t      \t\t\r\n\t            <span class=\"sub-text \">Art\u00edculo 10. Numeral 2:<\/span><h2 class=\"title\"><span class=\"watermark\"><\/span>Direcci\u00f3n y tel\u00e9fonos de la entidad<\/h2>\t        <\/div>\r\n\t                    \t<div class=\"description\">\r\n            \t\t<p class=\"p1\">Direcci\u00f3n y tel\u00e9fonos de la entidad y de todas las dependencias que la conforman.<\/p>            \t\t\r\n            \t<\/div>\r\n        \t        <\/div>\r\n\r\n        \t\t\t\t<\/div>\n\t\t\t\t<\/div>\n\t\t\t\t\t<\/div>\n\t\t<\/div>\n\t\t\t\t\t<\/div>\n\t\t<\/section>\n\t\t\t\t<section class=\"elementor-section elementor-top-section elementor-element elementor-element-bd17bc1 elementor-section-stretched elementor-section-full_width elementor-section-height-default elementor-section-height-default\" data-id=\"bd17bc1\" data-element_type=\"section\" data-settings=\"{&quot;stretch_section&quot;:&quot;section-stretched&quot;}\">\n\t\t\t\t\t\t<div class=\"elementor-container elementor-column-gap-default\">\n\t\t\t\t\t<div class=\"elementor-column elementor-col-100 elementor-top-column elementor-element elementor-element-fe6d951\" data-id=\"fe6d951\" data-element_type=\"column\">\n\t\t\t<div class=\"elementor-widget-wrap elementor-element-populated\">\n\t\t\t\t\t\t<section class=\"elementor-section elementor-inner-section elementor-element elementor-element-32be198 elementor-section-boxed elementor-section-height-default elementor-section-height-default\" data-id=\"32be198\" data-element_type=\"section\">\n\t\t\t\t\t\t<div class=\"elementor-container elementor-column-gap-default\">\n\t\t\t\t\t<div class=\"elementor-column elementor-col-33 elementor-inner-column elementor-element elementor-element-3ec9d5e\" data-id=\"3ec9d5e\" data-element_type=\"column\">\n\t\t\t<div class=\"elementor-widget-wrap\">\n\t\t\t\t\t\t\t<\/div>\n\t\t<\/div>\n\t\t\t\t<div class=\"elementor-column elementor-col-33 elementor-inner-column elementor-element elementor-element-c665231\" data-id=\"c665231\" data-element_type=\"column\">\n\t\t\t<div class=\"elementor-widget-wrap elementor-element-populated\">\n\t\t\t\t\t\t\t<\/div>\n\t\t<\/div>\n\t\t\t\t<div class=\"elementor-column elementor-col-33 elementor-inner-column elementor-element elementor-element-b1eaf43\" data-id=\"b1eaf43\" data-element_type=\"column\">\n\t\t\t<div class=\"elementor-widget-wrap\">\n\t\t\t\t\t\t\t<\/div>\n\t\t<\/div>\n\t\t\t\t\t<\/div>\n\t\t<\/section>\n\t\t\t\t\t<\/div>\n\t\t<\/div>\n\t\t\t\t\t<\/div>\n\t\t<\/section>\n\t\t\t\t<section class=\"elementor-section elementor-top-section elementor-element elementor-element-5440bab elementor-section-stretched elementor-section-full_width elementor-section-height-default elementor-section-height-default\" data-id=\"5440bab\" data-element_type=\"section\" data-settings=\"{&quot;stretch_section&quot;:&quot;section-stretched&quot;}\">\n\t\t\t\t\t\t<div class=\"elementor-container elementor-column-gap-default\">\n\t\t\t\t\t<div class=\"elementor-column elementor-col-100 elementor-top-column elementor-element elementor-element-d84cc44\" data-id=\"d84cc44\" data-element_type=\"column\">\n\t\t\t<div class=\"elementor-widget-wrap elementor-element-populated\">\n\t\t\t\t\t\t<section class=\"elementor-section elementor-inner-section elementor-element elementor-element-e2d7d0d elementor-section-boxed elementor-section-height-default elementor-section-height-default\" data-id=\"e2d7d0d\" data-element_type=\"section\">\n\t\t\t\t\t\t<div class=\"elementor-container elementor-column-gap-default\">\n\t\t\t\t\t<div class=\"elementor-column elementor-col-33 elementor-inner-column elementor-element elementor-element-decc93c\" data-id=\"decc93c\" data-element_type=\"column\">\n\t\t\t<div class=\"elementor-widget-wrap\">\n\t\t\t\t\t\t\t<\/div>\n\t\t<\/div>\n\t\t\t\t<div class=\"elementor-column elementor-col-33 elementor-inner-column elementor-element elementor-element-6b0776a\" data-id=\"6b0776a\" data-element_type=\"column\">\n\t\t\t<div class=\"elementor-widget-wrap elementor-element-populated\">\n\t\t\t\t<div class=\"elementor-element elementor-element-b90b2a4 e-grid e-con-boxed e-con e-parent\" data-id=\"b90b2a4\" data-element_type=\"container\">\n\t\t\t\t\t<div class=\"e-con-inner\">\n\t\t\t\t<div class=\"elementor-element elementor-element-e8781d0 elementor-widget__width-initial elementor-widget elementor-widget-back-core-heading\" data-id=\"e8781d0\" data-element_type=\"widget\" data-widget_type=\"back-core-heading.default\">\n\t\t\t\t<div class=\"elementor-widget-container\">\n\t\t\t\t\t        <div class=\"back-heading default left \">\r\n            <div class=\"title-inner\">        \t\t      \t\t\r\n\t            <h2 class=\"title\"><span class=\"watermark\"><\/span>Instituci\u00f3n<\/h2>\t        <\/div>\r\n\t                    \t<div class=\"description\">\r\n            \t\t<p class=\"p1\">Consejo\u00a0 Econ\u00f3mico y Social de Guatemala -CES- y sus dependencias<\/p>            \t\t\r\n            \t<\/div>\r\n        \t        <\/div>\r\n\r\n        \t\t\t\t<\/div>\n\t\t\t\t<\/div>\n\t\t\t\t<div class=\"elementor-element elementor-element-59844e5 elementor-widget__width-initial elementor-widget elementor-widget-back-core-heading\" data-id=\"59844e5\" data-element_type=\"widget\" data-widget_type=\"back-core-heading.default\">\n\t\t\t\t<div class=\"elementor-widget-container\">\n\t\t\t\t\t        <div class=\"back-heading default left \">\r\n            <div class=\"title-inner\">        \t\t      \t\t\r\n\t            <h2 class=\"title\"><span class=\"watermark\"><\/span>Ubicaci\u00f3n f\u00edsica<\/h2>\t        <\/div>\r\n\t                    \t<div class=\"description\">\r\n            \t\t<p class=\"p1\">Avenida Reforma 13-70 zona 9, Edificio Real Reforma, Nivel 1, Oficinas 12 y 14 Ciudad de Guatemala<\/p>            \t\t\r\n            \t<\/div>\r\n        \t        <\/div>\r\n\r\n        \t\t\t\t<\/div>\n\t\t\t\t<\/div>\n\t\t\t\t<div class=\"elementor-element elementor-element-38f8369 elementor-widget__width-initial elementor-widget elementor-widget-back-core-heading\" data-id=\"38f8369\" data-element_type=\"widget\" data-widget_type=\"back-core-heading.default\">\n\t\t\t\t<div class=\"elementor-widget-container\">\n\t\t\t\t\t        <div class=\"back-heading default left \">\r\n            <div class=\"title-inner\">        \t\t      \t\t\r\n\t            <h2 class=\"title\"><span class=\"watermark\"><\/span>Tel\u00e9fonos<\/h2>\t        <\/div>\r\n\t                    \t<div class=\"description\">\r\n            \t\t<p class=\"p1\">2232-2254<br \/>2232-1733<\/p>            \t\t\r\n            \t<\/div>\r\n        \t        <\/div>\r\n\r\n        \t\t\t\t<\/div>\n\t\t\t\t<\/div>\n\t\t\t\t\t<\/div>\n\t\t\t\t<\/div>\n\t\t\t\t\t<\/div>\n\t\t<\/div>\n\t\t\t\t<div class=\"elementor-column elementor-col-33 elementor-inner-column elementor-element elementor-element-7ce3c3c\" data-id=\"7ce3c3c\" data-element_type=\"column\">\n\t\t\t<div class=\"elementor-widget-wrap\">\n\t\t\t\t\t\t\t<\/div>\n\t\t<\/div>\n\t\t\t\t\t<\/div>\n\t\t<\/section>\n\t\t\t\t\t<\/div>\n\t\t<\/div>\n\t\t\t\t\t<\/div>\n\t\t<\/section>\n\t\t\t\t<\/div>\n\t\t","protected":false},"excerpt":{"rendered":"<p>2 Art\u00edculo 10. Numeral 2: Direcci\u00f3n y tel\u00e9fonos de la entidad Direcci\u00f3n y tel\u00e9fonos de la entidad y de todas las dependencias que la conforman. Instituci\u00f3n Consejo\u00a0 Econ\u00f3mico y Social de Guatemala -CES- y sus dependencias Ubicaci\u00f3n f\u00edsica Avenida Reforma 13-70 zona 9, Edificio Real Reforma, Nivel 1, Oficinas 12 y 14 Ciudad de Guatemala&#8230;<\/p>\n","protected":false},"author":1,"featured_media":0,"parent":4734,"menu_order":0,"comment_status":"closed","ping_status":"closed","template":"elementor_header_footer","meta":{"footnotes":""},"class_list":["post-5594","page","type-page","status-publish","hentry"],"_links":{"self":[{"href":"https:\/\/ces.gob.gt\/index.php\/wp-json\/wp\/v2\/pages\/5594","targetHints":{"allow":["GET"]}}],"collection":[{"href":"https:\/\/ces.gob.gt\/index.php\/wp-json\/wp\/v2\/pages"}],"about":[{"href":"https:\/\/ces.gob.gt\/index.php\/wp-json\/wp\/v2\/types\/page"}],"author":[{"embeddable":true,"href":"https:\/\/ces.gob.gt\/index.php\/wp-json\/wp\/v2\/users\/1"}],"replies":[{"embeddable":true,"href":"https:\/\/ces.gob.gt\/index.php\/wp-json\/wp\/v2\/comments?post=5594"}],"version-history":[{"count":26,"href":"https:\/\/ces.gob.gt\/index.php\/wp-json\/wp\/v2\/pages\/5594\/revisions"}],"predecessor-version":[{"id":17311,"href":"https:\/\/ces.gob.gt\/index.php\/wp-json\/wp\/v2\/pages\/5594\/revisions\/17311"}],"up":[{"embeddable":true,"href":"https:\/\/ces.gob.gt\/index.php\/wp-json\/wp\/v2\/pages\/4734"}],"wp:attachment":[{"href":"https:\/\/ces.gob.gt\/index.php\/wp-json\/wp\/v2\/media?parent=5594"}],"curies":[{"name":"wp","href":"https:\/\/api.w.org\/{rel}","templated":true}]}}