{"id":6798,"date":"2025-08-29T13:58:08","date_gmt":"2025-08-29T11:58:08","guid":{"rendered":"https:\/\/ces.gob.gt\/?page_id=6798"},"modified":"2026-04-14T22:34:47","modified_gmt":"2026-04-14T20:34:47","slug":"empresas-precalificadas-para-ejecucion-de-obras-publicas-ventas-de-bienes-y-prestacion-de-servicios-numeral-17","status":"publish","type":"page","link":"https:\/\/ces.gob.gt\/index.php\/informacion-publica\/empresas-precalificadas-para-ejecucion-de-obras-publicas-ventas-de-bienes-y-prestacion-de-servicios-numeral-17\/","title":{"rendered":"Empresas precalificadas para ejecuci\u00f3n de obras p\u00fablicas ventas de bienes y prestaci\u00f3n de servicios. numeral 17"},"content":{"rendered":"\t\t<div data-elementor-type=\"wp-page\" data-elementor-id=\"6798\" class=\"elementor elementor-6798\" data-elementor-post-type=\"page\">\n\t\t\t\t\t\t<section class=\"elementor-section elementor-top-section elementor-element elementor-element-313ee99 elementor-section-stretched elementor-section-boxed elementor-section-height-default elementor-section-height-default\" data-id=\"313ee99\" data-element_type=\"section\" data-settings=\"{&quot;stretch_section&quot;:&quot;section-stretched&quot;,&quot;background_background&quot;:&quot;classic&quot;}\">\n\t\t\t\t\t\t<div class=\"elementor-container elementor-column-gap-default\">\n\t\t\t\t\t<div class=\"elementor-column elementor-col-50 elementor-top-column elementor-element elementor-element-e0699b1\" data-id=\"e0699b1\" data-element_type=\"column\">\n\t\t\t<div class=\"elementor-widget-wrap elementor-element-populated\">\n\t\t\t\t\t\t<div class=\"elementor-element elementor-element-a6d2a4d iconoinfox elementor-view-default elementor-widget elementor-widget-icon\" data-id=\"a6d2a4d\" data-element_type=\"widget\" id=\"iconoinfo\" data-widget_type=\"icon.default\">\n\t\t\t\t<div class=\"elementor-widget-container\">\n\t\t\t\t\t\t\t<div class=\"elementor-icon-wrapper\">\n\t\t\t<div class=\"elementor-icon\">\n\t\t\t<svg xmlns=\"http:\/\/www.w3.org\/2000\/svg\" id=\"_Layer_\" data-name=\"&amp;lt;Layer&amp;gt;\" viewBox=\"0 0 130 130.45\"><defs><style>      .cls-1 {        font-family: MontserratRoman-SemiBold, Montserrat;        font-size: 37.41px;        font-variation-settings: 'wght' 600;        font-weight: 600;      }      .cls-1, .cls-2 {        fill: #e27b3f;      }    <\/style><\/defs><text class=\"cls-1\" transform=\"translate(14.04 76.46)\"><tspan x=\"0\" y=\"0\">17<\/tspan><\/text><g><path class=\"cls-2\" d=\"M87.45,62.54c-.48,0-.96-.16-1.35-.49l-1.04-.86c-.1-.08-.22-.12-.34-.11l-1.35.09c-1.01.07-1.93-.6-2.18-1.59l-.33-1.31c-.03-.12-.11-.22-.21-.29l-1.14-.72c-.86-.54-1.21-1.62-.83-2.57l.5-1.25c.05-.12.05-.24,0-.36l-.5-1.25c-.38-.94-.03-2.02.83-2.57l1.14-.72c.11-.07.18-.17.21-.29l.33-1.31c.25-.99,1.17-1.65,2.18-1.59l1.35.09c.13,0,.25-.03.34-.11l1.04-.86c.78-.65,1.92-.65,2.7,0l1.04.86c.1.08.22.12.34.11l1.35-.09c1.02-.07,1.93.6,2.18,1.59l.33,1.31c.03.12.11.22.21.29l1.14.72c.86.54,1.21,1.62.83,2.57l-.5,1.25c-.05.12-.05.24,0,.36l.5,1.25c.38.94.03,2.02-.83,2.57l-1.14.72c-.11.07-.18.17-.21.29l-.33,1.31c-.25.99-1.16,1.66-2.18,1.59l-1.35-.09c-.13,0-.25.03-.34.11l-1.04.86c-.39.33-.87.49-1.35.49ZM84.76,59.46c.49,0,.97.17,1.35.49l1.04.86c.18.15.44.15.62,0l1.04-.86c.42-.35.95-.52,1.49-.48l1.35.09c.24.02.45-.14.5-.37l.33-1.31c.13-.53.46-.98.92-1.27l1.14-.72c.2-.12.28-.37.19-.59l-.5-1.25c-.2-.5-.2-1.06,0-1.56l.5-1.25c.09-.22,0-.47-.19-.59l-1.14-.72c-.46-.29-.79-.74-.92-1.27l-.33-1.31c-.06-.23-.27-.38-.5-.37l-1.35.09c-.54.04-1.07-.14-1.49-.48l-1.04-.86h0c-.18-.15-.44-.15-.62,0l-1.04.86c-.42.35-.95.52-1.49.48l-1.35-.09c-.23-.01-.44.14-.5.37l-.33,1.31c-.13.53-.46.98-.92,1.27l-1.14.72c-.2.12-.28.37-.19.59l.5,1.25c.2.5.2,1.06,0,1.56l-.5,1.25c-.09.22,0,.47.19.59l1.14.72c.46.29.79.74.92,1.27l.33,1.31c.06.23.27.38.5.37l1.35-.09s.09,0,.14,0Z\"><\/path><path class=\"cls-2\" d=\"M86.92,55.79c-.22,0-.42-.09-.57-.24l-2.36-2.36c-.32-.32-.32-.83,0-1.15.32-.32.83-.32,1.15,0l1.79,1.79,2.85-2.85c.32-.32.83-.32,1.15,0,.32.32.32.83,0,1.15l-3.43,3.43c-.15.15-.36.24-.57.24Z\"><\/path><g><path class=\"cls-2\" d=\"M71.29,95.96c-1.66,0-3.21-.64-4.38-1.81-1.17-1.17-1.81-2.72-1.81-4.37v-38.73h-9.95c-.45,0-.81-.36-.81-.81v-5c0-1.66.64-3.21,1.81-4.38,1.18-1.17,2.74-1.81,4.38-1.81,3.41,0,6.19,2.78,6.19,6.2v44.54c0,1.22.48,2.36,1.34,3.23s2.01,1.34,3.24,1.34c2.52,0,4.56-2.05,4.56-4.56v-5.01c0-.45.36-.81.81-.81s.81.36.81.81v5.01c0,3.41-2.78,6.19-6.19,6.19ZM55.95,49.42h9.14v-4.19c0-2.52-2.05-4.58-4.56-4.58-1.21,0-2.37.48-3.24,1.34-.86.86-1.34,2.01-1.34,3.23v4.19Z\"><\/path><path class=\"cls-2\" d=\"M109,85.57c-.45,0-.81-.36-.81-.81v-39.53c0-1.22-.48-2.37-1.34-3.24s-2.01-1.34-3.23-1.34c-.45,0-.81-.36-.81-.81s.36-.81.81-.81c1.65,0,3.2.64,4.37,1.81,1.17,1.17,1.81,2.73,1.81,4.38v39.53c0,.45-.36.81-.81.81Z\"><\/path><path class=\"cls-2\" d=\"M114.38,95.96c-.45,0-.81-.36-.81-.81s.36-.81.81-.81c1.22,0,2.36-.48,3.23-1.34s1.34-2.01,1.34-3.23v-4.2h-42.28c-.45,0-.81-.36-.81-.81s.36-.81.81-.81h43.09c.45,0,.81.36.81.81v5.01c0,1.65-.64,3.2-1.81,4.37-1.17,1.17-2.72,1.81-4.37,1.81Z\"><\/path><path class=\"cls-2\" d=\"M103.62,40.66h-43.09c-.45,0-.81-.36-.81-.81s.36-.81.81-.81h43.09c.45,0,.81.36.81.81s-.36.81-.81.81Z\"><\/path><path class=\"cls-2\" d=\"M114.38,95.96h-43.09c-.45,0-.81-.36-.81-.81s.36-.81.81-.81h43.09c.45,0,.81.36.81.81s-.36.81-.81.81Z\"><\/path><\/g><path class=\"cls-2\" d=\"M102.94,72.75h-30.99c-.45,0-.81-.36-.81-.81s.36-.81.81-.81h30.99c.45,0,.81.36.81.81s-.36.81-.81.81Z\"><\/path><path class=\"cls-2\" d=\"M102.94,78.74h-30.99c-.45,0-.81-.36-.81-.81s.36-.81.81-.81h30.99c.45,0,.81.36.81.81s-.36.81-.81.81Z\"><\/path><path class=\"cls-2\" d=\"M102.94,66.77h-30.99c-.45,0-.81-.36-.81-.81s.36-.81.81-.81h30.99c.45,0,.81.36.81.81s-.36.81-.81.81Z\"><\/path><\/g><\/svg>\t\t\t<\/div>\n\t\t<\/div>\n\t\t\t\t\t\t<\/div>\n\t\t\t\t<\/div>\n\t\t\t\t\t<\/div>\n\t\t<\/div>\n\t\t\t\t<div class=\"elementor-column elementor-col-50 elementor-top-column elementor-element elementor-element-a4a82f5\" data-id=\"a4a82f5\" data-element_type=\"column\">\n\t\t\t<div class=\"elementor-widget-wrap elementor-element-populated\">\n\t\t\t\t\t\t<div class=\"elementor-element elementor-element-951910b elementor-widget__width-initial elementor-widget elementor-widget-back-core-heading\" data-id=\"951910b\" data-element_type=\"widget\" data-widget_type=\"back-core-heading.default\">\n\t\t\t\t<div class=\"elementor-widget-container\">\n\t\t\t\t\t        <div class=\"back-heading default left \">\r\n            <div class=\"title-inner\">        \t\t      \t\t\r\n\t            <span class=\"sub-text \">Art\u00edculo 10. Numeral 17:<\/span><h2 class=\"title\"><span class=\"watermark\"><\/span>Empresas precalificadas para ejecuci\u00f3n de obras p\u00fablicas, ventas de bienes y prestaci\u00f3n de servicios.<\/h2>\t        <\/div>\r\n\t                    \t<div class=\"description\">\r\n            \t\tLos listados de las empresas precalificadas para la ejecuci\u00f3n de obras p\u00fablicas, de venta de bienes y de prestaci\u00f3n de servicios de cualquier naturaleza, incluyendo la informaci\u00f3n relacionada a la raz\u00f3n social, capital autorizado y la informaci\u00f3n que corresponda al rengl\u00f3n para el que fueron precalificadas.            \t\t\r\n            \t<\/div>\r\n        \t        <\/div>\r\n\r\n        \t\t\t\t<\/div>\n\t\t\t\t<\/div>\n\t\t\t\t\t<\/div>\n\t\t<\/div>\n\t\t\t\t\t<\/div>\n\t\t<\/section>\n\t\t\t\t<section class=\"elementor-section elementor-top-section elementor-element elementor-element-bd17bc1 elementor-section-stretched elementor-section-full_width elementor-section-height-default elementor-section-height-default\" data-id=\"bd17bc1\" data-element_type=\"section\" data-settings=\"{&quot;stretch_section&quot;:&quot;section-stretched&quot;}\">\n\t\t\t\t\t\t<div class=\"elementor-container elementor-column-gap-default\">\n\t\t\t\t\t<div class=\"elementor-column elementor-col-100 elementor-top-column elementor-element elementor-element-fe6d951\" data-id=\"fe6d951\" data-element_type=\"column\">\n\t\t\t<div class=\"elementor-widget-wrap elementor-element-populated\">\n\t\t\t\t\t\t<section class=\"elementor-section elementor-inner-section elementor-element elementor-element-32be198 elementor-section-boxed elementor-section-height-default elementor-section-height-default\" data-id=\"32be198\" data-element_type=\"section\">\n\t\t\t\t\t\t<div class=\"elementor-container elementor-column-gap-default\">\n\t\t\t\t\t<div class=\"elementor-column elementor-col-33 elementor-inner-column elementor-element elementor-element-3ec9d5e\" data-id=\"3ec9d5e\" data-element_type=\"column\">\n\t\t\t<div class=\"elementor-widget-wrap\">\n\t\t\t\t\t\t\t<\/div>\n\t\t<\/div>\n\t\t\t\t<div class=\"elementor-column elementor-col-33 elementor-inner-column elementor-element elementor-element-c665231\" data-id=\"c665231\" data-element_type=\"column\">\n\t\t\t<div class=\"elementor-widget-wrap elementor-element-populated\">\n\t\t\t\t<div class=\"elementor-element elementor-element-03b71fb e-con-full e-flex e-con e-parent\" data-id=\"03b71fb\" data-element_type=\"container\">\n\t\t\t\t<div class=\"elementor-element elementor-element-031c6ba elementor-widget__width-initial elementor-widget elementor-widget-back-core-heading\" data-id=\"031c6ba\" data-element_type=\"widget\" data-widget_type=\"back-core-heading.default\">\n\t\t\t\t<div class=\"elementor-widget-container\">\n\t\t\t\t\t        <div class=\"back-heading default center \">\r\n            <div class=\"title-inner\">        \t\t      \t\t\r\n\t            \t        <\/div>\r\n\t                    \t<div class=\"description\">\r\n            \t\t<p>De conformidad con los Art\u00edculos 2. y 3. del Decreto N\u00famero 2-2012 \u201cLey Org\u00e1nica del Consejo Econ\u00f3mico y Social de Guatemala\u201d el CES es un ente consultivo del Estado por lo que un ente consultivo del Estado por lo que no cuenta con asignaci\u00f3n presupuestaria y financiera para la ejecuci\u00f3n de obras p\u00fablicas, as\u00ed que el presente numeral no es objeto de gasto.<\/p>            \t\t\r\n            \t<\/div>\r\n        \t        <\/div>\r\n\r\n        \t\t\t\t<\/div>\n\t\t\t\t<\/div>\n\t\t\t\t<\/div>\n\t\t\t\t\t<\/div>\n\t\t<\/div>\n\t\t\t\t<div class=\"elementor-column elementor-col-33 elementor-inner-column elementor-element elementor-element-b1eaf43\" data-id=\"b1eaf43\" data-element_type=\"column\">\n\t\t\t<div class=\"elementor-widget-wrap\">\n\t\t\t\t\t\t\t<\/div>\n\t\t<\/div>\n\t\t\t\t\t<\/div>\n\t\t<\/section>\n\t\t\t\t\t<\/div>\n\t\t<\/div>\n\t\t\t\t\t<\/div>\n\t\t<\/section>\n\t\t\t\t<\/div>\n\t\t","protected":false},"excerpt":{"rendered":"<p>17 Art\u00edculo 10. Numeral 17: Empresas precalificadas para ejecuci\u00f3n de obras p\u00fablicas, ventas de bienes y prestaci\u00f3n de servicios. Los listados de las empresas precalificadas para la ejecuci\u00f3n de obras p\u00fablicas, de venta de bienes y de prestaci\u00f3n de servicios de cualquier naturaleza, incluyendo la informaci\u00f3n relacionada a la raz\u00f3n social, capital autorizado y la&#8230;<\/p>\n","protected":false},"author":1,"featured_media":0,"parent":4734,"menu_order":0,"comment_status":"closed","ping_status":"closed","template":"elementor_header_footer","meta":{"footnotes":""},"class_list":["post-6798","page","type-page","status-publish","hentry"],"_links":{"self":[{"href":"https:\/\/ces.gob.gt\/index.php\/wp-json\/wp\/v2\/pages\/6798","targetHints":{"allow":["GET"]}}],"collection":[{"href":"https:\/\/ces.gob.gt\/index.php\/wp-json\/wp\/v2\/pages"}],"about":[{"href":"https:\/\/ces.gob.gt\/index.php\/wp-json\/wp\/v2\/types\/page"}],"author":[{"embeddable":true,"href":"https:\/\/ces.gob.gt\/index.php\/wp-json\/wp\/v2\/users\/1"}],"replies":[{"embeddable":true,"href":"https:\/\/ces.gob.gt\/index.php\/wp-json\/wp\/v2\/comments?post=6798"}],"version-history":[{"count":61,"href":"https:\/\/ces.gob.gt\/index.php\/wp-json\/wp\/v2\/pages\/6798\/revisions"}],"predecessor-version":[{"id":17329,"href":"https:\/\/ces.gob.gt\/index.php\/wp-json\/wp\/v2\/pages\/6798\/revisions\/17329"}],"up":[{"embeddable":true,"href":"https:\/\/ces.gob.gt\/index.php\/wp-json\/wp\/v2\/pages\/4734"}],"wp:attachment":[{"href":"https:\/\/ces.gob.gt\/index.php\/wp-json\/wp\/v2\/media?parent=6798"}],"curies":[{"name":"wp","href":"https:\/\/api.w.org\/{rel}","templated":true}]}}