{"id":6803,"date":"2025-08-29T14:03:43","date_gmt":"2025-08-29T12:03:43","guid":{"rendered":"https:\/\/ces.gob.gt\/?page_id=6803"},"modified":"2026-04-14T22:38:37","modified_gmt":"2026-04-14T20:38:37","slug":"obras-en-ejecucion-o-ejecutadas-numeral-18","status":"publish","type":"page","link":"https:\/\/ces.gob.gt\/index.php\/informacion-publica\/obras-en-ejecucion-o-ejecutadas-numeral-18\/","title":{"rendered":"Obras en ejecuci\u00f3n o ejecutadas numeral 18"},"content":{"rendered":"\t\t<div data-elementor-type=\"wp-page\" data-elementor-id=\"6803\" class=\"elementor elementor-6803\" data-elementor-post-type=\"page\">\n\t\t\t\t\t\t<section class=\"elementor-section elementor-top-section elementor-element elementor-element-313ee99 elementor-section-stretched elementor-section-boxed elementor-section-height-default elementor-section-height-default\" data-id=\"313ee99\" data-element_type=\"section\" data-settings=\"{&quot;stretch_section&quot;:&quot;section-stretched&quot;,&quot;background_background&quot;:&quot;classic&quot;}\">\n\t\t\t\t\t\t<div class=\"elementor-container elementor-column-gap-default\">\n\t\t\t\t\t<div class=\"elementor-column elementor-col-50 elementor-top-column elementor-element elementor-element-e0699b1\" data-id=\"e0699b1\" data-element_type=\"column\">\n\t\t\t<div class=\"elementor-widget-wrap elementor-element-populated\">\n\t\t\t\t\t\t<div class=\"elementor-element elementor-element-a6d2a4d iconoinfox elementor-view-default elementor-widget elementor-widget-icon\" data-id=\"a6d2a4d\" data-element_type=\"widget\" id=\"iconoinfo\" data-widget_type=\"icon.default\">\n\t\t\t\t<div class=\"elementor-widget-container\">\n\t\t\t\t\t\t\t<div class=\"elementor-icon-wrapper\">\n\t\t\t<div class=\"elementor-icon\">\n\t\t\t<svg xmlns=\"http:\/\/www.w3.org\/2000\/svg\" id=\"_Layer_\" data-name=\"&amp;lt;Layer&amp;gt;\" viewBox=\"0 0 130 130.45\"><defs><style>      .cls-1 {        font-family: MontserratRoman-SemiBold, Montserrat;        font-size: 37.41px;        font-variation-settings: 'wght' 600;        font-weight: 600;      }      .cls-1, .cls-2 {        fill: #e27b3f;      }    <\/style><\/defs><text class=\"cls-1\" transform=\"translate(13.22 76.46)\"><tspan x=\"0\" y=\"0\">18<\/tspan><\/text><g><g><path class=\"cls-2\" d=\"M82.18,104.1c-.58,0-1.15-.3-1.47-.83l-2.01-3.3c-.97.09-1.94.09-2.91,0l-1.59,3.13c-.39.78-1.31,1.14-2.13.84l-5.07-1.87c-.82-.3-1.28-1.17-1.08-2.02l.91-3.75c-.75-.62-1.44-1.3-2.06-2.05l-3.33,1.09c-.83.27-1.73-.12-2.1-.92l-2.26-4.91c-.37-.79-.08-1.74.67-2.19l3.29-2.01c-.09-.97-.09-1.94-.01-2.91l-3.13-1.59c-.78-.4-1.14-1.31-.84-2.13l1.87-5.07c.3-.82,1.17-1.29,2.02-1.08l3.75.91c.62-.75,1.3-1.44,2.05-2.06l-1.09-3.34c-.27-.83.12-1.73.92-2.1l4.91-2.26c.79-.37,1.74-.08,2.19.67l2.01,3.3c.97-.09,1.94-.09,2.91,0l1.59-3.13c.4-.78,1.31-1.14,2.13-.84l5.07,1.87c.82.3,1.28,1.17,1.08,2.02l-.91,3.75c.75.62,1.44,1.31,2.06,2.05l3.34-1.09c.83-.27,1.73.12,2.1.92l2.26,4.91c.37.79.08,1.74-.67,2.19l-3.3,2.01c.09.97.1,1.94.01,2.91l3.13,1.59c.78.4,1.14,1.31.84,2.13l-1.87,5.07c-.3.82-1.18,1.28-2.02,1.08l-3.75-.91c-.62.75-1.31,1.44-2.05,2.06l1.09,3.33c.27.83-.12,1.73-.92,2.1l-4.91,2.26c-.23.11-.48.16-.72.16ZM69.63,99.39l2.19.81,1.44-2.85c.34-.67,1.09-1.05,1.82-.92,1.4.24,2.81.24,4.21,0,.7-.12,1.39.2,1.76.8l1.79,2.94,2.12-.98-.99-3.03c-.23-.72.02-1.5.64-1.94,1.15-.82,2.16-1.83,2.98-2.99.41-.57,1.13-.84,1.81-.67l3.34.81.81-2.19-2.84-1.44c-.67-.34-1.04-1.08-.92-1.82.23-1.39.23-2.81,0-4.21-.12-.7.2-1.39.8-1.76l2.94-1.79-.98-2.12-3.03.99c-.72.23-1.5-.02-1.94-.64-.82-1.15-1.82-2.15-2.98-2.98-.57-.41-.84-1.12-.67-1.81l.81-3.34-2.19-.81-1.44,2.84c-.34.67-1.09,1.04-1.82.92-1.4-.24-2.81-.24-4.21,0-.7.12-1.39-.2-1.76-.8l-1.8-2.94-2.12.98.99,3.03c.23.72-.02,1.5-.64,1.94-1.16.82-2.16,1.82-2.98,2.98-.41.57-1.13.84-1.81.68l-3.35-.81-.81,2.19,2.84,1.44c.67.34,1.04,1.08.92,1.82-.23,1.4-.23,2.82,0,4.21.12.69-.2,1.39-.8,1.76l-2.94,1.8.98,2.12,3.03-.99c.72-.24,1.5.02,1.94.64.82,1.15,1.82,2.16,2.98,2.98.57.41.84,1.12.68,1.81l-.81,3.35Z\"><\/path><path class=\"cls-2\" d=\"M77.19,91.36c-.88,0-1.76-.16-2.61-.47-1.89-.7-3.39-2.09-4.23-3.91-.84-1.83-.92-3.87-.23-5.76,1.44-3.9,5.78-5.9,9.68-4.46,3.9,1.44,5.9,5.78,4.46,9.67-.7,1.89-2.09,3.39-3.91,4.23-1,.46-2.08.7-3.15.7ZM77.19,79.74c-1.66,0-3.23,1.02-3.84,2.67-.38,1.02-.33,2.13.12,3.13.46.99,1.27,1.75,2.3,2.12,1.02.38,2.13.33,3.12-.12.99-.46,1.75-1.27,2.12-2.3.78-2.11-.31-4.47-2.42-5.25-.46-.17-.94-.25-1.41-.25Z\"><\/path><\/g><g><path class=\"cls-2\" d=\"M107.92,76.4c-.42,0-.82-.21-1.05-.59l-1.44-2.36c-.69.06-1.39.07-2.08,0l-1.14,2.24c-.28.56-.94.82-1.53.6l-3.63-1.34c-.59-.22-.92-.84-.77-1.45l.65-2.69c-.54-.44-1.03-.93-1.48-1.47l-2.38.78c-.59.19-1.24-.09-1.5-.66l-1.62-3.51c-.26-.57-.06-1.24.48-1.57l2.36-1.44c-.06-.69-.07-1.39,0-2.08l-2.24-1.14c-.56-.28-.82-.94-.6-1.53l1.34-3.63c.22-.59.84-.92,1.45-.77l2.68.65c.44-.54.93-1.03,1.47-1.48l-.78-2.39c-.19-.59.09-1.24.66-1.5l3.51-1.62c.57-.26,1.24-.06,1.57.48l1.44,2.36c.69-.07,1.39-.07,2.08,0l1.13-2.24c.28-.56.94-.82,1.53-.6l3.63,1.34c.59.22.92.84.77,1.45l-.65,2.68c.54.45,1.03.94,1.48,1.47l2.39-.78c.6-.19,1.24.09,1.5.66l1.62,3.51c.26.57.06,1.24-.48,1.57l-2.36,1.44c.07.69.07,1.39,0,2.08l2.24,1.13c.56.28.82.94.6,1.53l-1.34,3.63c-.22.59-.84.92-1.45.77l-2.68-.65c-.45.54-.94,1.03-1.47,1.48l.78,2.39c.19.59-.09,1.24-.66,1.5l-3.51,1.62c-.17.08-.34.11-.52.11ZM98.94,73.02l1.57.58,1.03-2.04c.24-.48.78-.75,1.3-.66,1,.17,2.01.17,3.01,0,.5-.08.99.14,1.26.57l1.28,2.1,1.52-.7-.71-2.17c-.17-.51.02-1.07.46-1.39.82-.59,1.54-1.31,2.14-2.14.29-.41.81-.6,1.29-.48l2.39.58.58-1.57-2.03-1.03c-.48-.24-.75-.77-.66-1.3.17-.99.17-2.01,0-3.02-.08-.5.14-.99.57-1.26l2.11-1.28-.7-1.52-2.17.71c-.51.17-1.08-.02-1.39-.46-.58-.82-1.3-1.54-2.13-2.13-.41-.29-.6-.8-.48-1.29l.58-2.39-1.57-.58-1.03,2.03c-.24.48-.78.75-1.3.66-1-.17-2.01-.17-3.01,0-.5.09-1-.14-1.26-.57l-1.29-2.11-1.52.7.71,2.17c.17.51-.02,1.08-.46,1.39-.83.59-1.54,1.3-2.13,2.13-.29.41-.81.6-1.3.48l-2.4-.58-.58,1.57,2.03,1.03c.48.24.75.77.66,1.3-.17,1-.17,2.02,0,3.01.08.5-.14,1-.57,1.26l-2.1,1.28.7,1.52,2.17-.71c.52-.17,1.08.02,1.39.46.59.83,1.3,1.54,2.13,2.13.41.29.6.8.48,1.29l-.58,2.4Z\"><\/path><path class=\"cls-2\" d=\"M104.35,67.28c-.63,0-1.26-.11-1.87-.34-1.35-.5-2.43-1.49-3.03-2.8-.6-1.31-.66-2.77-.16-4.12,1.03-2.79,4.14-4.22,6.92-3.19,2.79,1.03,4.22,4.13,3.19,6.92-.5,1.35-1.49,2.43-2.8,3.03-.72.33-1.49.5-2.25.5ZM104.35,58.96c-1.19,0-2.31.73-2.75,1.91-.27.73-.24,1.53.09,2.24.33.71.91,1.25,1.64,1.52.73.27,1.53.24,2.24-.09.71-.33,1.25-.91,1.52-1.64.56-1.51-.22-3.2-1.73-3.76-.33-.12-.67-.18-1.01-.18Z\"><\/path><\/g><\/g><\/svg>\t\t\t<\/div>\n\t\t<\/div>\n\t\t\t\t\t\t<\/div>\n\t\t\t\t<\/div>\n\t\t\t\t\t<\/div>\n\t\t<\/div>\n\t\t\t\t<div class=\"elementor-column elementor-col-50 elementor-top-column elementor-element elementor-element-a4a82f5\" data-id=\"a4a82f5\" data-element_type=\"column\">\n\t\t\t<div class=\"elementor-widget-wrap elementor-element-populated\">\n\t\t\t\t\t\t<div class=\"elementor-element elementor-element-951910b elementor-widget__width-initial elementor-widget elementor-widget-back-core-heading\" data-id=\"951910b\" data-element_type=\"widget\" data-widget_type=\"back-core-heading.default\">\n\t\t\t\t<div class=\"elementor-widget-container\">\n\t\t\t\t\t        <div class=\"back-heading default left \">\r\n            <div class=\"title-inner\">        \t\t      \t\t\r\n\t            <span class=\"sub-text \">Art\u00edculo 10. Numeral 18:<\/span><h2 class=\"title\"><span class=\"watermark\"><\/span>Obras en ejecuci\u00f3n o ejecutadas<\/h2>\t        <\/div>\r\n\t                    \t<div class=\"description\">\r\n            \t\tEl listado de las obras en ejecuci\u00f3n o ejecutadas total o parcialmente con fondos p\u00fablicos, o con recursos provenientes de pr\u00e9stamos otorgados a cualquiera de las entidades del Estado, indicando la ubicaci\u00f3n exacta, el costo total de la obra, la fuente de financiamiento, el tiempo de ejecuci\u00f3n, beneficiarios, empresa o entidad ejecutora, nombre del funcionario responsable de la obra, contenido y especificaciones del contrato correspondiente.            \t\t\r\n            \t<\/div>\r\n        \t        <\/div>\r\n\r\n        \t\t\t\t<\/div>\n\t\t\t\t<\/div>\n\t\t\t\t\t<\/div>\n\t\t<\/div>\n\t\t\t\t\t<\/div>\n\t\t<\/section>\n\t\t\t\t<section class=\"elementor-section elementor-top-section elementor-element elementor-element-bd17bc1 elementor-section-stretched elementor-section-full_width elementor-section-height-default elementor-section-height-default\" data-id=\"bd17bc1\" data-element_type=\"section\" data-settings=\"{&quot;stretch_section&quot;:&quot;section-stretched&quot;}\">\n\t\t\t\t\t\t<div class=\"elementor-container elementor-column-gap-default\">\n\t\t\t\t\t<div class=\"elementor-column elementor-col-100 elementor-top-column elementor-element elementor-element-fe6d951\" data-id=\"fe6d951\" data-element_type=\"column\">\n\t\t\t<div class=\"elementor-widget-wrap elementor-element-populated\">\n\t\t\t\t\t\t<section class=\"elementor-section elementor-inner-section elementor-element elementor-element-32be198 elementor-section-boxed elementor-section-height-default elementor-section-height-default\" data-id=\"32be198\" data-element_type=\"section\">\n\t\t\t\t\t\t<div class=\"elementor-container elementor-column-gap-default\">\n\t\t\t\t\t<div class=\"elementor-column elementor-col-33 elementor-inner-column elementor-element elementor-element-3ec9d5e\" data-id=\"3ec9d5e\" data-element_type=\"column\">\n\t\t\t<div class=\"elementor-widget-wrap\">\n\t\t\t\t\t\t\t<\/div>\n\t\t<\/div>\n\t\t\t\t<div class=\"elementor-column elementor-col-33 elementor-inner-column elementor-element elementor-element-c665231\" data-id=\"c665231\" data-element_type=\"column\">\n\t\t\t<div class=\"elementor-widget-wrap elementor-element-populated\">\n\t\t\t\t<div class=\"elementor-element elementor-element-03b71fb e-con-full e-flex e-con e-parent\" data-id=\"03b71fb\" data-element_type=\"container\">\n\t\t\t\t<div class=\"elementor-element elementor-element-031c6ba elementor-widget__width-initial elementor-widget elementor-widget-back-core-heading\" data-id=\"031c6ba\" data-element_type=\"widget\" data-widget_type=\"back-core-heading.default\">\n\t\t\t\t<div class=\"elementor-widget-container\">\n\t\t\t\t\t        <div class=\"back-heading default center \">\r\n            <div class=\"title-inner\">        \t\t      \t\t\r\n\t            \t        <\/div>\r\n\t                    \t<div class=\"description\">\r\n            \t\t<p>De conformidad con los Art\u00edculos 2. y 3. del Decreto N\u00famero 2-2012 \u201cLey Org\u00e1nica del Consejo Econ\u00f3mico y Social de Guatemala\u201d el CES es un ente consultivo del Estado por lo que no cuenta con asignaci\u00f3n presupuestaria y financiera para la ejecuci\u00f3n de obras p\u00fablicas ya sea con fondos p\u00fablicos ni con ninguna otra fuente de financiamiento.<\/p>            \t\t\r\n            \t<\/div>\r\n        \t        <\/div>\r\n\r\n        \t\t\t\t<\/div>\n\t\t\t\t<\/div>\n\t\t\t\t<\/div>\n\t\t\t\t\t<\/div>\n\t\t<\/div>\n\t\t\t\t<div class=\"elementor-column elementor-col-33 elementor-inner-column elementor-element elementor-element-b1eaf43\" data-id=\"b1eaf43\" data-element_type=\"column\">\n\t\t\t<div class=\"elementor-widget-wrap\">\n\t\t\t\t\t\t\t<\/div>\n\t\t<\/div>\n\t\t\t\t\t<\/div>\n\t\t<\/section>\n\t\t\t\t\t<\/div>\n\t\t<\/div>\n\t\t\t\t\t<\/div>\n\t\t<\/section>\n\t\t\t\t<\/div>\n\t\t","protected":false},"excerpt":{"rendered":"<p>18 Art\u00edculo 10. Numeral 18: Obras en ejecuci\u00f3n o ejecutadas El listado de las obras en ejecuci\u00f3n o ejecutadas total o parcialmente con fondos p\u00fablicos, o con recursos provenientes de pr\u00e9stamos otorgados a cualquiera de las entidades del Estado, indicando la ubicaci\u00f3n exacta, el costo total de la obra, la fuente de financiamiento, el tiempo&#8230;<\/p>\n","protected":false},"author":1,"featured_media":0,"parent":4734,"menu_order":0,"comment_status":"closed","ping_status":"closed","template":"elementor_header_footer","meta":{"footnotes":""},"class_list":["post-6803","page","type-page","status-publish","hentry"],"_links":{"self":[{"href":"https:\/\/ces.gob.gt\/index.php\/wp-json\/wp\/v2\/pages\/6803","targetHints":{"allow":["GET"]}}],"collection":[{"href":"https:\/\/ces.gob.gt\/index.php\/wp-json\/wp\/v2\/pages"}],"about":[{"href":"https:\/\/ces.gob.gt\/index.php\/wp-json\/wp\/v2\/types\/page"}],"author":[{"embeddable":true,"href":"https:\/\/ces.gob.gt\/index.php\/wp-json\/wp\/v2\/users\/1"}],"replies":[{"embeddable":true,"href":"https:\/\/ces.gob.gt\/index.php\/wp-json\/wp\/v2\/comments?post=6803"}],"version-history":[{"count":70,"href":"https:\/\/ces.gob.gt\/index.php\/wp-json\/wp\/v2\/pages\/6803\/revisions"}],"predecessor-version":[{"id":17335,"href":"https:\/\/ces.gob.gt\/index.php\/wp-json\/wp\/v2\/pages\/6803\/revisions\/17335"}],"up":[{"embeddable":true,"href":"https:\/\/ces.gob.gt\/index.php\/wp-json\/wp\/v2\/pages\/4734"}],"wp:attachment":[{"href":"https:\/\/ces.gob.gt\/index.php\/wp-json\/wp\/v2\/media?parent=6803"}],"curies":[{"name":"wp","href":"https:\/\/api.w.org\/{rel}","templated":true}]}}