{"id":6818,"date":"2025-08-29T14:19:00","date_gmt":"2025-08-29T12:19:00","guid":{"rendered":"https:\/\/ces.gob.gt\/?page_id=6818"},"modified":"2026-04-14T22:42:36","modified_gmt":"2026-04-14T20:42:36","slug":"fideicomisos-numeral-21","status":"publish","type":"page","link":"https:\/\/ces.gob.gt\/index.php\/informacion-publica\/fideicomisos-numeral-21\/","title":{"rendered":"Fideicomisos numeral 21"},"content":{"rendered":"\t\t<div data-elementor-type=\"wp-page\" data-elementor-id=\"6818\" class=\"elementor elementor-6818\" data-elementor-post-type=\"page\">\n\t\t\t\t\t\t<section class=\"elementor-section elementor-top-section elementor-element elementor-element-313ee99 elementor-section-stretched elementor-section-boxed elementor-section-height-default elementor-section-height-default\" data-id=\"313ee99\" data-element_type=\"section\" data-e-type=\"section\" data-settings=\"{&quot;stretch_section&quot;:&quot;section-stretched&quot;,&quot;background_background&quot;:&quot;classic&quot;}\">\n\t\t\t\t\t\t<div class=\"elementor-container elementor-column-gap-default\">\n\t\t\t\t\t<div class=\"elementor-column elementor-col-50 elementor-top-column elementor-element elementor-element-e0699b1\" data-id=\"e0699b1\" data-element_type=\"column\" data-e-type=\"column\">\n\t\t\t<div class=\"elementor-widget-wrap elementor-element-populated\">\n\t\t\t\t\t\t<div class=\"elementor-element elementor-element-a6d2a4d iconoinfox elementor-view-default elementor-widget elementor-widget-icon\" data-id=\"a6d2a4d\" data-element_type=\"widget\" data-e-type=\"widget\" id=\"iconoinfo\" data-widget_type=\"icon.default\">\n\t\t\t\t<div class=\"elementor-widget-container\">\n\t\t\t\t\t\t\t<div class=\"elementor-icon-wrapper\">\n\t\t\t<div class=\"elementor-icon\">\n\t\t\t<svg xmlns=\"http:\/\/www.w3.org\/2000\/svg\" id=\"_Layer_\" data-name=\"&amp;lt;Layer&amp;gt;\" viewBox=\"0 0 130 130.45\"><defs><style>      .cls-1 {        font-family: MontserratRoman-SemiBold, Montserrat;        font-size: 37.41px;        font-variation-settings: 'wght' 600;        font-weight: 600;      }      .cls-1, .cls-2, .cls-3 {        fill: #e27b3f;      }      .cls-2 {        stroke: #eb4d4d;        stroke-miterlimit: 10;        stroke-width: .5px;      }    <\/style><\/defs><text class=\"cls-1\" transform=\"translate(16.44 76.46)\"><tspan x=\"0\" y=\"0\">21<\/tspan><\/text><g><g><path class=\"cls-3\" d=\"M110.06,81.12c-5.49,0-9.96-4.47-9.96-9.96,0-2.61,1-5.08,2.82-6.95,1.09-1.12,2.45-1.98,3.92-2.48,2.04-.71,4.37-.71,6.43,0,1.47.5,2.83,1.36,3.92,2.47t0,0s0,0,.01.01c1.82,1.87,2.82,4.34,2.82,6.95,0,5.49-4.47,9.96-9.96,9.96ZM110.06,62.48c-.97,0-1.91.16-2.8.47-1.28.44-2.46,1.18-3.41,2.16-1.59,1.63-2.46,3.78-2.46,6.05,0,4.78,3.89,8.67,8.67,8.67s8.67-3.89,8.67-8.67c0-2.25-.86-4.38-2.41-6-.04-.03-.07-.07-.1-.11-.94-.95-2.1-1.67-3.36-2.1-.89-.31-1.83-.46-2.8-.46Z\"><\/path><path class=\"cls-3\" d=\"M114.02,80.29l4.98,4.98s.03-.03.04-.02c2.39,2.39,5.35-.56,2.96-2.96-.01-.02.01-.04.02-.05-1.5-1.5-3.01-3.01-4.51-4.51l-3.49,2.56Z\"><\/path><\/g><g><g><path class=\"cls-3\" d=\"M69.16,90.05c-1.41,0-2.74-.55-3.74-1.54-1-1-1.54-2.32-1.54-3.73v-33h-8.48c-.38,0-.69-.31-.69-.69v-4.26c0-1.41.55-2.74,1.54-3.74,1.01-1,2.33-1.54,3.74-1.54,2.91,0,5.27,2.37,5.27,5.28v37.94c0,1.04.4,2.01,1.14,2.75s1.71,1.14,2.76,1.14c2.14,0,3.89-1.74,3.89-3.89v-4.27c0-.38.31-.69.69-.69s.69.31.69.69v4.27c0,2.91-2.36,5.27-5.27,5.27ZM56.09,50.4h7.79v-3.57c0-2.15-1.74-3.9-3.89-3.9-1.04,0-2.02.41-2.76,1.14-.73.73-1.14,1.71-1.14,2.76v3.57Z\"><\/path><path class=\"cls-3\" d=\"M101.29,81.2c-.38,0-.69-.31-.69-.69v-33.68c0-1.04-.4-2.02-1.14-2.76s-1.71-1.14-2.75-1.14c-.38,0-.69-.31-.69-.69s.31-.69.69-.69c1.41,0,2.73.55,3.73,1.54,1,1,1.54,2.32,1.54,3.74v33.68c0,.38-.31.69-.69.69Z\"><\/path><path class=\"cls-3\" d=\"M105.88,90.05c-.38,0-.69-.31-.69-.69s.31-.69.69-.69c1.04,0,2.01-.4,2.75-1.14s1.14-1.71,1.14-2.75v-3.57h-36.02c-.38,0-.69-.31-.69-.69s.31-.69.69-.69h36.71c.38,0,.69.31.69.69v4.27c0,1.41-.55,2.73-1.54,3.73-1,1-2.32,1.54-3.73,1.54Z\"><\/path><path class=\"cls-3\" d=\"M96.7,42.94h-36.71c-.38,0-.69-.31-.69-.69s.31-.69.69-.69h36.71c.38,0,.69.31.69.69s-.31.69-.69.69Z\"><\/path><path class=\"cls-3\" d=\"M105.87,90.05h-36.71c-.38,0-.69-.31-.69-.69s.31-.69.69-.69h36.71c.38,0,.69.31.69.69s-.31.69-.69.69Z\"><\/path><\/g><path class=\"cls-3\" d=\"M96.13,70.28h-26.4c-.38,0-.69-.31-.69-.69s.31-.69.69-.69h26.4c.38,0,.69.31.69.69s-.31.69-.69.69Z\"><\/path><path class=\"cls-3\" d=\"M96.13,75.38h-26.4c-.38,0-.69-.31-.69-.69s.31-.69.69-.69h26.4c.38,0,.69.31.69.69s-.31.69-.69.69Z\"><\/path><path class=\"cls-3\" d=\"M96.13,65.18h-26.4c-.38,0-.69-.31-.69-.69s.31-.69.69-.69h26.4c.38,0,.69.31.69.69s-.31.69-.69.69Z\"><\/path><\/g><g><path class=\"cls-3\" d=\"M82.4,60.25c-3.76,0-6.83-3.06-6.83-6.83s3.06-6.83,6.83-6.83,6.83,3.06,6.83,6.83-3.06,6.83-6.83,6.83ZM82.4,48.17c-2.9,0-5.25,2.36-5.25,5.25s2.36,5.25,5.25,5.25,5.25-2.36,5.25-5.25-2.36-5.25-5.25-5.25Z\"><\/path><path class=\"cls-2\" d=\"M82.36,56.19c-.32,0-.62-.06-.91-.17-.29-.11-.54-.28-.76-.48-.25-.23-.45-.53-.61-.89s-.23-.76-.23-1.21c0-.4.06-.76.18-1.09.12-.33.3-.62.55-.88.22-.24.49-.43.8-.56.31-.13.64-.2.98-.2s.67.06.97.19c.3.13.55.3.77.52.25.26.44.56.57.91.13.35.2.72.2,1.12s-.09.8-.27,1.21c-.18.41-.43.74-.76,1.01-.25.2-.5.34-.75.42-.25.08-.49.11-.72.11ZM84.21,53.51c0-.34-.06-.67-.17-.99-.11-.32-.28-.6-.51-.82-.16-.15-.33-.27-.52-.35-.19-.08-.41-.12-.65-.12s-.45.04-.65.13c-.2.08-.38.21-.54.37-.21.21-.37.46-.48.77-.12.3-.17.62-.17.95,0,.37.06.7.18,1,.12.29.28.54.5.75.15.14.32.26.52.34.2.09.42.13.65.13.15,0,.34-.03.55-.08.21-.05.41-.17.6-.34.22-.2.39-.46.52-.77.12-.31.19-.63.19-.96ZM82.35,54.39l.47-.38c.12.15.38.47.79.95s.85,1,1.35,1.56l-.37.34c-.55-.6-1.03-1.12-1.43-1.57-.4-.44-.67-.74-.81-.89Z\"><\/path><\/g><\/g><\/svg>\t\t\t<\/div>\n\t\t<\/div>\n\t\t\t\t\t\t<\/div>\n\t\t\t\t<\/div>\n\t\t\t\t\t<\/div>\n\t\t<\/div>\n\t\t\t\t<div class=\"elementor-column elementor-col-50 elementor-top-column elementor-element elementor-element-a4a82f5\" data-id=\"a4a82f5\" data-element_type=\"column\" data-e-type=\"column\">\n\t\t\t<div class=\"elementor-widget-wrap elementor-element-populated\">\n\t\t\t\t\t\t<div class=\"elementor-element elementor-element-951910b elementor-widget__width-initial elementor-widget elementor-widget-back-core-heading\" data-id=\"951910b\" data-element_type=\"widget\" data-e-type=\"widget\" data-widget_type=\"back-core-heading.default\">\n\t\t\t\t<div class=\"elementor-widget-container\">\n\t\t\t\t\t        <div class=\"back-heading default left \">\r\n            <div class=\"title-inner\">        \t\t      \t\t\r\n\t            <span class=\"sub-text \">Art\u00edculo 10. Numeral 21:<\/span><h2 class=\"title\"><span class=\"watermark\"><\/span>Fideicomisos<\/h2>\t        <\/div>\r\n\t                    \t<div class=\"description\">\r\n            \t\tDestino total del ejercicio de los recursos de los fideicomisos constituidos con fondos p\u00fablicos, incluyendo la informaci\u00f3n relacionada a las cotizaciones o licitaciones realizadas para la ejecuci\u00f3n de dichos recursos y gastos administrativos y operativos del fideicomiso.            \t\t\r\n            \t<\/div>\r\n        \t        <\/div>\r\n\r\n        \t\t\t\t<\/div>\n\t\t\t\t<\/div>\n\t\t\t\t\t<\/div>\n\t\t<\/div>\n\t\t\t\t\t<\/div>\n\t\t<\/section>\n\t\t\t\t<section class=\"elementor-section elementor-top-section elementor-element elementor-element-bd17bc1 elementor-section-stretched elementor-section-full_width elementor-section-height-default elementor-section-height-default\" data-id=\"bd17bc1\" data-element_type=\"section\" data-e-type=\"section\" data-settings=\"{&quot;stretch_section&quot;:&quot;section-stretched&quot;}\">\n\t\t\t\t\t\t<div class=\"elementor-container elementor-column-gap-default\">\n\t\t\t\t\t<div class=\"elementor-column elementor-col-100 elementor-top-column elementor-element elementor-element-fe6d951\" data-id=\"fe6d951\" data-element_type=\"column\" data-e-type=\"column\">\n\t\t\t<div class=\"elementor-widget-wrap elementor-element-populated\">\n\t\t\t\t\t\t<section class=\"elementor-section elementor-inner-section elementor-element elementor-element-32be198 elementor-section-boxed elementor-section-height-default elementor-section-height-default\" data-id=\"32be198\" data-element_type=\"section\" data-e-type=\"section\">\n\t\t\t\t\t\t<div class=\"elementor-container elementor-column-gap-default\">\n\t\t\t\t\t<div class=\"elementor-column elementor-col-33 elementor-inner-column elementor-element elementor-element-3ec9d5e\" data-id=\"3ec9d5e\" data-element_type=\"column\" data-e-type=\"column\">\n\t\t\t<div class=\"elementor-widget-wrap\">\n\t\t\t\t\t\t\t<\/div>\n\t\t<\/div>\n\t\t\t\t<div class=\"elementor-column elementor-col-33 elementor-inner-column elementor-element elementor-element-c665231\" data-id=\"c665231\" data-element_type=\"column\" data-e-type=\"column\">\n\t\t\t<div class=\"elementor-widget-wrap elementor-element-populated\">\n\t\t\t\t<div class=\"elementor-element elementor-element-aa877f4 e-con-full e-flex e-con e-parent\" data-id=\"aa877f4\" data-element_type=\"container\" data-e-type=\"container\">\n\t\t\t\t<div class=\"elementor-element elementor-element-8dc7941 elementor-widget__width-initial elementor-widget elementor-widget-back-core-heading\" data-id=\"8dc7941\" data-element_type=\"widget\" data-e-type=\"widget\" data-widget_type=\"back-core-heading.default\">\n\t\t\t\t<div class=\"elementor-widget-container\">\n\t\t\t\t\t        <div class=\"back-heading default center \">\r\n            <div class=\"title-inner\">        \t\t      \t\t\r\n\t            \t        <\/div>\r\n\t                    \t<div class=\"description\">\r\n            \t\tEl Consejo Econ\u00f3mico y Social de Guatemala no cuenta con ning\u00fan fideicomiso constituido para el presente ejercicio fiscal.            \t\t\r\n            \t<\/div>\r\n        \t        <\/div>\r\n\r\n        \t\t\t\t<\/div>\n\t\t\t\t<\/div>\n\t\t\t\t<\/div>\n\t\t\t\t\t<\/div>\n\t\t<\/div>\n\t\t\t\t<div class=\"elementor-column elementor-col-33 elementor-inner-column elementor-element elementor-element-b1eaf43\" data-id=\"b1eaf43\" data-element_type=\"column\" data-e-type=\"column\">\n\t\t\t<div class=\"elementor-widget-wrap\">\n\t\t\t\t\t\t\t<\/div>\n\t\t<\/div>\n\t\t\t\t\t<\/div>\n\t\t<\/section>\n\t\t\t\t\t<\/div>\n\t\t<\/div>\n\t\t\t\t\t<\/div>\n\t\t<\/section>\n\t\t\t\t<\/div>\n\t\t","protected":false},"excerpt":{"rendered":"<p>21 Art\u00edculo 10. Numeral 21: Fideicomisos Destino total del ejercicio de los recursos de los fideicomisos constituidos con fondos p\u00fablicos, incluyendo la informaci\u00f3n relacionada a las cotizaciones o licitaciones realizadas para la ejecuci\u00f3n de dichos recursos y gastos administrativos y operativos del fideicomiso. El Consejo Econ\u00f3mico y Social de Guatemala no cuenta con ning\u00fan fideicomiso&#8230;<\/p>\n","protected":false},"author":1,"featured_media":0,"parent":4734,"menu_order":0,"comment_status":"closed","ping_status":"closed","template":"elementor_header_footer","meta":{"footnotes":""},"class_list":["post-6818","page","type-page","status-publish","hentry"],"_links":{"self":[{"href":"https:\/\/ces.gob.gt\/index.php\/wp-json\/wp\/v2\/pages\/6818","targetHints":{"allow":["GET"]}}],"collection":[{"href":"https:\/\/ces.gob.gt\/index.php\/wp-json\/wp\/v2\/pages"}],"about":[{"href":"https:\/\/ces.gob.gt\/index.php\/wp-json\/wp\/v2\/types\/page"}],"author":[{"embeddable":true,"href":"https:\/\/ces.gob.gt\/index.php\/wp-json\/wp\/v2\/users\/1"}],"replies":[{"embeddable":true,"href":"https:\/\/ces.gob.gt\/index.php\/wp-json\/wp\/v2\/comments?post=6818"}],"version-history":[{"count":64,"href":"https:\/\/ces.gob.gt\/index.php\/wp-json\/wp\/v2\/pages\/6818\/revisions"}],"predecessor-version":[{"id":17341,"href":"https:\/\/ces.gob.gt\/index.php\/wp-json\/wp\/v2\/pages\/6818\/revisions\/17341"}],"up":[{"embeddable":true,"href":"https:\/\/ces.gob.gt\/index.php\/wp-json\/wp\/v2\/pages\/4734"}],"wp:attachment":[{"href":"https:\/\/ces.gob.gt\/index.php\/wp-json\/wp\/v2\/media?parent=6818"}],"curies":[{"name":"wp","href":"https:\/\/api.w.org\/{rel}","templated":true}]}}