{"id":6840,"date":"2025-08-29T15:01:42","date_gmt":"2025-08-29T13:01:42","guid":{"rendered":"https:\/\/ces.gob.gt\/?page_id=6840"},"modified":"2026-04-14T22:50:31","modified_gmt":"2026-04-14T20:50:31","slug":"compras-y-contrataciones-de-entidades-de-caracter-internacional-numeral-24","status":"publish","type":"page","link":"https:\/\/ces.gob.gt\/index.php\/informacion-publica\/compras-y-contrataciones-de-entidades-de-caracter-internacional-numeral-24\/","title":{"rendered":"Compras y contrataciones de entidades de car\u00e1cter internacional numeral 24"},"content":{"rendered":"\t\t<div data-elementor-type=\"wp-page\" data-elementor-id=\"6840\" class=\"elementor elementor-6840\" data-elementor-post-type=\"page\">\n\t\t\t\t\t\t<section class=\"elementor-section elementor-top-section elementor-element elementor-element-313ee99 elementor-section-stretched elementor-section-boxed elementor-section-height-default elementor-section-height-default\" data-id=\"313ee99\" data-element_type=\"section\" data-e-type=\"section\" data-settings=\"{&quot;stretch_section&quot;:&quot;section-stretched&quot;,&quot;background_background&quot;:&quot;classic&quot;}\">\n\t\t\t\t\t\t<div class=\"elementor-container elementor-column-gap-default\">\n\t\t\t\t\t<div class=\"elementor-column elementor-col-50 elementor-top-column elementor-element elementor-element-e0699b1\" data-id=\"e0699b1\" data-element_type=\"column\" data-e-type=\"column\">\n\t\t\t<div class=\"elementor-widget-wrap elementor-element-populated\">\n\t\t\t\t\t\t<div class=\"elementor-element elementor-element-a6d2a4d iconoinfox elementor-view-default elementor-widget elementor-widget-icon\" data-id=\"a6d2a4d\" data-element_type=\"widget\" data-e-type=\"widget\" id=\"iconoinfo\" data-widget_type=\"icon.default\">\n\t\t\t\t<div class=\"elementor-widget-container\">\n\t\t\t\t\t\t\t<div class=\"elementor-icon-wrapper\">\n\t\t\t<div class=\"elementor-icon\">\n\t\t\t<svg xmlns=\"http:\/\/www.w3.org\/2000\/svg\" id=\"_Layer_\" data-name=\"&amp;lt;Layer&amp;gt;\" viewBox=\"0 0 130 130.45\"><defs><style>      .cls-1 {        font-family: MontserratRoman-SemiBold, Montserrat;        font-size: 37.41px;        font-variation-settings: 'wght' 600;        font-weight: 600;      }      .cls-1, .cls-2 {        fill: #e27b3f;      }      .cls-3 {        letter-spacing: 0em;      }      .cls-4 {        letter-spacing: -.01em;      }    <\/style><\/defs><text class=\"cls-1\" transform=\"translate(11.14 76.46)\"><tspan class=\"cls-4\" x=\"0\" y=\"0\">2<\/tspan><tspan class=\"cls-3\" x=\"21.21\" y=\"0\">4<\/tspan><\/text><g><g><path class=\"cls-2\" d=\"M90.61,94.97c-14.84,0-26.91-12.07-26.91-26.91s12.07-26.91,26.91-26.91,26.91,12.07,26.91,26.91-12.07,26.91-26.91,26.91ZM90.61,43.68c-13.45,0-24.39,10.94-24.39,24.39s10.94,24.39,24.39,24.39,24.39-10.94,24.39-24.39-10.94-24.39-24.39-24.39Z\"><\/path><g><path class=\"cls-2\" d=\"M90.61,57.95c-6.98,0-13.59-2.66-18.62-7.49-.5-.48-.52-1.28-.04-1.78.48-.5,1.28-.52,1.78-.04,4.56,4.38,10.56,6.79,16.88,6.79s12.32-2.41,16.88-6.79c.5-.48,1.3-.46,1.78.04.48.5.46,1.3-.04,1.78-5.03,4.83-11.65,7.49-18.62,7.49Z\"><\/path><path class=\"cls-2\" d=\"M72.86,87.84c-.33,0-.66-.13-.91-.39-.48-.5-.47-1.3.04-1.78,5.03-4.83,11.65-7.49,18.62-7.49s13.59,2.66,18.63,7.49c.5.48.52,1.28.04,1.78-.48.5-1.28.52-1.78.04-4.56-4.38-10.56-6.79-16.88-6.79s-12.32,2.41-16.88,6.79c-.24.23-.56.35-.87.35Z\"><\/path><\/g><path class=\"cls-2\" d=\"M90.61,94.97c-4.46,0-8.59-2.89-11.65-8.14-2.93-5.03-4.55-11.7-4.55-18.77s1.61-13.74,4.55-18.77c3.06-5.25,7.19-8.14,11.65-8.14s8.59,2.89,11.65,8.14c2.93,5.03,4.55,11.7,4.55,18.77s-1.61,13.74-4.55,18.77c-3.06,5.25-7.19,8.14-11.65,8.14ZM90.61,43.68c-3.52,0-6.89,2.45-9.47,6.89-2.71,4.65-4.2,10.87-4.2,17.5s1.49,12.85,4.2,17.5c2.59,4.44,5.95,6.89,9.47,6.89s6.89-2.45,9.47-6.89c2.71-4.65,4.2-10.87,4.2-17.5s-1.49-12.85-4.2-17.5c-2.59-4.44-5.95-6.89-9.47-6.89Z\"><\/path><path class=\"cls-2\" d=\"M116.26,69.33h-51.3c-.7,0-1.26-.56-1.26-1.26s.56-1.26,1.26-1.26h51.3c.7,0,1.26.56,1.26,1.26s-.56,1.26-1.26,1.26Z\"><\/path><path class=\"cls-2\" d=\"M90.61,94.97c-.7,0-1.26-.56-1.26-1.26v-51.3c0-.7.56-1.26,1.26-1.26s1.26.56,1.26,1.26v51.3c0,.7-.56,1.26-1.26,1.26Z\"><\/path><\/g><circle class=\"cls-2\" cx=\"104.74\" cy=\"60.55\" r=\"4.89\"><\/circle><circle class=\"cls-2\" cx=\"76.49\" cy=\"76.25\" r=\"4.89\"><\/circle><\/g><\/svg>\t\t\t<\/div>\n\t\t<\/div>\n\t\t\t\t\t\t<\/div>\n\t\t\t\t<\/div>\n\t\t\t\t\t<\/div>\n\t\t<\/div>\n\t\t\t\t<div class=\"elementor-column elementor-col-50 elementor-top-column elementor-element elementor-element-a4a82f5\" data-id=\"a4a82f5\" data-element_type=\"column\" data-e-type=\"column\">\n\t\t\t<div class=\"elementor-widget-wrap elementor-element-populated\">\n\t\t\t\t\t\t<div class=\"elementor-element elementor-element-951910b elementor-widget__width-initial elementor-widget elementor-widget-back-core-heading\" data-id=\"951910b\" data-element_type=\"widget\" data-e-type=\"widget\" data-widget_type=\"back-core-heading.default\">\n\t\t\t\t<div class=\"elementor-widget-container\">\n\t\t\t\t\t        <div class=\"back-heading default left \">\r\n            <div class=\"title-inner\">        \t\t      \t\t\r\n\t            <span class=\"sub-text \">Art\u00edculo 10. Numeral 24:<\/span><h2 class=\"title\"><span class=\"watermark\"><\/span>Compras y contrataciones de entidades de car\u00e1cter internacional<\/h2>\t        <\/div>\r\n\t                    \t<div class=\"description\">\r\n            \t\t<p>En caso de las <strong>entidades p\u00fablicas o privadas de car\u00e1cter internacional, que manejen o administren fondos p\u00fablicos<\/strong> deber\u00e1n hacer p\u00fablica la informaci\u00f3n obligatoria contenida en los numerales anteriores, relacionada \u00fanicamente a las compras y contrataciones que realicen con dichos fondos.<\/p>            \t\t\r\n            \t<\/div>\r\n        \t        <\/div>\r\n\r\n        \t\t\t\t<\/div>\n\t\t\t\t<\/div>\n\t\t\t\t\t<\/div>\n\t\t<\/div>\n\t\t\t\t\t<\/div>\n\t\t<\/section>\n\t\t\t\t<section class=\"elementor-section elementor-top-section elementor-element elementor-element-bd17bc1 elementor-section-stretched elementor-section-full_width elementor-section-height-default elementor-section-height-default\" data-id=\"bd17bc1\" data-element_type=\"section\" data-e-type=\"section\" data-settings=\"{&quot;stretch_section&quot;:&quot;section-stretched&quot;}\">\n\t\t\t\t\t\t<div class=\"elementor-container elementor-column-gap-default\">\n\t\t\t\t\t<div class=\"elementor-column elementor-col-100 elementor-top-column elementor-element elementor-element-fe6d951\" data-id=\"fe6d951\" data-element_type=\"column\" data-e-type=\"column\">\n\t\t\t<div class=\"elementor-widget-wrap elementor-element-populated\">\n\t\t\t\t\t\t<section class=\"elementor-section elementor-inner-section elementor-element elementor-element-32be198 elementor-section-boxed elementor-section-height-default elementor-section-height-default\" data-id=\"32be198\" data-element_type=\"section\" data-e-type=\"section\">\n\t\t\t\t\t\t<div class=\"elementor-container elementor-column-gap-default\">\n\t\t\t\t\t<div class=\"elementor-column elementor-col-33 elementor-inner-column elementor-element elementor-element-3ec9d5e\" data-id=\"3ec9d5e\" data-element_type=\"column\" data-e-type=\"column\">\n\t\t\t<div class=\"elementor-widget-wrap\">\n\t\t\t\t\t\t\t<\/div>\n\t\t<\/div>\n\t\t\t\t<div class=\"elementor-column elementor-col-33 elementor-inner-column elementor-element elementor-element-c665231\" data-id=\"c665231\" data-element_type=\"column\" data-e-type=\"column\">\n\t\t\t<div class=\"elementor-widget-wrap elementor-element-populated\">\n\t\t\t\t<div class=\"elementor-element elementor-element-aa877f4 e-con-full e-flex e-con e-parent\" data-id=\"aa877f4\" data-element_type=\"container\" data-e-type=\"container\">\n\t\t\t\t<div class=\"elementor-element elementor-element-8dc7941 elementor-widget__width-initial elementor-widget elementor-widget-back-core-heading\" data-id=\"8dc7941\" data-element_type=\"widget\" data-e-type=\"widget\" data-widget_type=\"back-core-heading.default\">\n\t\t\t\t<div class=\"elementor-widget-container\">\n\t\t\t\t\t        <div class=\"back-heading default center \">\r\n            <div class=\"title-inner\">        \t\t      \t\t\r\n\t            \t        <\/div>\r\n\t                    \t<div class=\"description\">\r\n            \t\t<p>Dicho numeral no es aplicable ya que el Consejo Econ\u00f3mico y Social de Guatemala es una entidad aut\u00f3noma de car\u00e1cter nacional.<\/p>            \t\t\r\n            \t<\/div>\r\n        \t        <\/div>\r\n\r\n        \t\t\t\t<\/div>\n\t\t\t\t<\/div>\n\t\t\t\t<\/div>\n\t\t\t\t\t<\/div>\n\t\t<\/div>\n\t\t\t\t<div class=\"elementor-column elementor-col-33 elementor-inner-column elementor-element elementor-element-b1eaf43\" data-id=\"b1eaf43\" data-element_type=\"column\" data-e-type=\"column\">\n\t\t\t<div class=\"elementor-widget-wrap\">\n\t\t\t\t\t\t\t<\/div>\n\t\t<\/div>\n\t\t\t\t\t<\/div>\n\t\t<\/section>\n\t\t\t\t\t<\/div>\n\t\t<\/div>\n\t\t\t\t\t<\/div>\n\t\t<\/section>\n\t\t\t\t<\/div>\n\t\t","protected":false},"excerpt":{"rendered":"<p>24 Art\u00edculo 10. Numeral 24: Compras y contrataciones de entidades de car\u00e1cter internacional En caso de las entidades p\u00fablicas o privadas de car\u00e1cter internacional, que manejen o administren fondos p\u00fablicos deber\u00e1n hacer p\u00fablica la informaci\u00f3n obligatoria contenida en los numerales anteriores, relacionada \u00fanicamente a las compras y contrataciones que realicen con dichos fondos. Dicho numeral&#8230;<\/p>\n","protected":false},"author":1,"featured_media":0,"parent":4734,"menu_order":0,"comment_status":"closed","ping_status":"closed","template":"elementor_header_footer","meta":{"footnotes":""},"class_list":["post-6840","page","type-page","status-publish","hentry"],"_links":{"self":[{"href":"https:\/\/ces.gob.gt\/index.php\/wp-json\/wp\/v2\/pages\/6840","targetHints":{"allow":["GET"]}}],"collection":[{"href":"https:\/\/ces.gob.gt\/index.php\/wp-json\/wp\/v2\/pages"}],"about":[{"href":"https:\/\/ces.gob.gt\/index.php\/wp-json\/wp\/v2\/types\/page"}],"author":[{"embeddable":true,"href":"https:\/\/ces.gob.gt\/index.php\/wp-json\/wp\/v2\/users\/1"}],"replies":[{"embeddable":true,"href":"https:\/\/ces.gob.gt\/index.php\/wp-json\/wp\/v2\/comments?post=6840"}],"version-history":[{"count":58,"href":"https:\/\/ces.gob.gt\/index.php\/wp-json\/wp\/v2\/pages\/6840\/revisions"}],"predecessor-version":[{"id":17350,"href":"https:\/\/ces.gob.gt\/index.php\/wp-json\/wp\/v2\/pages\/6840\/revisions\/17350"}],"up":[{"embeddable":true,"href":"https:\/\/ces.gob.gt\/index.php\/wp-json\/wp\/v2\/pages\/4734"}],"wp:attachment":[{"href":"https:\/\/ces.gob.gt\/index.php\/wp-json\/wp\/v2\/media?parent=6840"}],"curies":[{"name":"wp","href":"https:\/\/api.w.org\/{rel}","templated":true}]}}