{"id":6853,"date":"2025-08-29T16:02:14","date_gmt":"2025-08-29T14:02:14","guid":{"rendered":"https:\/\/ces.gob.gt\/?page_id=6853"},"modified":"2026-04-14T22:53:56","modified_gmt":"2026-04-14T20:53:56","slug":"informe-del-funcionamiento-y-finalidad-de-los-archivos-numeral-26","status":"publish","type":"page","link":"https:\/\/ces.gob.gt\/index.php\/informacion-publica\/informe-del-funcionamiento-y-finalidad-de-los-archivos-numeral-26\/","title":{"rendered":"Informe del funcionamiento y finalidad de los archivos numeral 26"},"content":{"rendered":"\t\t<div data-elementor-type=\"wp-page\" data-elementor-id=\"6853\" class=\"elementor elementor-6853\" data-elementor-post-type=\"page\">\n\t\t\t\t\t\t<section class=\"elementor-section elementor-top-section elementor-element elementor-element-313ee99 elementor-section-stretched elementor-section-boxed elementor-section-height-default elementor-section-height-default\" data-id=\"313ee99\" data-element_type=\"section\" data-e-type=\"section\" data-settings=\"{&quot;stretch_section&quot;:&quot;section-stretched&quot;,&quot;background_background&quot;:&quot;classic&quot;}\">\n\t\t\t\t\t\t<div class=\"elementor-container elementor-column-gap-default\">\n\t\t\t\t\t<div class=\"elementor-column elementor-col-50 elementor-top-column elementor-element elementor-element-e0699b1\" data-id=\"e0699b1\" data-element_type=\"column\" data-e-type=\"column\">\n\t\t\t<div class=\"elementor-widget-wrap elementor-element-populated\">\n\t\t\t\t\t\t<div class=\"elementor-element elementor-element-a6d2a4d iconoinfox elementor-view-default elementor-widget elementor-widget-icon\" data-id=\"a6d2a4d\" data-element_type=\"widget\" data-e-type=\"widget\" id=\"iconoinfo\" data-widget_type=\"icon.default\">\n\t\t\t\t<div class=\"elementor-widget-container\">\n\t\t\t\t\t\t\t<div class=\"elementor-icon-wrapper\">\n\t\t\t<div class=\"elementor-icon\">\n\t\t\t<svg xmlns=\"http:\/\/www.w3.org\/2000\/svg\" id=\"_Layer_\" data-name=\"&amp;lt;Layer&amp;gt;\" viewBox=\"0 0 130 130.45\"><defs><style>      .cls-1 {        font-family: MontserratRoman-SemiBold, Montserrat;        font-size: 37.41px;        font-variation-settings: 'wght' 600;        font-weight: 600;      }      .cls-1, .cls-2 {        fill: #e27b3f;      }    <\/style><\/defs><text class=\"cls-1\" transform=\"translate(11.83 76.46)\"><tspan x=\"0\" y=\"0\">26<\/tspan><\/text><g><path class=\"cls-2\" d=\"M108.07,92.41h-40.5c-.56,0-1.01-.45-1.01-1.01v-48.32c0-.56.45-1.01,1.01-1.01h11.97c.56,0,1.01.45,1.01,1.01v2.67h14.55v-2.67c0-.56.45-1.01,1.01-1.01h11.96c.56,0,1.01.45,1.01,1.01v48.32c0,.56-.45,1.01-1.01,1.01ZM68.58,90.39h38.48v-46.3h-9.94v2.67c0,.56-.45,1.01-1.01,1.01h-16.57c-.56,0-1.01-.45-1.01-1.01v-2.67h-9.95v46.3Z\"><\/path><path class=\"cls-2\" d=\"M96.11,47.77h-16.57c-.56,0-1.01-.45-1.01-1.01v-8.42c0-.56.45-1.01,1.01-1.01h3.72c.53-1.94,2.3-3.35,4.38-3.35h.26c2.08,0,3.86,1.41,4.38,3.35h3.81c.56,0,1.01.45,1.01,1.01v8.42c0,.56-.45,1.01-1.01,1.01ZM80.55,45.75h14.55v-6.4h-3.66c-.54,0-.98-.42-1.01-.96-.07-1.34-1.18-2.4-2.52-2.4h-.26c-1.34,0-2.45,1.05-2.52,2.4-.03.54-.47.96-1.01.96h-3.57v6.4Z\"><\/path><path class=\"cls-2\" d=\"M83.94,69.17h-11.47c-.56,0-1.01-.45-1.01-1.01s.45-1.01,1.01-1.01h11.47c.56,0,1.01.45,1.01,1.01s-.45,1.01-1.01,1.01Z\"><\/path><path class=\"cls-2\" d=\"M83.94,58.47h-11.47c-.56,0-1.01-.45-1.01-1.01s.45-1.01,1.01-1.01h11.47c.56,0,1.01.45,1.01,1.01s-.45,1.01-1.01,1.01Z\"><\/path><path class=\"cls-2\" d=\"M99.77,64.04h-11.47c-.56,0-1.01-.45-1.01-1.01s.45-1.01,1.01-1.01h11.47c.56,0,1.01.45,1.01,1.01s-.45,1.01-1.01,1.01Z\"><\/path><path class=\"cls-2\" d=\"M99.77,58.47h-11.47c-.56,0-1.01-.45-1.01-1.01s.45-1.01,1.01-1.01h11.47c.56,0,1.01.45,1.01,1.01s-.45,1.01-1.01,1.01Z\"><\/path><path class=\"cls-2\" d=\"M99.77,53.12h-11.47c-.56,0-1.01-.45-1.01-1.01s.45-1.01,1.01-1.01h11.47c.56,0,1.01.45,1.01,1.01s-.45,1.01-1.01,1.01Z\"><\/path><g><path class=\"cls-2\" d=\"M72.48,53.12h18.66c.11,0,.22-.02.32-.06.1.03.21.06.32.06h11.47c.56,0,1.01-.45,1.01-1.01s-.45-1.01-1.01-1.01h-11.47c-.11,0-.22.02-.32.06-.1-.03-.21-.06-.32-.06h-18.66c-.56,0-1.01.45-1.01,1.01s.45,1.01,1.01,1.01Z\"><\/path><path class=\"cls-2\" d=\"M103.24,62.02h-11.47c-.11,0-.22.02-.32.06-.1-.03-.21-.06-.32-.06h-18.66c-.56,0-1.01.45-1.01,1.01s.45,1.01,1.01,1.01h18.66c.11,0,.22-.02.32-.06.1.03.21.06.32.06h11.47c.56,0,1.01-.45,1.01-1.01s-.45-1.01-1.01-1.01Z\"><\/path><path class=\"cls-2\" d=\"M103.24,56.45h-11.47c-.11,0-.22.02-.32.06-.1-.03-.21-.06-.32-.06h-11.47c-.56,0-1.01.45-1.01,1.01s.45,1.01,1.01,1.01h11.47c.11,0,.22-.02.32-.06.1.03.21.06.32.06h11.47c.56,0,1.01-.45,1.01-1.01s-.45-1.01-1.01-1.01Z\"><\/path><\/g><path class=\"cls-2\" d=\"M84.55,74.44h-12.68c-.22,0-.4-.45-.4-1.01s.18-1.01.4-1.01h12.68c.22,0,.4.45.4,1.01s-.18,1.01-.4,1.01Z\"><\/path><path class=\"cls-2\" d=\"M83.94,80.3h-11.47c-.56,0-1.01-.45-1.01-1.01s.45-1.01,1.01-1.01h11.47c.56,0,1.01.45,1.01,1.01s-.45,1.01-1.01,1.01Z\"><\/path><g><path class=\"cls-2\" d=\"M96.04,85.98c-4.53,0-8.21-3.69-8.21-8.21s3.69-8.22,8.21-8.22c1.21,0,2.38.26,3.47.77.46.21.65.76.44,1.21-.21.46-.76.66-1.21.44-.85-.4-1.75-.6-2.7-.6-3.52,0-6.39,2.87-6.39,6.39s2.87,6.39,6.39,6.39,6.39-2.87,6.39-6.39c0-.5.41-.91.91-.91s.91.41.91.91c0,4.53-3.69,8.21-8.21,8.21Z\"><\/path><path class=\"cls-2\" d=\"M96.31,82.06c-.28,0-.54-.13-.71-.34l-3.24-4.06c-.32-.39-.25-.97.14-1.28.39-.31.97-.25,1.28.14l2.52,3.15,6.45-8.28c.31-.4.88-.47,1.28-.16.4.31.47.88.16,1.28l-7.17,9.19c-.17.22-.44.35-.72.35h0Z\"><\/path><\/g><\/g><\/svg>\t\t\t<\/div>\n\t\t<\/div>\n\t\t\t\t\t\t<\/div>\n\t\t\t\t<\/div>\n\t\t\t\t\t<\/div>\n\t\t<\/div>\n\t\t\t\t<div class=\"elementor-column elementor-col-50 elementor-top-column elementor-element elementor-element-a4a82f5\" data-id=\"a4a82f5\" data-element_type=\"column\" data-e-type=\"column\">\n\t\t\t<div class=\"elementor-widget-wrap elementor-element-populated\">\n\t\t\t\t\t\t<div class=\"elementor-element elementor-element-951910b elementor-widget__width-initial elementor-widget elementor-widget-back-core-heading\" data-id=\"951910b\" data-element_type=\"widget\" data-e-type=\"widget\" data-widget_type=\"back-core-heading.default\">\n\t\t\t\t<div class=\"elementor-widget-container\">\n\t\t\t\t\t        <div class=\"back-heading default left \">\r\n            <div class=\"title-inner\">        \t\t      \t\t\r\n\t            <span class=\"sub-text \">Art\u00edculo 10. Numeral 26:<\/span><h2 class=\"title\"><span class=\"watermark\"><\/span>Informe del funcionamiento y finalidad de los archivos<\/h2>\t        <\/div>\r\n\t                    \t<div class=\"description\">\r\n            \t\t<p>Los responsables de los <strong>archivos<\/strong> de cada uno de los sujetos obligados deber\u00e1n publicar, por lo menos una vez al a\u00f1o, y a trav\u00e9s del Diario de Centro Am\u00e9rica, un <strong>informe sobre: el funcionamiento y finalidad del archivo,<\/strong> sus sistemas de registro y categor\u00edas de informaci\u00f3n, los procedimientos y facilidades de acceso al archivo.<\/p>            \t\t\r\n            \t<\/div>\r\n        \t        <\/div>\r\n\r\n        \t\t\t\t<\/div>\n\t\t\t\t<\/div>\n\t\t\t\t\t<\/div>\n\t\t<\/div>\n\t\t\t\t\t<\/div>\n\t\t<\/section>\n\t\t\t\t<section class=\"elementor-section elementor-top-section elementor-element elementor-element-bd17bc1 elementor-section-stretched elementor-section-full_width elementor-section-height-default elementor-section-height-default\" data-id=\"bd17bc1\" data-element_type=\"section\" data-e-type=\"section\" data-settings=\"{&quot;stretch_section&quot;:&quot;section-stretched&quot;}\">\n\t\t\t\t\t\t<div class=\"elementor-container elementor-column-gap-default\">\n\t\t\t\t\t<div class=\"elementor-column elementor-col-100 elementor-top-column elementor-element elementor-element-fe6d951\" data-id=\"fe6d951\" data-element_type=\"column\" data-e-type=\"column\">\n\t\t\t<div class=\"elementor-widget-wrap elementor-element-populated\">\n\t\t\t\t\t\t<section class=\"elementor-section elementor-inner-section elementor-element elementor-element-32be198 elementor-section-boxed elementor-section-height-default elementor-section-height-default\" data-id=\"32be198\" data-element_type=\"section\" data-e-type=\"section\">\n\t\t\t\t\t\t<div class=\"elementor-container elementor-column-gap-default\">\n\t\t\t\t\t<div class=\"elementor-column elementor-col-33 elementor-inner-column elementor-element elementor-element-3ec9d5e\" data-id=\"3ec9d5e\" data-element_type=\"column\" data-e-type=\"column\">\n\t\t\t<div class=\"elementor-widget-wrap\">\n\t\t\t\t\t\t\t<\/div>\n\t\t<\/div>\n\t\t\t\t<div class=\"elementor-column elementor-col-33 elementor-inner-column elementor-element elementor-element-c665231\" data-id=\"c665231\" data-element_type=\"column\" data-e-type=\"column\">\n\t\t\t<div class=\"elementor-widget-wrap elementor-element-populated\">\n\t\t\t\t<div class=\"elementor-element elementor-element-aa877f4 e-con-full e-flex e-con e-parent\" data-id=\"aa877f4\" data-element_type=\"container\" data-e-type=\"container\">\n\t\t<div class=\"elementor-element elementor-element-99aaaa0 e-grid e-con-boxed e-con e-child\" data-id=\"99aaaa0\" data-element_type=\"container\" data-e-type=\"container\">\n\t\t\t\t\t<div class=\"e-con-inner\">\n\t\t\t\t<div class=\"elementor-element elementor-element-ea6982a elementor-widget elementor-widget-text-editor\" data-id=\"ea6982a\" data-element_type=\"widget\" data-e-type=\"widget\" data-widget_type=\"text-editor.default\">\n\t\t\t\t<div class=\"elementor-widget-container\">\n\t\t\t\t\t\t\t\t\t<div class=\"rectangle\"><h6 class=\"elementor-heading-title elementor-size-default\" style=\"text-align: center;\"><span style=\"color: #999999;\">Informe Anual Archivo Central 2025<\/span><\/h6><div class=\"ub_divider_line\" style=\"border-top: 1px solid #cccccc; margin-top: 5px; margin-bottom: 5px;\">\u00a0<\/div><p style=\"text-align: center;\"><a href=\"https:\/\/ces.gob.gt\/wp-content\/uploads\/2025\/10\/Informe-Anual-2025-Archivo-Central-P.-16.10.2025.pdf\"><img decoding=\"async\" class=\"alignnone wp-image-5381\" src=\"https:\/\/ces.gob.gt\/wp-content\/uploads\/2025\/08\/pdf.jpg\" alt=\"\" width=\"32\" height=\"41\" srcset=\"https:\/\/ces.gob.gt\/wp-content\/uploads\/2025\/08\/pdf.jpg 50w, https:\/\/ces.gob.gt\/wp-content\/uploads\/2025\/08\/elementor\/thumbs\/pdf-ra7bbocln4tx6428ad23vbof0zu73ax5a55hdig9us.jpg 33w\" sizes=\"(max-width: 32px) 100vw, 32px\" \/><\/a>\u00a0<\/p><\/div>\t\t\t\t\t\t\t\t<\/div>\n\t\t\t\t<\/div>\n\t\t\t\t<div class=\"elementor-element elementor-element-35481eb elementor-widget elementor-widget-text-editor\" data-id=\"35481eb\" data-element_type=\"widget\" data-e-type=\"widget\" data-widget_type=\"text-editor.default\">\n\t\t\t\t<div class=\"elementor-widget-container\">\n\t\t\t\t\t\t\t\t\t<div class=\"rectangle\"><h6 class=\"elementor-heading-title elementor-size-default\" style=\"text-align: center;\"><span style=\"color: #999999;\">Informe Anual Archivo Central 2024<\/span><\/h6><div class=\"ub_divider_line\" style=\"border-top: 1px solid #cccccc; margin-top: 5px; margin-bottom: 5px;\">\u00a0<\/div><p style=\"text-align: center;\"><a href=\"https:\/\/ces.gob.gt\/wp-content\/uploads\/2025\/10\/Informe-Anual-2024-Archivo-Central-P.-16.10.2024.pdf\"><img decoding=\"async\" class=\"alignnone wp-image-5381\" src=\"https:\/\/ces.gob.gt\/wp-content\/uploads\/2025\/08\/pdf.jpg\" alt=\"\" width=\"32\" height=\"41\" srcset=\"https:\/\/ces.gob.gt\/wp-content\/uploads\/2025\/08\/pdf.jpg 50w, https:\/\/ces.gob.gt\/wp-content\/uploads\/2025\/08\/elementor\/thumbs\/pdf-ra7bbocln4tx6428ad23vbof0zu73ax5a55hdig9us.jpg 33w\" sizes=\"(max-width: 32px) 100vw, 32px\" \/><\/a>\u00a0<\/p><\/div>\t\t\t\t\t\t\t\t<\/div>\n\t\t\t\t<\/div>\n\t\t\t\t<div class=\"elementor-element elementor-element-179e320 elementor-widget elementor-widget-text-editor\" data-id=\"179e320\" data-element_type=\"widget\" data-e-type=\"widget\" data-widget_type=\"text-editor.default\">\n\t\t\t\t<div class=\"elementor-widget-container\">\n\t\t\t\t\t\t\t\t\t<div class=\"rectangle\"><h6 class=\"elementor-heading-title elementor-size-default\" style=\"text-align: center;\"><span style=\"color: #999999;\">Informe Anual Archivo Central 2023<\/span><\/h6><div class=\"ub_divider_line\" style=\"border-top: 1px solid #cccccc; margin-top: 5px; margin-bottom: 5px;\">\u00a0<\/div><p style=\"text-align: center;\"><a href=\"https:\/\/ces.gob.gt\/wp-content\/uploads\/2025\/10\/Informe-Anual-2023-Archivo-Central-p.-19.10.2023.pdf\"><img decoding=\"async\" class=\"alignnone wp-image-5381\" src=\"https:\/\/ces.gob.gt\/wp-content\/uploads\/2025\/08\/pdf.jpg\" alt=\"\" width=\"32\" height=\"41\" srcset=\"https:\/\/ces.gob.gt\/wp-content\/uploads\/2025\/08\/pdf.jpg 50w, https:\/\/ces.gob.gt\/wp-content\/uploads\/2025\/08\/elementor\/thumbs\/pdf-ra7bbocln4tx6428ad23vbof0zu73ax5a55hdig9us.jpg 33w\" sizes=\"(max-width: 32px) 100vw, 32px\" \/><\/a>\u00a0<\/p><\/div>\t\t\t\t\t\t\t\t<\/div>\n\t\t\t\t<\/div>\n\t\t\t\t<div class=\"elementor-element elementor-element-3f0cfd9 elementor-widget elementor-widget-text-editor\" data-id=\"3f0cfd9\" data-element_type=\"widget\" data-e-type=\"widget\" data-widget_type=\"text-editor.default\">\n\t\t\t\t<div class=\"elementor-widget-container\">\n\t\t\t\t\t\t\t\t\t<div class=\"rectangle\"><h6 class=\"elementor-heading-title elementor-size-default\" style=\"text-align: center;\"><span style=\"color: #999999;\">Informe Anual Archivo Central 2022<\/span><\/h6><div class=\"ub_divider_line\" style=\"border-top: 1px solid #cccccc; margin-top: 5px; margin-bottom: 5px;\">\u00a0<\/div><p style=\"text-align: center;\"><a href=\"https:\/\/ces.gob.gt\/wp-content\/uploads\/2025\/10\/Informe-Anual-2022-Archivo-Central-p.19.08.2022.pdf\"><img decoding=\"async\" class=\"alignnone wp-image-5381\" src=\"https:\/\/ces.gob.gt\/wp-content\/uploads\/2025\/08\/pdf.jpg\" alt=\"\" width=\"32\" height=\"41\" srcset=\"https:\/\/ces.gob.gt\/wp-content\/uploads\/2025\/08\/pdf.jpg 50w, https:\/\/ces.gob.gt\/wp-content\/uploads\/2025\/08\/elementor\/thumbs\/pdf-ra7bbocln4tx6428ad23vbof0zu73ax5a55hdig9us.jpg 33w\" sizes=\"(max-width: 32px) 100vw, 32px\" \/><\/a>\u00a0<\/p><\/div>\t\t\t\t\t\t\t\t<\/div>\n\t\t\t\t<\/div>\n\t\t\t\t<div class=\"elementor-element elementor-element-dc53999 elementor-widget elementor-widget-text-editor\" data-id=\"dc53999\" data-element_type=\"widget\" data-e-type=\"widget\" data-widget_type=\"text-editor.default\">\n\t\t\t\t<div class=\"elementor-widget-container\">\n\t\t\t\t\t\t\t\t\t<div class=\"rectangle\"><h6 class=\"elementor-heading-title elementor-size-default\" style=\"text-align: center;\"><span style=\"color: #999999;\">Informe Anual Archivo Central 2021<\/span><\/h6><div class=\"ub_divider_line\" style=\"border-top: 1px solid #cccccc; margin-top: 5px; margin-bottom: 5px;\">\u00a0<\/div><p style=\"text-align: center;\"><a href=\"https:\/\/ces.gob.gt\/wp-content\/uploads\/2025\/10\/Informe-Anual-2021-Archivo-Central-p.-16.Nov_.-2021.pdf\"><img decoding=\"async\" class=\"alignnone wp-image-5381\" src=\"https:\/\/ces.gob.gt\/wp-content\/uploads\/2025\/08\/pdf.jpg\" alt=\"\" width=\"32\" height=\"41\" srcset=\"https:\/\/ces.gob.gt\/wp-content\/uploads\/2025\/08\/pdf.jpg 50w, https:\/\/ces.gob.gt\/wp-content\/uploads\/2025\/08\/elementor\/thumbs\/pdf-ra7bbocln4tx6428ad23vbof0zu73ax5a55hdig9us.jpg 33w\" sizes=\"(max-width: 32px) 100vw, 32px\" \/><\/a>\u00a0<\/p><\/div>\t\t\t\t\t\t\t\t<\/div>\n\t\t\t\t<\/div>\n\t\t\t\t<div class=\"elementor-element elementor-element-95b8a34 elementor-widget elementor-widget-text-editor\" data-id=\"95b8a34\" data-element_type=\"widget\" data-e-type=\"widget\" data-widget_type=\"text-editor.default\">\n\t\t\t\t<div class=\"elementor-widget-container\">\n\t\t\t\t\t\t\t\t\t<div class=\"rectangle\"><h6 class=\"elementor-heading-title elementor-size-default\" style=\"text-align: center;\"><span style=\"color: #999999;\">Informe Anual Archivo Central 2020<\/span><\/h6><div class=\"ub_divider_line\" style=\"border-top: 1px solid #cccccc; margin-top: 5px; margin-bottom: 5px;\">\u00a0<\/div><p style=\"text-align: center;\"><a href=\"https:\/\/ces.gob.gt\/wp-content\/uploads\/2025\/10\/Informe-Anual-2020-Archivo-Central-p-28-de-septiembre-del-ano-2020.pdf\"><img decoding=\"async\" class=\"alignnone wp-image-5381\" src=\"https:\/\/ces.gob.gt\/wp-content\/uploads\/2025\/08\/pdf.jpg\" alt=\"\" width=\"32\" height=\"41\" srcset=\"https:\/\/ces.gob.gt\/wp-content\/uploads\/2025\/08\/pdf.jpg 50w, https:\/\/ces.gob.gt\/wp-content\/uploads\/2025\/08\/elementor\/thumbs\/pdf-ra7bbocln4tx6428ad23vbof0zu73ax5a55hdig9us.jpg 33w\" sizes=\"(max-width: 32px) 100vw, 32px\" \/><\/a>\u00a0<\/p><\/div>\t\t\t\t\t\t\t\t<\/div>\n\t\t\t\t<\/div>\n\t\t\t\t<div class=\"elementor-element elementor-element-5f50ce2 elementor-widget elementor-widget-text-editor\" data-id=\"5f50ce2\" data-element_type=\"widget\" data-e-type=\"widget\" data-widget_type=\"text-editor.default\">\n\t\t\t\t<div class=\"elementor-widget-container\">\n\t\t\t\t\t\t\t\t\t<div class=\"rectangle\"><h6 class=\"elementor-heading-title elementor-size-default\" style=\"text-align: center;\"><span style=\"color: #999999;\">Informe Anual Archivo Central 2019<\/span><\/h6><div class=\"ub_divider_line\" style=\"border-top: 1px solid #cccccc; margin-top: 5px; margin-bottom: 5px;\">\u00a0<\/div><p style=\"text-align: center;\"><a href=\"https:\/\/ces.gob.gt\/wp-content\/uploads\/2025\/10\/Informe-Anual-2019-Archivo-Central-p.-7.09.2019.pdf\"><img decoding=\"async\" class=\"alignnone wp-image-5381\" src=\"https:\/\/ces.gob.gt\/wp-content\/uploads\/2025\/08\/pdf.jpg\" alt=\"\" width=\"32\" height=\"41\" srcset=\"https:\/\/ces.gob.gt\/wp-content\/uploads\/2025\/08\/pdf.jpg 50w, https:\/\/ces.gob.gt\/wp-content\/uploads\/2025\/08\/elementor\/thumbs\/pdf-ra7bbocln4tx6428ad23vbof0zu73ax5a55hdig9us.jpg 33w\" sizes=\"(max-width: 32px) 100vw, 32px\" \/><\/a>\u00a0<\/p><\/div>\t\t\t\t\t\t\t\t<\/div>\n\t\t\t\t<\/div>\n\t\t\t\t<div class=\"elementor-element elementor-element-64a3380 elementor-widget elementor-widget-text-editor\" data-id=\"64a3380\" data-element_type=\"widget\" data-e-type=\"widget\" data-widget_type=\"text-editor.default\">\n\t\t\t\t<div class=\"elementor-widget-container\">\n\t\t\t\t\t\t\t\t\t<div class=\"rectangle\"><h6 class=\"elementor-heading-title elementor-size-default\" style=\"text-align: center;\"><span style=\"color: #999999;\">Informe Anual Archivo Central 2018<\/span><\/h6><div class=\"ub_divider_line\" style=\"border-top: 1px solid #cccccc; margin-top: 5px; margin-bottom: 5px;\">\u00a0<\/div><p style=\"text-align: center;\"><a href=\"https:\/\/ces.gob.gt\/wp-content\/uploads\/2025\/10\/Informe-Anual-2018-Archivo-Central-p.-02.05.2018.pdf\"><img decoding=\"async\" class=\"alignnone wp-image-5381\" src=\"https:\/\/ces.gob.gt\/wp-content\/uploads\/2025\/08\/pdf.jpg\" alt=\"\" width=\"32\" height=\"41\" srcset=\"https:\/\/ces.gob.gt\/wp-content\/uploads\/2025\/08\/pdf.jpg 50w, https:\/\/ces.gob.gt\/wp-content\/uploads\/2025\/08\/elementor\/thumbs\/pdf-ra7bbocln4tx6428ad23vbof0zu73ax5a55hdig9us.jpg 33w\" sizes=\"(max-width: 32px) 100vw, 32px\" \/><\/a>\u00a0<\/p><\/div>\t\t\t\t\t\t\t\t<\/div>\n\t\t\t\t<\/div>\n\t\t\t\t<div class=\"elementor-element elementor-element-12227b9 elementor-widget elementor-widget-text-editor\" data-id=\"12227b9\" data-element_type=\"widget\" data-e-type=\"widget\" data-widget_type=\"text-editor.default\">\n\t\t\t\t<div class=\"elementor-widget-container\">\n\t\t\t\t\t\t\t\t\t<div class=\"rectangle\"><h6 class=\"elementor-heading-title elementor-size-default\" style=\"text-align: center;\"><span style=\"color: #999999;\">Informe Anual Archivo Central 2017<\/span><\/h6><div class=\"ub_divider_line\" style=\"border-top: 1px solid #cccccc; margin-top: 5px; margin-bottom: 5px;\">\u00a0<\/div><p style=\"text-align: center;\"><a href=\"https:\/\/ces.gob.gt\/wp-content\/uploads\/2025\/10\/Informe-Anual-2017-Archivo-Central-p.-28.04.2017.pdf\"><img decoding=\"async\" class=\"alignnone wp-image-5381\" src=\"https:\/\/ces.gob.gt\/wp-content\/uploads\/2025\/08\/pdf.jpg\" alt=\"\" width=\"32\" height=\"41\" srcset=\"https:\/\/ces.gob.gt\/wp-content\/uploads\/2025\/08\/pdf.jpg 50w, https:\/\/ces.gob.gt\/wp-content\/uploads\/2025\/08\/elementor\/thumbs\/pdf-ra7bbocln4tx6428ad23vbof0zu73ax5a55hdig9us.jpg 33w\" sizes=\"(max-width: 32px) 100vw, 32px\" \/><\/a>\u00a0<\/p><\/div>\t\t\t\t\t\t\t\t<\/div>\n\t\t\t\t<\/div>\n\t\t\t\t<div class=\"elementor-element elementor-element-7c5b452 elementor-widget elementor-widget-text-editor\" data-id=\"7c5b452\" data-element_type=\"widget\" data-e-type=\"widget\" data-widget_type=\"text-editor.default\">\n\t\t\t\t<div class=\"elementor-widget-container\">\n\t\t\t\t\t\t\t\t\t<div class=\"rectangle\"><h6 class=\"elementor-heading-title elementor-size-default\" style=\"text-align: center;\"><span style=\"color: #999999;\">Informe Anual Archivo Central 2016<\/span><\/h6><div class=\"ub_divider_line\" style=\"border-top: 1px solid #cccccc; margin-top: 5px; margin-bottom: 5px;\">\u00a0<\/div><p style=\"text-align: center;\"><a href=\"https:\/\/ces.gob.gt\/wp-content\/uploads\/2025\/10\/Informe-Anual-2016-Archivo-Central-p.-16.04.2016.pdf\"><img decoding=\"async\" class=\"alignnone wp-image-5381\" src=\"https:\/\/ces.gob.gt\/wp-content\/uploads\/2025\/08\/pdf.jpg\" alt=\"\" width=\"32\" height=\"41\" srcset=\"https:\/\/ces.gob.gt\/wp-content\/uploads\/2025\/08\/pdf.jpg 50w, https:\/\/ces.gob.gt\/wp-content\/uploads\/2025\/08\/elementor\/thumbs\/pdf-ra7bbocln4tx6428ad23vbof0zu73ax5a55hdig9us.jpg 33w\" sizes=\"(max-width: 32px) 100vw, 32px\" \/><\/a>\u00a0<\/p><\/div>\t\t\t\t\t\t\t\t<\/div>\n\t\t\t\t<\/div>\n\t\t\t\t<div class=\"elementor-element elementor-element-604218c elementor-widget elementor-widget-text-editor\" data-id=\"604218c\" data-element_type=\"widget\" data-e-type=\"widget\" data-widget_type=\"text-editor.default\">\n\t\t\t\t<div class=\"elementor-widget-container\">\n\t\t\t\t\t\t\t\t\t<div class=\"rectangle\"><h6 class=\"elementor-heading-title elementor-size-default\" style=\"text-align: center;\"><span style=\"color: #999999;\">Informe Anual Archivo Central 2015<\/span><\/h6><div class=\"ub_divider_line\" style=\"border-top: 1px solid #cccccc; margin-top: 5px; margin-bottom: 5px;\">\u00a0<\/div><p style=\"text-align: center;\"><a href=\"https:\/\/ces.gob.gt\/wp-content\/uploads\/2025\/10\/Informe-Anual-2015-Archivo-Central-p.-19.05.2015.pdf\"><img decoding=\"async\" class=\"alignnone wp-image-5381\" src=\"https:\/\/ces.gob.gt\/wp-content\/uploads\/2025\/08\/pdf.jpg\" alt=\"\" width=\"32\" height=\"41\" srcset=\"https:\/\/ces.gob.gt\/wp-content\/uploads\/2025\/08\/pdf.jpg 50w, https:\/\/ces.gob.gt\/wp-content\/uploads\/2025\/08\/elementor\/thumbs\/pdf-ra7bbocln4tx6428ad23vbof0zu73ax5a55hdig9us.jpg 33w\" sizes=\"(max-width: 32px) 100vw, 32px\" \/><\/a>\u00a0<\/p><\/div>\t\t\t\t\t\t\t\t<\/div>\n\t\t\t\t<\/div>\n\t\t\t\t<div class=\"elementor-element elementor-element-83421da elementor-widget elementor-widget-text-editor\" data-id=\"83421da\" data-element_type=\"widget\" data-e-type=\"widget\" data-widget_type=\"text-editor.default\">\n\t\t\t\t<div class=\"elementor-widget-container\">\n\t\t\t\t\t\t\t\t\t<div class=\"rectangle\"><h6 class=\"elementor-heading-title elementor-size-default\" style=\"text-align: center;\"><span style=\"color: #999999;\">Informe Anual Archivo Central 2014<\/span><\/h6><div class=\"ub_divider_line\" style=\"border-top: 1px solid #cccccc; margin-top: 5px; margin-bottom: 5px;\">\u00a0<\/div><p style=\"text-align: center;\"><a href=\"https:\/\/ces.gob.gt\/wp-content\/uploads\/2025\/10\/Informe-Anual-2014-Archivo-Central-p.-14.05.2014.pdf\"><img decoding=\"async\" class=\"alignnone wp-image-5381\" src=\"https:\/\/ces.gob.gt\/wp-content\/uploads\/2025\/08\/pdf.jpg\" alt=\"\" width=\"32\" height=\"41\" srcset=\"https:\/\/ces.gob.gt\/wp-content\/uploads\/2025\/08\/pdf.jpg 50w, https:\/\/ces.gob.gt\/wp-content\/uploads\/2025\/08\/elementor\/thumbs\/pdf-ra7bbocln4tx6428ad23vbof0zu73ax5a55hdig9us.jpg 33w\" sizes=\"(max-width: 32px) 100vw, 32px\" \/><\/a>\u00a0<\/p><\/div>\t\t\t\t\t\t\t\t<\/div>\n\t\t\t\t<\/div>\n\t\t\t\t\t<\/div>\n\t\t\t\t<\/div>\n\t\t\t\t<\/div>\n\t\t\t\t\t<\/div>\n\t\t<\/div>\n\t\t\t\t<div class=\"elementor-column elementor-col-33 elementor-inner-column elementor-element elementor-element-b1eaf43\" data-id=\"b1eaf43\" data-element_type=\"column\" data-e-type=\"column\">\n\t\t\t<div class=\"elementor-widget-wrap\">\n\t\t\t\t\t\t\t<\/div>\n\t\t<\/div>\n\t\t\t\t\t<\/div>\n\t\t<\/section>\n\t\t\t\t\t<\/div>\n\t\t<\/div>\n\t\t\t\t\t<\/div>\n\t\t<\/section>\n\t\t\t\t<\/div>\n\t\t","protected":false},"excerpt":{"rendered":"<p>26 Art\u00edculo 10. Numeral 26: Informe del funcionamiento y finalidad de los archivos Los responsables de los archivos de cada uno de los sujetos obligados deber\u00e1n publicar, por lo menos una vez al a\u00f1o, y a trav\u00e9s del Diario de Centro Am\u00e9rica, un informe sobre: el funcionamiento y finalidad del archivo, sus sistemas de registro&#8230;<\/p>\n","protected":false},"author":1,"featured_media":0,"parent":4734,"menu_order":0,"comment_status":"closed","ping_status":"closed","template":"elementor_header_footer","meta":{"footnotes":""},"class_list":["post-6853","page","type-page","status-publish","hentry"],"_links":{"self":[{"href":"https:\/\/ces.gob.gt\/index.php\/wp-json\/wp\/v2\/pages\/6853","targetHints":{"allow":["GET"]}}],"collection":[{"href":"https:\/\/ces.gob.gt\/index.php\/wp-json\/wp\/v2\/pages"}],"about":[{"href":"https:\/\/ces.gob.gt\/index.php\/wp-json\/wp\/v2\/types\/page"}],"author":[{"embeddable":true,"href":"https:\/\/ces.gob.gt\/index.php\/wp-json\/wp\/v2\/users\/1"}],"replies":[{"embeddable":true,"href":"https:\/\/ces.gob.gt\/index.php\/wp-json\/wp\/v2\/comments?post=6853"}],"version-history":[{"count":10,"href":"https:\/\/ces.gob.gt\/index.php\/wp-json\/wp\/v2\/pages\/6853\/revisions"}],"predecessor-version":[{"id":17356,"href":"https:\/\/ces.gob.gt\/index.php\/wp-json\/wp\/v2\/pages\/6853\/revisions\/17356"}],"up":[{"embeddable":true,"href":"https:\/\/ces.gob.gt\/index.php\/wp-json\/wp\/v2\/pages\/4734"}],"wp:attachment":[{"href":"https:\/\/ces.gob.gt\/index.php\/wp-json\/wp\/v2\/media?parent=6853"}],"curies":[{"name":"wp","href":"https:\/\/api.w.org\/{rel}","templated":true}]}}