{"id":6858,"date":"2025-08-31T10:35:55","date_gmt":"2025-08-31T08:35:55","guid":{"rendered":"https:\/\/ces.gob.gt\/?page_id=6858"},"modified":"2025-09-27T00:36:34","modified_gmt":"2025-09-26T22:36:34","slug":"indice-de-informacion-debidamente-clasificada-numeral-27","status":"publish","type":"page","link":"https:\/\/ces.gob.gt\/index.php\/informacion-publica\/indice-de-informacion-debidamente-clasificada-numeral-27\/","title":{"rendered":"\u00cdndice de informaci\u00f3n debidamente clasificada numeral 27"},"content":{"rendered":"\t\t<div data-elementor-type=\"wp-page\" data-elementor-id=\"6858\" class=\"elementor elementor-6858\" data-elementor-post-type=\"page\">\n\t\t\t\t\t\t<section class=\"elementor-section elementor-top-section elementor-element elementor-element-313ee99 elementor-section-stretched elementor-section-boxed elementor-section-height-default elementor-section-height-default\" data-id=\"313ee99\" data-element_type=\"section\" data-e-type=\"section\" data-settings=\"{&quot;stretch_section&quot;:&quot;section-stretched&quot;,&quot;background_background&quot;:&quot;classic&quot;}\">\n\t\t\t\t\t\t<div class=\"elementor-container elementor-column-gap-default\">\n\t\t\t\t\t<div class=\"elementor-column elementor-col-50 elementor-top-column elementor-element elementor-element-e0699b1\" data-id=\"e0699b1\" data-element_type=\"column\" data-e-type=\"column\">\n\t\t\t<div class=\"elementor-widget-wrap elementor-element-populated\">\n\t\t\t\t\t\t<div class=\"elementor-element elementor-element-a6d2a4d iconoinfox elementor-view-default elementor-widget elementor-widget-icon\" data-id=\"a6d2a4d\" data-element_type=\"widget\" data-e-type=\"widget\" id=\"iconoinfo\" data-widget_type=\"icon.default\">\n\t\t\t\t<div class=\"elementor-widget-container\">\n\t\t\t\t\t\t\t<div class=\"elementor-icon-wrapper\">\n\t\t\t<div class=\"elementor-icon\">\n\t\t\t<svg xmlns=\"http:\/\/www.w3.org\/2000\/svg\" id=\"_Layer_\" data-name=\"&amp;lt;Layer&amp;gt;\" viewBox=\"0 0 130 130.45\"><defs><style>      .cls-1 {        font-family: MontserratRoman-SemiBold, Montserrat;        font-size: 37.41px;        font-variation-settings: 'wght' 600;        font-weight: 600;      }      .cls-1, .cls-2 {        fill: #e27b3f;      }    <\/style><\/defs><text class=\"cls-1\" transform=\"translate(12.19 76.46)\"><tspan x=\"0\" y=\"0\">27<\/tspan><\/text><g><path class=\"cls-2\" d=\"M84.45,72.81c-5.16,0-9.37-4.2-9.37-9.37,0-2.45.94-4.77,2.65-6.53,1.03-1.06,2.3-1.86,3.69-2.33,1.92-.66,4.11-.67,6.05,0,1.39.47,2.66,1.28,3.68,2.33t0,0s0,0,.01.01c1.71,1.76,2.65,4.08,2.65,6.53,0,5.16-4.2,9.37-9.37,9.37ZM84.45,55.3c-.91,0-1.79.15-2.63.44-1.21.41-2.31,1.11-3.21,2.03-1.49,1.53-2.31,3.55-2.31,5.69,0,4.49,3.66,8.15,8.15,8.15s8.15-3.66,8.15-8.15c0-2.11-.81-4.12-2.27-5.64-.04-.03-.07-.06-.1-.1-.88-.89-1.97-1.57-3.16-1.98-.84-.29-1.72-.43-2.63-.43Z\"><\/path><path class=\"cls-2\" d=\"M88.17,72.04l4.68,4.68s.03-.03.04-.02c2.25,2.25,5.03-.53,2.78-2.78-.01-.01,0-.04.02-.05-1.41-1.41-2.83-2.83-4.24-4.24l-3.28,2.41Z\"><\/path><g><path class=\"cls-2\" d=\"M69.77,87.63c-1.25,0-2.26-1.01-2.26-2.26v-35.05c0-.46.37-.83.83-.83s.83.37.83.83v35.05c0,.33.27.59.59.59h32.35c.1,0,.17-.05.2-.08.03-.03.08-.1.08-.2v-44.37c0-.15-.13-.28-.28-.28h-23.66c-.46,0-.83-.37-.83-.83s.37-.83.83-.83h23.66c1.07,0,1.95.87,1.95,1.95v44.37c0,.52-.2,1.01-.57,1.38-.37.37-.86.57-1.38.57h-32.35Z\"><\/path><path class=\"cls-2\" d=\"M68.35,51.15c-.34,0-.64-.2-.77-.51-.13-.31-.06-.67.18-.91l10.12-10.12c.24-.24.6-.31.91-.18.31.13.52.43.52.77v10.12c0,.46-.37.83-.83.83h-10.12ZM77.63,42.21l-7.27,7.27h7.27s0-7.27,0-7.27Z\"><\/path><\/g><\/g><\/svg>\t\t\t<\/div>\n\t\t<\/div>\n\t\t\t\t\t\t<\/div>\n\t\t\t\t<\/div>\n\t\t\t\t\t<\/div>\n\t\t<\/div>\n\t\t\t\t<div class=\"elementor-column elementor-col-50 elementor-top-column elementor-element elementor-element-a4a82f5\" data-id=\"a4a82f5\" data-element_type=\"column\" data-e-type=\"column\">\n\t\t\t<div class=\"elementor-widget-wrap elementor-element-populated\">\n\t\t\t\t\t\t<div class=\"elementor-element elementor-element-951910b elementor-widget__width-initial elementor-widget elementor-widget-back-core-heading\" data-id=\"951910b\" data-element_type=\"widget\" data-e-type=\"widget\" data-widget_type=\"back-core-heading.default\">\n\t\t\t\t<div class=\"elementor-widget-container\">\n\t\t\t\t\t        <div class=\"back-heading default left \">\r\n            <div class=\"title-inner\">        \t\t      \t\t\r\n\t            <span class=\"sub-text \">Art\u00edculo 10. Numeral 27:<\/span><h2 class=\"title\"><span class=\"watermark\"><\/span>\u00cdndice de informaci\u00f3n debidamente clasificada<\/h2>\t        <\/div>\r\n\t                    \t<div class=\"description\">\r\n            \t\tEl \u00edndice de la informaci\u00f3n debidamente clasificada de acuerdo a esta ley.            \t\t\r\n            \t<\/div>\r\n        \t        <\/div>\r\n\r\n        \t\t\t\t<\/div>\n\t\t\t\t<\/div>\n\t\t\t\t\t<\/div>\n\t\t<\/div>\n\t\t\t\t\t<\/div>\n\t\t<\/section>\n\t\t\t\t<section class=\"elementor-section elementor-top-section elementor-element elementor-element-bd17bc1 elementor-section-stretched elementor-section-full_width elementor-section-height-default elementor-section-height-default\" data-id=\"bd17bc1\" data-element_type=\"section\" data-e-type=\"section\" data-settings=\"{&quot;stretch_section&quot;:&quot;section-stretched&quot;}\">\n\t\t\t\t\t\t<div class=\"elementor-container elementor-column-gap-default\">\n\t\t\t\t\t<div class=\"elementor-column elementor-col-100 elementor-top-column elementor-element elementor-element-fe6d951\" data-id=\"fe6d951\" data-element_type=\"column\" data-e-type=\"column\">\n\t\t\t<div class=\"elementor-widget-wrap elementor-element-populated\">\n\t\t\t\t\t\t<section class=\"elementor-section elementor-inner-section elementor-element elementor-element-32be198 elementor-section-boxed elementor-section-height-default elementor-section-height-default\" data-id=\"32be198\" data-element_type=\"section\" data-e-type=\"section\">\n\t\t\t\t\t\t<div class=\"elementor-container elementor-column-gap-default\">\n\t\t\t\t\t<div class=\"elementor-column elementor-col-33 elementor-inner-column elementor-element elementor-element-3ec9d5e\" data-id=\"3ec9d5e\" data-element_type=\"column\" data-e-type=\"column\">\n\t\t\t<div class=\"elementor-widget-wrap\">\n\t\t\t\t\t\t\t<\/div>\n\t\t<\/div>\n\t\t\t\t<div class=\"elementor-column elementor-col-33 elementor-inner-column elementor-element elementor-element-c665231\" data-id=\"c665231\" data-element_type=\"column\" data-e-type=\"column\">\n\t\t\t<div class=\"elementor-widget-wrap elementor-element-populated\">\n\t\t\t\t<div class=\"elementor-element elementor-element-3efc38f e-grid e-con-boxed e-con e-parent\" data-id=\"3efc38f\" data-element_type=\"container\" data-e-type=\"container\">\n\t\t\t\t\t<div class=\"e-con-inner\">\n\t\t\t\t<div class=\"elementor-element elementor-element-5300f89 elementor-widget__width-initial elementor-widget elementor-widget-back-core-heading\" data-id=\"5300f89\" data-element_type=\"widget\" data-e-type=\"widget\" data-widget_type=\"back-core-heading.default\">\n\t\t\t\t<div class=\"elementor-widget-container\">\n\t\t\t\t\t        <div class=\"back-heading default center \">\r\n            <div class=\"title-inner\">        \t\t      \t\t\r\n\t            <h2 class=\"title\"><span class=\"watermark\"><\/span>Informaci\u00f3n Confidencial<\/h2>\t        <\/div>\r\n\t                <\/div>\r\n\r\n        \t\t\t\t<\/div>\n\t\t\t\t<\/div>\n\t\t\t\t<div class=\"elementor-element elementor-element-dbda1b1 elementor-widget__width-initial elementor-widget elementor-widget-back-core-heading\" data-id=\"dbda1b1\" data-element_type=\"widget\" data-e-type=\"widget\" data-widget_type=\"back-core-heading.default\">\n\t\t\t\t<div class=\"elementor-widget-container\">\n\t\t\t\t\t        <div class=\"back-heading default left \">\r\n            <div class=\"title-inner\">        \t\t      \t\t\r\n\t            \t        <\/div>\r\n\t                    \t<div class=\"description\">\r\n            \t\t<p>Con relaci\u00f3n a informaci\u00f3n confidencial se atiende a lo estipulado en la Ley de Acceso a la Informaci\u00f3n P\u00fablica:<\/p>            \t\t\r\n            \t<\/div>\r\n        \t        <\/div>\r\n\r\n        \t\t\t\t<\/div>\n\t\t\t\t<\/div>\n\t\t\t\t<div class=\"elementor-element elementor-element-e5dd991 elementor-widget__width-initial elementor-widget elementor-widget-back-core-heading\" data-id=\"e5dd991\" data-element_type=\"widget\" data-e-type=\"widget\" data-widget_type=\"back-core-heading.default\">\n\t\t\t\t<div class=\"elementor-widget-container\">\n\t\t\t\t\t        <div class=\"back-heading default left \">\r\n            <div class=\"title-inner\">        \t\t      \t\t\r\n\t            <h2 class=\"title\"><span class=\"watermark\"><\/span>Art\u00edculo 21. <\/h2>\t        <\/div>\r\n\t                    \t<div class=\"description\">\r\n            \t\tL\u00edmites del derecho de acceso a la informaci\u00f3n. El acceso a la informaci\u00f3n p\u00fablica ser\u00e1 limitado de acuerdo a lo establecido en la Constituci\u00f3n Pol\u00edtica de la Rep\u00fablica de Guatemala, la que por disposici\u00f3n expresa de una ley sea considerada confidencial \/...\/            \t\t\r\n            \t<\/div>\r\n        \t        <\/div>\r\n\r\n        \t\t\t\t<\/div>\n\t\t\t\t<\/div>\n\t\t\t\t<div class=\"elementor-element elementor-element-4543655 elementor-widget__width-initial elementor-widget elementor-widget-back-core-heading\" data-id=\"4543655\" data-element_type=\"widget\" data-e-type=\"widget\" data-widget_type=\"back-core-heading.default\">\n\t\t\t\t<div class=\"elementor-widget-container\">\n\t\t\t\t\t        <div class=\"back-heading default left \">\r\n            <div class=\"title-inner\">        \t\t      \t\t\r\n\t            <h2 class=\"title\"><span class=\"watermark\"><\/span>Art\u00edculo 22. <\/h2>\t        <\/div>\r\n\t                    \t<div class=\"description\">\r\n            \t\t<p><strong>Informaci\u00f3n confidencial. Para los efectos de esta ley se considera informaci\u00f3n confidencial la siguiente:<\/strong><br \/>\/...\/<br \/>4. La que por disposici\u00f3n expresa de una ley sea considerada como confidencial;<br \/>5. Los datos sensibles o personales sensibles, que solo podr\u00e1n ser conocidos por el titular del derecho;<br \/>6. La informaci\u00f3n de particulares recibida por el sujeto obligado bajo garant\u00eda de confidencia.<br \/>\/...\/.<\/p>            \t\t\r\n            \t<\/div>\r\n        \t        <\/div>\r\n\r\n        \t\t\t\t<\/div>\n\t\t\t\t<\/div>\n\t\t\t\t<div class=\"elementor-element elementor-element-8e08700 elementor-widget__width-initial elementor-widget elementor-widget-back-core-heading\" data-id=\"8e08700\" data-element_type=\"widget\" data-e-type=\"widget\" data-widget_type=\"back-core-heading.default\">\n\t\t\t\t<div class=\"elementor-widget-container\">\n\t\t\t\t\t        <div class=\"back-heading default left \">\r\n            <div class=\"title-inner\">        \t\t      \t\t\r\n\t            <h2 class=\"title\"><span class=\"watermark\"><\/span>H\u00e1beas Data y Datos Sensibles o Datos Personales Sensibles<\/h2>\t        <\/div>\r\n\t                    \t<div class=\"description\">\r\n            \t\t<p>El Consejo Econ\u00f3mico y Social de Guatemala no ha emitido disposiciones para clasificar informaci\u00f3n en su poder como reservada de acuerdo con el procedimiento establecido en el Art\u00edculo 9, numeral 2; art\u00edculo 22, numeral 5; y art\u00edculos 30, 31, 32, 33, 34 y 35. del Decreto 57-2008 del Congreso de la Rep\u00fablica de Guatemala, Ley de Acceso a la Informaci\u00f3n P\u00fablica.<\/p>            \t\t\r\n            \t<\/div>\r\n        \t        <\/div>\r\n\r\n        \t\t\t\t<\/div>\n\t\t\t\t<\/div>\n\t\t\t\t\t<\/div>\n\t\t\t\t<\/div>\n\t\t\t\t\t<\/div>\n\t\t<\/div>\n\t\t\t\t<div class=\"elementor-column elementor-col-33 elementor-inner-column elementor-element elementor-element-b1eaf43\" data-id=\"b1eaf43\" data-element_type=\"column\" data-e-type=\"column\">\n\t\t\t<div class=\"elementor-widget-wrap\">\n\t\t\t\t\t\t\t<\/div>\n\t\t<\/div>\n\t\t\t\t\t<\/div>\n\t\t<\/section>\n\t\t\t\t\t<\/div>\n\t\t<\/div>\n\t\t\t\t\t<\/div>\n\t\t<\/section>\n\t\t\t\t<\/div>\n\t\t","protected":false},"excerpt":{"rendered":"<p>27 Art\u00edculo 10. Numeral 27: \u00cdndice de informaci\u00f3n debidamente clasificada El \u00edndice de la informaci\u00f3n debidamente clasificada de acuerdo a esta ley. Informaci\u00f3n Confidencial Con relaci\u00f3n a informaci\u00f3n confidencial se atiende a lo estipulado en la Ley de Acceso a la Informaci\u00f3n P\u00fablica: Art\u00edculo 21. L\u00edmites del derecho de acceso a la informaci\u00f3n. El acceso&#8230;<\/p>\n","protected":false},"author":1,"featured_media":0,"parent":4734,"menu_order":0,"comment_status":"closed","ping_status":"closed","template":"elementor_header_footer","meta":{"footnotes":""},"class_list":["post-6858","page","type-page","status-publish","hentry"],"_links":{"self":[{"href":"https:\/\/ces.gob.gt\/index.php\/wp-json\/wp\/v2\/pages\/6858","targetHints":{"allow":["GET"]}}],"collection":[{"href":"https:\/\/ces.gob.gt\/index.php\/wp-json\/wp\/v2\/pages"}],"about":[{"href":"https:\/\/ces.gob.gt\/index.php\/wp-json\/wp\/v2\/types\/page"}],"author":[{"embeddable":true,"href":"https:\/\/ces.gob.gt\/index.php\/wp-json\/wp\/v2\/users\/1"}],"replies":[{"embeddable":true,"href":"https:\/\/ces.gob.gt\/index.php\/wp-json\/wp\/v2\/comments?post=6858"}],"version-history":[{"count":11,"href":"https:\/\/ces.gob.gt\/index.php\/wp-json\/wp\/v2\/pages\/6858\/revisions"}],"predecessor-version":[{"id":13162,"href":"https:\/\/ces.gob.gt\/index.php\/wp-json\/wp\/v2\/pages\/6858\/revisions\/13162"}],"up":[{"embeddable":true,"href":"https:\/\/ces.gob.gt\/index.php\/wp-json\/wp\/v2\/pages\/4734"}],"wp:attachment":[{"href":"https:\/\/ces.gob.gt\/index.php\/wp-json\/wp\/v2\/media?parent=6858"}],"curies":[{"name":"wp","href":"https:\/\/api.w.org\/{rel}","templated":true}]}}